{"id":34401,"date":"2025-06-17T14:19:44","date_gmt":"2025-06-17T14:19:44","guid":{"rendered":"https:\/\/mps.digital-monkey.in\/product\/yanmar-121450-44411-dichtung-thermostatgehaeuse\/"},"modified":"2026-03-01T12:01:37","modified_gmt":"2026-03-01T12:01:37","slug":"yanmar-121450-44411-dichtung-thermostatgehaeuse","status":"publish","type":"product","link":"https:\/\/mps.digital-monkey.in\/de\/produkt\/yanmar-121450-44411-dichtung-thermostatgehaeuse\/","title":{"rendered":"Yanmar 121450-44411 Dichtung Thermostatgeh\u00e4use"},"content":{"rendered":"<p>Dichtung des Thermostatgeh\u00e4uses oder der K\u00fchlwasserpumpe des 2GM20 (F) und 3GM30 (F).<\/p>\n<p>Die Dichtung wird sowohl bei den einfach als auch bei den doppelt gek\u00fchlten 2- und 3-Zylindern der GM-Serie verwendet.<\/p>\n<p>Diese Dichtung passt zu den folgenden Motoren.<\/p>\n<p>Yanmar 2GM, Yanmar 2GM20, Yanmar 2GM20 EU, Yanmar 2GM20F (Doppelk\u00fchlung), Yanmar 2GM20F EU (Doppelk\u00fchlung) Yanmar 3GM, Yanmar 3GM30, Yanmar 3GM30 EU, Yanmar 3GM30F (Doppelk\u00fchlung), Yanmar 3GM30F EU (Doppelk\u00fchlung)<\/p>\n","protected":false},"excerpt":{"rendered":"<p>Dichtung des Thermostatgeh\u00e4uses oder der K\u00fchlwasserpumpe des 2GM20 (F) und 3GM30 (F). Die Dichtung wird sowohl bei den einfach als auch bei den doppelt gek\u00fchlten 2- und 3-Zylindern der GM-Serie verwendet. Diese Dichtung passt zu den folgenden Motoren. Yanmar 2GM, Yanmar 2GM20, Yanmar 2GM20 EU, Yanmar 2GM20F (Doppelk\u00fchlung), Yanmar 2GM20F EU (Doppelk\u00fchlung) Yanmar 3GM, Yanmar [&hellip;]<\/p>\n","protected":false},"featured_media":34402,"comment_status":"open","ping_status":"closed","template":"","meta":[],"product_brand":[4236],"product_cat":[4442,4443,2498,3038,4441],"product_tag":[],"class_list":{"0":"post-34401","1":"product","2":"type-product","3":"status-publish","4":"has-post-thumbnail","6":"product_brand-yanmar","7":"product_cat-2gm-2gm20-teile","8":"product_cat-3gm-3gm30-teile","9":"product_cat-ersatzteile-fur-motoren","10":"product_cat-motor-dichtungen","11":"product_cat-yanmar","12":"pa_condition-neu","13":"pa_model-2gm","14":"pa_model-2gm20","15":"pa_model-2gm20f","16":"pa_model-3gm","17":"pa_model-3gm30","18":"pa_model-3gm30f","19":"pa_oem-or-aftermarket-aftermarket","21":"first","22":"instock","23":"taxable","24":"shipping-taxable","25":"purchasable","26":"product-type-simple"},"supplier_id":null,"supplier_sku":"","barcode":null,"atum_controlled":true,"out_stock_date":null,"out_stock_threshold":null,"inheritable":false,"inbound_stock":0,"stock_on_hold":1,"sold_today":0,"sales_last_days":1,"reserved_stock":0,"customer_returns":0,"warehouse_damage":0,"lost_in_post":0,"other_logs":0,"out_stock_days":0,"lost_sales":0,"has_location":false,"update_date":"2026-03-02T15:21:45","atum_locations":[],"atum_stock_status":"instock","restock_status":true,"low_stock_amount":1,"sales_update_date":"2026-03-02T15:21:45","calc_backorders":0,"_links":{"self":[{"href":"https:\/\/mps.digital-monkey.in\/de\/wp-json\/wp\/v2\/product\/34401","targetHints":{"allow":["GET"]}}],"collection":[{"href":"https:\/\/mps.digital-monkey.in\/de\/wp-json\/wp\/v2\/product"}],"about":[{"href":"https:\/\/mps.digital-monkey.in\/de\/wp-json\/wp\/v2\/types\/product"}],"replies":[{"embeddable":true,"href":"https:\/\/mps.digital-monkey.in\/de\/wp-json\/wp\/v2\/comments?post=34401"}],"wp:featuredmedia":[{"embeddable":true,"href":"https:\/\/mps.digital-monkey.in\/de\/wp-json\/wp\/v2\/media\/34402"}],"wp:attachment":[{"href":"https:\/\/mps.digital-monkey.in\/de\/wp-json\/wp\/v2\/media?parent=34401"}],"wp:term":[{"taxonomy":"product_brand","embeddable":true,"href":"https:\/\/mps.digital-monkey.in\/de\/wp-json\/wp\/v2\/product_brand?post=34401"},{"taxonomy":"product_cat","embeddable":true,"href":"https:\/\/mps.digital-monkey.in\/de\/wp-json\/wp\/v2\/product_cat?post=34401"},{"taxonomy":"product_tag","embeddable":true,"href":"https:\/\/mps.digital-monkey.in\/de\/wp-json\/wp\/v2\/product_tag?post=34401"}],"curies":[{"name":"wp","href":"https:\/\/api.w.org\/{rel}","templated":true}]}}