{"id":34530,"date":"2025-06-17T13:53:42","date_gmt":"2025-06-17T13:53:42","guid":{"rendered":"https:\/\/mps.digital-monkey.in\/product\/thermostat-volvo-penta-3587597\/"},"modified":"2025-06-17T13:53:42","modified_gmt":"2025-06-17T13:53:42","slug":"thermostat-volvo-penta-3587597","status":"publish","type":"product","link":"https:\/\/mps.digital-monkey.in\/de\/product\/thermostat-volvo-penta-3587597\/","title":{"rendered":"Thermostat Volvo Penta 3587597"},"content":{"rendered":"<p><strong>Thermostat f\u00fcr Volvo Penta V6 \/ V8 Ottomotoren &#8211; 3587597<\/strong><\/p>\n<p>Dieses <strong>OEM-Thermostat von Volvo Penta (Teilenummer 3587597)<\/strong> ist f\u00fcr eine breite Palette von V6- und V8-Benzinmotoren geeignet. Es spielt eine wichtige Rolle bei der Regulierung der Motortemperatur, sorgt f\u00fcr optimale Leistung und sch\u00fctzt vor \u00dcberhitzung unter maritimen Betriebsbedingungen. <\/p>\n<p><strong>Geeignet f\u00fcr Volvo Penta Motormodelle:<\/strong><\/p>\n<p><strong>Serie V6:<\/strong><br \/>\n4.3Gi-200-R, 4.3GL-B\/C\/D\/E\/EF\/G\/GF\/J\/JF\/P<br \/>\n4.3GXi-225-R, 4.3GXi-B\/C\/CF\/D\/DF\/EF\/F\/FF\/GF\/J\/JF\/P\/Q<br \/>\n4.3GXiE-225-R, 4.3GXiE-M\/P\/Q<br \/>\n4.3OSi-B\/C\/D\/E\/F\/FF\/GF\/J\/JF<br \/>\nV6-200-A, V6-225-A, V6-225-E-A<\/p>\n<p><strong>Serie V8:<\/strong><br \/>\n5.0GiC-225-S, 5.0GiCE-225-S, 5.0GiC-J<br \/>\n5.0GL-C\/D\/E\/F\/FF\/H\/HF\/J\/JF<br \/>\n5.0GXi-270-R, 5.0GXi-B\/C\/CF\/D\/DF\/E\/EF\/F\/FF\/G\/GF\/J\/JF\/N\/P<br \/>\n5.0GXiCE-270-R, 5.0GXiCE-J\/JF\/M\/MF\/P<br \/>\n5.0OSi-B\/C\/CF\/D\/DF\/E\/EF\/F\/FF\/G\/GF\/J\/JF<br \/>\n5.0OSiE-J\/JF<\/p>\n<p>5.7Gi-300-J\/JF\/N\/P\/R, 5.7Gi-B\/C\/CF\/D\/DF\/E\/EF\/F\/FF\/G\/GF<br \/>\n5.7GiC-300-J\/JF\/P\/R<br \/>\n5.7GiCE-300-J\/JF\/M\/MF\/P\/R<br \/>\n5.7GiE-300-J\/JF\/K\/KF\/M\/N\/P\/R<br \/>\n5.7GiI-B\/C\/D\/E\/F\/G<br \/>\n5.7GL-C\/D\/E<br \/>\n5.7GXi-320-R, 5.7GXi-C\/CF\/D\/DF\/E\/EF\/F\/FF\/G\/GF\/H\/HF\/J\/JF\/N\/P<br \/>\n5.7GXiC-320-R, 5.7GXiC-J\/JF\/P<br \/>\n5.7GXiCE-320-R, 5.7GXiCE-J\/JF\/M\/P<br \/>\n5.7GXiE-320-R, 5.7GXiE-J\/JF\/K\/KF\/M\/MF\/N\/P<br \/>\n5.7GXiI-C\/D\/E\/F\/G\/H<br \/>\n5.7OSi-300-J\/JF, 5.7OSi-A\/B\/BF\/C\/CF\/D\/DF\/E\/EF\/G\/GF<br \/>\n5.7OSiE-300-J\/JF, 5.7OSXi-A\/B\/BF\/C\/CF\/D\/DF\/E\/EF\/G\/GF\/JF<\/p>\n<p><strong>V8 Performance Serie:<\/strong><br \/>\nV8-225-C-A\/B, V8-225-CE-A\/B<br \/>\nV8-270-A\/B, V8-270-C-A\/B, V8-270-CE-A\/B, V8-270-E-A\/B<br \/>\nV8-300-A\/B, V8-300-C-A\/B, V8-300-CE-A\/B, V8-300-E-A\/B<br \/>\nV8-320-A\/B, V8-320-C-A\/B, V8-320-CE-A\/B, V8-320-E-A\/B<\/p>\n<hr>\n<p><strong>Wichtige Merkmale:<\/strong><\/p>\n<ul>\n<li>\n<p>Original Volvo Penta Thermostat &#8211; Teile-Nr. 3587597<\/p>\n<\/li>\n<li>\n<p>Entwickelt f\u00fcr eine breite Palette von V6- und V8-Benzinmotoren<\/p>\n<\/li>\n<li>\n<p>Sorgt f\u00fcr die richtige Regulierung der Motortemperatur<\/p>\n<\/li>\n<li>\n<p>Langlebigkeit in Marinequalit\u00e4t f\u00fcr optimale Leistung<\/p>\n<\/li>\n<\/ul>\n<p>???? <strong>Teilenummer:<\/strong> 3587597<br \/>\n????\ufe0f <strong>Typ:<\/strong> OEM Volvo Penta Thermostat<br \/>\n???? <strong>Enth\u00e4lt:<\/strong> Nur Thermostateinheit<\/p>\n<hr>\n","protected":false},"excerpt":{"rendered":"<p>Thermostat f\u00fcr Volvo Penta V6 \/ V8 Ottomotoren &#8211; 3587597 Dieses OEM-Thermostat von Volvo Penta (Teilenummer 3587597) ist f\u00fcr eine breite Palette von V6- und V8-Benzinmotoren geeignet. Es spielt eine wichtige Rolle bei der Regulierung der Motortemperatur, sorgt f\u00fcr optimale Leistung und sch\u00fctzt vor \u00dcberhitzung unter maritimen Betriebsbedingungen. Geeignet f\u00fcr Volvo Penta Motormodelle: Serie V6: [&hellip;]<\/p>\n","protected":false},"featured_media":25005,"comment_status":"open","ping_status":"closed","template":"","meta":[],"product_brand":[4230],"product_cat":[2498,3294,4526],"product_tag":[],"class_list":{"0":"post-34530","1":"product","2":"type-product","3":"status-publish","4":"has-post-thumbnail","6":"product_brand-volvo-penta","7":"product_cat-ersatzteile-fur-motoren","8":"product_cat-thermostate","9":"product_cat-volvo-penta-service-teile","11":"first","12":"onbackorder","13":"taxable","14":"shipping-taxable","15":"purchasable","16":"product-type-simple"},"supplier_id":null,"supplier_sku":"","barcode":null,"atum_controlled":true,"out_stock_date":"2025-11-21 12:53:27","out_stock_threshold":null,"inheritable":false,"inbound_stock":null,"stock_on_hold":0,"sold_today":0,"sales_last_days":0,"reserved_stock":null,"customer_returns":null,"warehouse_damage":null,"lost_in_post":null,"other_logs":null,"out_stock_days":0,"lost_sales":0,"has_location":null,"update_date":"2025-11-21T12:56:56","atum_locations":[],"atum_stock_status":"onbackorder","restock_status":false,"low_stock_amount":"","sales_update_date":"2025-08-29T00:00:39","calc_backorders":0,"_links":{"self":[{"href":"https:\/\/mps.digital-monkey.in\/de\/wp-json\/wp\/v2\/product\/34530","targetHints":{"allow":["GET"]}}],"collection":[{"href":"https:\/\/mps.digital-monkey.in\/de\/wp-json\/wp\/v2\/product"}],"about":[{"href":"https:\/\/mps.digital-monkey.in\/de\/wp-json\/wp\/v2\/types\/product"}],"replies":[{"embeddable":true,"href":"https:\/\/mps.digital-monkey.in\/de\/wp-json\/wp\/v2\/comments?post=34530"}],"wp:featuredmedia":[{"embeddable":true,"href":"https:\/\/mps.digital-monkey.in\/de\/wp-json\/wp\/v2\/media\/25005"}],"wp:attachment":[{"href":"https:\/\/mps.digital-monkey.in\/de\/wp-json\/wp\/v2\/media?parent=34530"}],"wp:term":[{"taxonomy":"product_brand","embeddable":true,"href":"https:\/\/mps.digital-monkey.in\/de\/wp-json\/wp\/v2\/product_brand?post=34530"},{"taxonomy":"product_cat","embeddable":true,"href":"https:\/\/mps.digital-monkey.in\/de\/wp-json\/wp\/v2\/product_cat?post=34530"},{"taxonomy":"product_tag","embeddable":true,"href":"https:\/\/mps.digital-monkey.in\/de\/wp-json\/wp\/v2\/product_tag?post=34530"}],"curies":[{"name":"wp","href":"https:\/\/api.w.org\/{rel}","templated":true}]}}