{"id":34551,"date":"2025-06-17T13:54:08","date_gmt":"2025-06-17T13:54:08","guid":{"rendered":"https:\/\/mps.digital-monkey.in\/product\/anlasser-volvo-penta-833669-833031-3803073\/"},"modified":"2025-10-29T10:50:50","modified_gmt":"2025-10-29T10:50:50","slug":"anlasser-volvo-penta-833669-833031-3803073","status":"publish","type":"product","link":"https:\/\/mps.digital-monkey.in\/de\/product\/anlasser-volvo-penta-833669-833031-3803073\/","title":{"rendered":"Anlasser Volvo Penta 833669 &#8211; 833031 &#8211; 3803073"},"content":{"rendered":"<p><strong>Spezifikationen:<\/strong><\/p>\n<p>Leistung des Anlassers (kW): 2.0<br \/>\nSpannung (Volt): 12<br \/>\nAnzahl der Z\u00e4hne: 11<br \/>\nDrehrichtung: Gegen den Uhrzeigersinn<br \/>\nAnzahl der Befestigungsl\u00f6cher: 2<br \/>\nFlansch-\u00d8 [mm]: 82.5<br \/>\nAnschluss: B+ (M8)<br \/>\nMontagewinkel [Grad]: +45<\/p>\n<p><strong> <\/strong><\/p>\n<p><strong>F\u00fcr:<\/strong><\/p>\n<p>MD17, MD17C, MD17D, MD7, MD7A, MD7B, MD5, MD5A, MD5B, MD5C, MD11, MD11C, MD11D, MD3, MD3B, MD2, MD2B<\/p>\n<p><strong> <\/strong><\/p>\n<p><strong>Aftermarket Teil<\/strong><\/p>\n","protected":false},"excerpt":{"rendered":"<p>Spezifikationen: Leistung des Anlassers (kW): 2.0 Spannung (Volt): 12 Anzahl der Z\u00e4hne: 11 Drehrichtung: Gegen den Uhrzeigersinn Anzahl der Befestigungsl\u00f6cher: 2 Flansch-\u00d8 [mm]: 82.5 Anschluss: B+ (M8) Montagewinkel [Grad]: +45 F\u00fcr: MD17, MD17C, MD17D, MD7, MD7A, MD7B, MD5, MD5A, MD5B, MD5C, MD11, MD11C, MD11D, MD3, MD3B, MD2, MD2B Aftermarket Teil<\/p>\n","protected":false},"featured_media":34552,"comment_status":"open","ping_status":"closed","template":"","meta":[],"product_brand":[4230],"product_cat":[2533,2498,2532,2711,4308,4309,4366,4369,4350,4353,4357,4363],"product_tag":[],"class_list":{"0":"post-34551","1":"product","2":"type-product","3":"status-publish","4":"has-post-thumbnail","6":"product_brand-volvo-penta","7":"product_cat-elektrische-systeme","8":"product_cat-ersatzteile-fur-motoren","9":"product_cat-motorenteile","10":"product_cat-starter-motoren","11":"product_cat-volvo-penta","12":"product_cat-volvo-penta-md-serie","13":"product_cat-volvo-penta-md11","14":"product_cat-volvo-penta-md17","15":"product_cat-volvo-penta-md2","16":"product_cat-volvo-penta-md3","17":"product_cat-volvo-penta-md5","18":"product_cat-volvo-penta-md7","20":"first","21":"instock","22":"taxable","23":"shipping-taxable","24":"purchasable","25":"product-type-simple"},"supplier_id":null,"supplier_sku":"","barcode":null,"atum_controlled":true,"out_stock_date":null,"out_stock_threshold":null,"inheritable":false,"inbound_stock":0,"stock_on_hold":0,"sold_today":0,"sales_last_days":0,"reserved_stock":0,"customer_returns":0,"warehouse_damage":0,"lost_in_post":0,"other_logs":0,"out_stock_days":0,"lost_sales":0,"has_location":false,"update_date":"2025-10-29T11:13:16","atum_locations":[],"atum_stock_status":"instock","restock_status":false,"low_stock_amount":1,"sales_update_date":"2025-09-23T17:24:52","calc_backorders":0,"_links":{"self":[{"href":"https:\/\/mps.digital-monkey.in\/de\/wp-json\/wp\/v2\/product\/34551","targetHints":{"allow":["GET"]}}],"collection":[{"href":"https:\/\/mps.digital-monkey.in\/de\/wp-json\/wp\/v2\/product"}],"about":[{"href":"https:\/\/mps.digital-monkey.in\/de\/wp-json\/wp\/v2\/types\/product"}],"replies":[{"embeddable":true,"href":"https:\/\/mps.digital-monkey.in\/de\/wp-json\/wp\/v2\/comments?post=34551"}],"wp:featuredmedia":[{"embeddable":true,"href":"https:\/\/mps.digital-monkey.in\/de\/wp-json\/wp\/v2\/media\/34552"}],"wp:attachment":[{"href":"https:\/\/mps.digital-monkey.in\/de\/wp-json\/wp\/v2\/media?parent=34551"}],"wp:term":[{"taxonomy":"product_brand","embeddable":true,"href":"https:\/\/mps.digital-monkey.in\/de\/wp-json\/wp\/v2\/product_brand?post=34551"},{"taxonomy":"product_cat","embeddable":true,"href":"https:\/\/mps.digital-monkey.in\/de\/wp-json\/wp\/v2\/product_cat?post=34551"},{"taxonomy":"product_tag","embeddable":true,"href":"https:\/\/mps.digital-monkey.in\/de\/wp-json\/wp\/v2\/product_tag?post=34551"}],"curies":[{"name":"wp","href":"https:\/\/api.w.org\/{rel}","templated":true}]}}