{"id":34586,"date":"2025-06-17T13:54:33","date_gmt":"2025-06-17T13:54:33","guid":{"rendered":"https:\/\/mps.digital-monkey.in\/product\/volvo-omc-schiebehuelse-3807613-3852293-3855783-814601\/"},"modified":"2025-06-17T13:54:33","modified_gmt":"2025-06-17T13:54:33","slug":"volvo-omc-schiebehuelse-3807613-3852293-3855783-814601","status":"publish","type":"product","link":"https:\/\/mps.digital-monkey.in\/de\/product\/volvo-omc-schiebehuelse-3807613-3852293-3855783-814601\/","title":{"rendered":"Volvo\/OMC Schiebeh\u00fclse (3807613, 3852293, 3855783, 814601)"},"content":{"rendered":"<p>Volvo\/OMC Schiebeh\u00fclse (3807613, 3852293, 3855783, 814601)<\/p>\n<p>Volvo SX Antriebswellengeh\u00e4use Komponenten<br \/>\nVolvo Oberes Geh\u00e4use (alter Typ)<br \/>\nVolvo Oberes Geh\u00e4use (neuer Typ)<br \/>\nVolvo XDP Getriebegeh\u00e4use Komponenten<br \/>\nVolvo SX-A, FWD, DPS-A, DPS-B Oberes Geh\u00e4use Komponenten<br \/>\nVolvo DP-G, DPX-A Oberes Geh\u00e4use Komponenten<\/p>\n<p> USED<\/p>\n","protected":false},"excerpt":{"rendered":"<p>Volvo\/OMC Schiebeh\u00fclse (3807613, 3852293, 3855783, 814601) Volvo SX Antriebswellengeh\u00e4use Komponenten Volvo Oberes Geh\u00e4use (alter Typ) Volvo Oberes Geh\u00e4use (neuer Typ) Volvo XDP Getriebegeh\u00e4use Komponenten Volvo SX-A, FWD, DPS-A, DPS-B Oberes Geh\u00e4use Komponenten Volvo DP-G, DPX-A Oberes Geh\u00e4use Komponenten USED<\/p>\n","protected":false},"featured_media":34587,"comment_status":"open","ping_status":"closed","template":"","meta":[],"product_brand":[4230],"product_cat":[2498,4496],"product_tag":[2930],"class_list":{"0":"post-34586","1":"product","2":"type-product","3":"status-publish","4":"has-post-thumbnail","6":"product_brand-volvo-penta","7":"product_cat-ersatzteile-fur-motoren","8":"product_cat-gebrauchte-volvo-penta-teile-kaufen","9":"product_tag-gebraucht-2","11":"first","12":"instock","13":"taxable","14":"shipping-taxable","15":"purchasable","16":"product-type-simple"},"supplier_id":null,"supplier_sku":"","barcode":null,"atum_controlled":true,"out_stock_date":null,"out_stock_threshold":null,"inheritable":false,"inbound_stock":null,"stock_on_hold":0,"sold_today":0,"sales_last_days":0,"reserved_stock":null,"customer_returns":null,"warehouse_damage":null,"lost_in_post":null,"other_logs":null,"out_stock_days":0,"lost_sales":0,"has_location":null,"update_date":"2025-11-04T10:49:59","atum_locations":[],"atum_stock_status":"instock","restock_status":false,"low_stock_amount":1,"sales_update_date":"2025-08-29T00:00:35","calc_backorders":null,"_links":{"self":[{"href":"https:\/\/mps.digital-monkey.in\/de\/wp-json\/wp\/v2\/product\/34586","targetHints":{"allow":["GET"]}}],"collection":[{"href":"https:\/\/mps.digital-monkey.in\/de\/wp-json\/wp\/v2\/product"}],"about":[{"href":"https:\/\/mps.digital-monkey.in\/de\/wp-json\/wp\/v2\/types\/product"}],"replies":[{"embeddable":true,"href":"https:\/\/mps.digital-monkey.in\/de\/wp-json\/wp\/v2\/comments?post=34586"}],"wp:featuredmedia":[{"embeddable":true,"href":"https:\/\/mps.digital-monkey.in\/de\/wp-json\/wp\/v2\/media\/34587"}],"wp:attachment":[{"href":"https:\/\/mps.digital-monkey.in\/de\/wp-json\/wp\/v2\/media?parent=34586"}],"wp:term":[{"taxonomy":"product_brand","embeddable":true,"href":"https:\/\/mps.digital-monkey.in\/de\/wp-json\/wp\/v2\/product_brand?post=34586"},{"taxonomy":"product_cat","embeddable":true,"href":"https:\/\/mps.digital-monkey.in\/de\/wp-json\/wp\/v2\/product_cat?post=34586"},{"taxonomy":"product_tag","embeddable":true,"href":"https:\/\/mps.digital-monkey.in\/de\/wp-json\/wp\/v2\/product_tag?post=34586"}],"curies":[{"name":"wp","href":"https:\/\/api.w.org\/{rel}","templated":true}]}}