{"id":34643,"date":"2025-06-17T13:55:28","date_gmt":"2025-06-17T13:55:28","guid":{"rendered":"https:\/\/mps.digital-monkey.in\/product\/rueckwand-schwungradgehaeuse-volvo-penta-3818600\/"},"modified":"2025-11-17T19:37:07","modified_gmt":"2025-11-17T19:37:07","slug":"rueckwand-schwungradgehaeuse-volvo-penta-3818600","status":"publish","type":"product","link":"https:\/\/mps.digital-monkey.in\/de\/product\/rueckwand-schwungradgehaeuse-volvo-penta-3818600\/","title":{"rendered":"R\u00fcckwand Schwungradgeh\u00e4use Volvo Penta 3818600"},"content":{"rendered":"<p>R\u00fcckwand Schwungradgeh\u00e4use Volvo Penta 3818600<\/p>\n<p>Gebrauchtprodukt<\/p>\n","protected":false},"excerpt":{"rendered":"<p>R\u00fcckwand Schwungradgeh\u00e4use Volvo Penta 3818600 Gebrauchtprodukt<\/p>\n","protected":false},"featured_media":34644,"comment_status":"open","ping_status":"closed","template":"","meta":[],"product_brand":[4230],"product_cat":[4496,2532,3495],"product_tag":[2930],"class_list":{"0":"post-34643","1":"product","2":"type-product","3":"status-publish","4":"has-post-thumbnail","6":"product_brand-volvo-penta","7":"product_cat-gebrauchte-volvo-penta-teile-kaufen","8":"product_cat-motorenteile","9":"product_cat-schwungrader-schwungradgehause","10":"product_tag-gebraucht-2","11":"pa_condition-gebraucht","12":"pa_oem-or-aftermarket-oem","14":"first","15":"outofstock","16":"taxable","17":"shipping-taxable","18":"purchasable","19":"product-type-simple"},"supplier_id":null,"supplier_sku":"","barcode":null,"atum_controlled":true,"out_stock_date":"2025-11-04 10:48:59","out_stock_threshold":null,"inheritable":false,"inbound_stock":null,"stock_on_hold":0,"sold_today":0,"sales_last_days":0,"reserved_stock":null,"customer_returns":null,"warehouse_damage":null,"lost_in_post":null,"other_logs":null,"out_stock_days":0,"lost_sales":0,"has_location":null,"update_date":"2025-11-04T10:49:58","atum_locations":[],"atum_stock_status":"outofstock","restock_status":false,"low_stock_amount":1,"sales_update_date":"2025-08-29T00:00:35","calc_backorders":null,"_links":{"self":[{"href":"https:\/\/mps.digital-monkey.in\/de\/wp-json\/wp\/v2\/product\/34643","targetHints":{"allow":["GET"]}}],"collection":[{"href":"https:\/\/mps.digital-monkey.in\/de\/wp-json\/wp\/v2\/product"}],"about":[{"href":"https:\/\/mps.digital-monkey.in\/de\/wp-json\/wp\/v2\/types\/product"}],"replies":[{"embeddable":true,"href":"https:\/\/mps.digital-monkey.in\/de\/wp-json\/wp\/v2\/comments?post=34643"}],"wp:featuredmedia":[{"embeddable":true,"href":"https:\/\/mps.digital-monkey.in\/de\/wp-json\/wp\/v2\/media\/34644"}],"wp:attachment":[{"href":"https:\/\/mps.digital-monkey.in\/de\/wp-json\/wp\/v2\/media?parent=34643"}],"wp:term":[{"taxonomy":"product_brand","embeddable":true,"href":"https:\/\/mps.digital-monkey.in\/de\/wp-json\/wp\/v2\/product_brand?post=34643"},{"taxonomy":"product_cat","embeddable":true,"href":"https:\/\/mps.digital-monkey.in\/de\/wp-json\/wp\/v2\/product_cat?post=34643"},{"taxonomy":"product_tag","embeddable":true,"href":"https:\/\/mps.digital-monkey.in\/de\/wp-json\/wp\/v2\/product_tag?post=34643"}],"curies":[{"name":"wp","href":"https:\/\/api.w.org\/{rel}","templated":true}]}}