{"id":34649,"date":"2025-06-17T13:55:29","date_gmt":"2025-06-17T13:55:29","guid":{"rendered":"https:\/\/mps.digital-monkey.in\/product\/thermostat-kit-volvo-penta-3831426\/"},"modified":"2025-06-17T13:55:29","modified_gmt":"2025-06-17T13:55:29","slug":"thermostat-kit-volvo-penta-3831426","status":"publish","type":"product","link":"https:\/\/mps.digital-monkey.in\/de\/produkt\/thermostat-kit-volvo-penta-3831426\/","title":{"rendered":"Thermostat-Kit Volvo Penta 3831426"},"content":{"rendered":"<h3><strong>Volvo Penta Thermostat-Kit - 3831426<\/strong><\/h3>\n<p>Das Volvo Penta Thermostat-Kit 3831426 ist ein <strong>Original-Ersatzteil f\u00fcr ein Thermostat<\/strong>, das den K\u00fchlmittelfluss reguliert und die optimale Motortemperatur aufrechterh\u00e4lt. Dieser Satz wurde f\u00fcr eine breite Palette von Volvo Penta Diesel- und Benzinmotoren entwickelt und garantiert eine zuverl\u00e4ssige Motorleistung und sch\u00fctzt vor \u00dcberhitzung. <\/p>\n<p><strong>Kompatibel mit den folgenden Motormodellen:<\/strong><\/p>\n<ul>\n<li>\n<p><strong>AQAD \/ AQD Serie:<\/strong><br \/>\nAQAD40A, AQAD40B, AQD40A, AQD70B, AQD70BL, AQD70C, AQD70CL, AQD70D<\/p>\n<\/li>\n<li>\n<p><strong>MD-Serie:<\/strong><br \/>\nMD40A, MD70B, MD70C, MD100A, MD100B, MD100B-CC, MD120A<\/p>\n<\/li>\n<li>\n<p><strong>TAMD-Serie:<\/strong><br \/>\nTAMD40A, TAMD40B, TAMD60A, TAMD60B, TAMD60C, TAMD70B, TAMD70C, TAMD70D, TAMD120A, TAMD120B, TAMD121D, TAMD122A, TAMD122A\/C, TAMD122P-A, TAMD122P-B, TAMD122P-C<\/p>\n<\/li>\n<li>\n<p><strong>THAMD Serie:<\/strong><br \/>\nTHAMD70B, THAMD70C<\/p>\n<\/li>\n<li>\n<p><strong>TMD-Serie:<\/strong><br \/>\nTMD40A, TMD40B, TMD40C, TMD70B, TMD70C, TMD100A, TMD100C, TMD102A, TMD120A, TMD121C, TMD122A<\/p>\n<\/li>\n<li>\n<p><strong>D-Serie:<\/strong><br \/>\nD70B, D70CHC, D70CRC, D100A, D100B, D100BHC, D100BRC<\/p>\n<\/li>\n<li>\n<p><strong>TD Serie:<\/strong><br \/>\nTD40A, TD60A, TD60B, TD60D, TD60D-83, TD70B, TD70CHC, TD70CRC, TD70G, TD70G-83, TD100A, TD100AG, TD100AHC, TD100ARC, TD100CRC, TD120AHC, TD120ARC, TD120BRC, TD121CRC<\/p>\n<\/li>\n<li>\n<p><strong>TAD-Serie:<\/strong><br \/>\nTAD120AHC, TAD120BHC<\/p>\n<\/li>\n<li>\n<p><strong>TID-Serie:<\/strong><br \/>\nTID60D, TID60DG, TID70G<\/p>\n<\/li>\n<li>\n<p><strong>Benzin-Schiffsmotoren:<\/strong><br \/>\n4.3Gi-200-R, 4.3GIJBYA, 4.3GIJWTR, 4.3GIPBYCCE, 4.3GiPEFS, 4.3GIPLKDCE, 4.3GIPLKECE, 4.3GIPNCA, 4.3GIPNCBCE, 4.3GIPNCMCE, 4.3GIPNCSCE, 4.3GIPWTRCE, 4.3GL-A, 4.3GL-B, 4.3GL-C, 4.3GL-D, 4.3GL-E, 4.3GL-G, 4.3GL-J, 4.3GLMMDA, 4.3GL-P, 4.3GLPBYC, 4.3GLPEFS, 4.3GLPLKD, 4.3GLPLKE, 4.3GLPMDA, 4.3GLPNCA, 4.3GLPNCB, 4.3GLPNCS, 4.3GLPWTR, 4.3GSJBYA, 4.3GSJLKD, 4.3GSJNCC, 4.3GSJNCS, 4.3GSJWTR, 4.3GSPBYC, 4.3GSPLKD, 4.3GSPLKE, 4.3GSPMDA, 4.3GSPNCA, 4.3GSPNCB, 4.3GSPNCM, 4.3GSPNCS, 4.3GSPWTR<\/p>\n<\/li>\n<li>\n<p><strong>Sterndrive und andere Modelle:<\/strong><br \/>\nDPX375-A, DPX375-B, DPX375-BF, DPX375-CF, DPX385XBYDCE, DPX385XEFS, DPX385XLKE, DPX415XBYDCE, DPX415XEFS, DPX415XLKE, DPX420-A, DPX420-B, DPX420-BF, DPX420-CF, DPX420-DF, V6-200-A, V6-225-A, V6-225-E-A, V8-270-A, V8-270-B, V8-270-E-A, V8-270-E-B, V8-300-A, V8-300-B, V8-300-E-A, V8-300-E-B, V8-320-A, V8-320-B, V8-320-A, V8-320-E-B, DP-A, DP-A2, DP-C, DP-D, MS4B, SP-A2, SP-C, SP-C1<\/p>\n<\/li>\n<\/ul>\n<p><strong>Wichtigste Vorteile:<\/strong><\/p>\n<ul>\n<li>\n<p>H\u00e4lt die Motortemperatur unter verschiedenen Bedingungen stabil<\/p>\n<\/li>\n<li>\n<p>Verhindert \u00dcberhitzung und m\u00f6gliche Motorsch\u00e4den<\/p>\n<\/li>\n<li>\n<p>Original Volvo Penta OEM-Teil f\u00fcr pr\u00e4zise Passform und lange Haltbarkeit<\/p>\n<\/li>\n<li>\n<p>Unterst\u00fctzt die optimale Effizienz des K\u00fchlsystems f\u00fcr eine l\u00e4ngere Lebensdauer des Motors<\/p>\n<\/li>\n<\/ul>\n<hr>\n<p>\u2705 <strong>OEM Teilenummer:<\/strong> 3831426<br \/>\n\u2699\ufe0f <strong>Anwendung:<\/strong> Thermostat-Kit kompatibel mit zahlreichen Volvo Penta Diesel- und Benzinmotoren<br \/>\n???? <strong>Inhalt:<\/strong> Kompletter OEM-Thermostat-Satz mit Dichtungen, einbaufertig<br \/>\n???? <strong>Hinweis:<\/strong> Pr\u00fcfen Sie vor dem Kauf immer die Kompatibilit\u00e4t mit dem Motor<\/p>\n<hr>\n","protected":false},"excerpt":{"rendered":"<p>Volvo Penta Thermostat-Kit - 3831426 Das Volvo Penta Thermostat-Kit 3831426 ist ein Original-Ersatzteil f\u00fcr ein Thermostat, das den K\u00fchlmittelfluss reguliert und die optimale Motortemperatur aufrechterh\u00e4lt. Dieser Satz wurde f\u00fcr eine breite Palette von Volvo Penta Diesel- und Benzinmotoren entwickelt und garantiert eine zuverl\u00e4ssige Motorleistung und sch\u00fctzt vor \u00dcberhitzung. Kompatibel mit den folgenden Motormodellen: AQAD \/ [&hellip;]<\/p>\n","protected":false},"featured_media":25150,"comment_status":"open","ping_status":"closed","template":"","meta":[],"product_brand":[4230],"product_cat":[2498,3294,4526],"product_tag":[],"class_list":{"0":"post-34649","1":"product","2":"type-product","3":"status-publish","4":"has-post-thumbnail","6":"product_brand-volvo-penta","7":"product_cat-ersatzteile-fur-motoren","8":"product_cat-thermostate","9":"product_cat-volvo-penta-service-teile","11":"first","12":"onbackorder","13":"taxable","14":"shipping-taxable","15":"purchasable","16":"product-type-simple"},"supplier_id":null,"supplier_sku":"","barcode":null,"atum_controlled":true,"out_stock_date":"2025-11-21 12:51:15","out_stock_threshold":null,"inheritable":false,"inbound_stock":null,"stock_on_hold":0,"sold_today":0,"sales_last_days":0,"reserved_stock":null,"customer_returns":null,"warehouse_damage":null,"lost_in_post":null,"other_logs":null,"out_stock_days":0,"lost_sales":0,"has_location":null,"update_date":"2025-11-21T12:51:43","atum_locations":[],"atum_stock_status":"onbackorder","restock_status":false,"low_stock_amount":"","sales_update_date":"2025-08-29T00:00:39","calc_backorders":0,"_links":{"self":[{"href":"https:\/\/mps.digital-monkey.in\/de\/wp-json\/wp\/v2\/product\/34649","targetHints":{"allow":["GET"]}}],"collection":[{"href":"https:\/\/mps.digital-monkey.in\/de\/wp-json\/wp\/v2\/product"}],"about":[{"href":"https:\/\/mps.digital-monkey.in\/de\/wp-json\/wp\/v2\/types\/product"}],"replies":[{"embeddable":true,"href":"https:\/\/mps.digital-monkey.in\/de\/wp-json\/wp\/v2\/comments?post=34649"}],"wp:featuredmedia":[{"embeddable":true,"href":"https:\/\/mps.digital-monkey.in\/de\/wp-json\/wp\/v2\/media\/25150"}],"wp:attachment":[{"href":"https:\/\/mps.digital-monkey.in\/de\/wp-json\/wp\/v2\/media?parent=34649"}],"wp:term":[{"taxonomy":"product_brand","embeddable":true,"href":"https:\/\/mps.digital-monkey.in\/de\/wp-json\/wp\/v2\/product_brand?post=34649"},{"taxonomy":"product_cat","embeddable":true,"href":"https:\/\/mps.digital-monkey.in\/de\/wp-json\/wp\/v2\/product_cat?post=34649"},{"taxonomy":"product_tag","embeddable":true,"href":"https:\/\/mps.digital-monkey.in\/de\/wp-json\/wp\/v2\/product_tag?post=34649"}],"curies":[{"name":"wp","href":"https:\/\/api.w.org\/{rel}","templated":true}]}}