{"id":34655,"date":"2025-06-17T13:55:29","date_gmt":"2025-06-17T13:55:29","guid":{"rendered":"https:\/\/mps.digital-monkey.in\/product\/thermostat-kit-volvo-penta-3831424\/"},"modified":"2025-06-17T13:55:29","modified_gmt":"2025-06-17T13:55:29","slug":"thermostat-kit-volvo-penta-3831424","status":"publish","type":"product","link":"https:\/\/mps.digital-monkey.in\/de\/produkt\/thermostat-kit-volvo-penta-3831424\/","title":{"rendered":"Thermostat-Kit Volvo Penta 3831424"},"content":{"rendered":"<h3><strong>Volvo Penta Thermostat-Kit - 3831424<\/strong><\/h3>\n<p>Das Volvo Penta Thermostat-Kit 3831424 ist ein <strong>Original-Ersatzteil<\/strong>, das die Motortemperatur reguliert und eine effiziente K\u00fchlung gew\u00e4hrleistet. Ideal, um eine zuverl\u00e4ssige Leistung aufrechtzuerhalten und eine \u00dcberhitzung des Motors in maritimen Umgebungen zu verhindern. <\/p>\n<p><strong>Kompatibel mit den folgenden Motoren:<\/strong><\/p>\n<ul>\n<li>\n<p><strong>AD-Serie:<\/strong><br \/>\nAD31, AD31B, AD31D, AD31D-A, AD31L-A, AD31P-A, AD31XD, AD41A, AD41B, AD41BJ, AD41D, AD41L-A, AD41P-A<\/p>\n<\/li>\n<li>\n<p><strong>D-Serie:<\/strong><br \/>\nD41B, D41D, D41L-A<\/p>\n<\/li>\n<li>\n<p><strong>KAD-Serie:<\/strong><br \/>\nKAD300-A, KAD32P, KAD42A, KAD42B, KAD42P-A, KAD43P-A, KAD43P-B, KAD44P, KAD44P-B, KAD44P-C<\/p>\n<\/li>\n<li>\n<p><strong>KAMD-Serie:<\/strong><br \/>\nKAMD300-A, KAMD42A, KAMD42B, KAMD42P-A, KAMD43P, KAMD43P-A, KAMD43P-B, KAMD44P-A, KAMD44P-B, KAMD44P-C<\/p>\n<\/li>\n<li>\n<p><strong>MD Serie:<\/strong><br \/>\nMD31A<\/p>\n<\/li>\n<li>\n<p><strong>TAMD-Serie:<\/strong><br \/>\nTAMD31A, TAMD31B, TAMD31D, TAMD31L-A, TAMD31M-A, TAMD31P-A, TAMD31S, TAMD41A, TAMD41B, TAMD41D, TAMD41H-A, TAMD41H-B, TAMD41P, TAMD41P-A, TAMD42B, TAMD42WJ-A, TAMD102A, TAMD102D, TAMD103A, TAMD121D, TAMD122A, TAMD122A\/C, TAMD122D, TAMD122P-A, TAMD122P-B, TAMD122P-C<\/p>\n<\/li>\n<li>\n<p><strong>TMD-Serie:<\/strong><br \/>\nTMD31A, TMD31B, TMD31D, TMD31L-A, TMD41A, TMD41B, TMD41D, TMD41L-A, TMD100C, TMD102A, TMD120B, TMD121C, TMD122A<\/p>\n<\/li>\n<li>\n<p><strong>TD-Serie:<\/strong><br \/>\nTD100CHC, TD120BHC, TD121CHC<\/p>\n<\/li>\n<li>\n<p><strong>TAD-Serie:<\/strong><br \/>\nTAD120CHC, TAD121CHC<\/p>\n<\/li>\n<li>\n<p><strong>TD70 Serie:<\/strong><br \/>\nTD70G<\/p>\n<\/li>\n<li>\n<p><strong>MS-Serie:<\/strong><br \/>\nMS25A, MS25A-A, MS25L<\/p>\n<\/li>\n<\/ul>\n<p><strong>Wichtigste Vorteile:<\/strong><\/p>\n<ul>\n<li>\n<p>H\u00e4lt die optimale Betriebstemperatur des Motors aufrecht<\/p>\n<\/li>\n<li>\n<p>Sch\u00fctzt vor \u00dcberhitzung und \u00fcberm\u00e4\u00dfigem Verschlei\u00df<\/p>\n<\/li>\n<li>\n<p>F\u00f6rdert die Kraftstoffeffizienz und die Langlebigkeit des Motors<\/p>\n<\/li>\n<li>\n<p><strong>Echte Volvo Penta OEM-Qualit\u00e4t<\/strong><\/p>\n<\/li>\n<\/ul>\n<hr>\n<p>\u2705 <strong>OEM Teilenummer:<\/strong> 3831424<br \/>\n\u2699\ufe0f <strong>Anwendung:<\/strong> Thermostat-Kit f\u00fcr eine breite Palette von Volvo Penta Schiffsdieselmotoren<br \/>\n???? <strong>Hinweis:<\/strong> \u00dcberpr\u00fcfen Sie vor dem Einbau immer die Kompatibilit\u00e4t mit Ihrem Motormodell.<\/p>\n<hr>\n","protected":false},"excerpt":{"rendered":"<p>Volvo Penta Thermostat-Kit - 3831424 Das Volvo Penta Thermostat-Kit 3831424 ist ein Original-Ersatzteil, das die Motortemperatur reguliert und eine effiziente K\u00fchlung gew\u00e4hrleistet. Ideal, um eine zuverl\u00e4ssige Leistung aufrechtzuerhalten und eine \u00dcberhitzung des Motors in maritimen Umgebungen zu verhindern. Kompatibel mit den folgenden Motoren: AD-Serie: AD31, AD31B, AD31D, AD31D-A, AD31L-A, AD31P-A, AD31XD, AD41A, AD41B, AD41BJ, AD41D, [&hellip;]<\/p>\n","protected":false},"featured_media":25140,"comment_status":"open","ping_status":"closed","template":"","meta":[],"product_brand":[4230],"product_cat":[2498,3294,4526],"product_tag":[],"class_list":{"0":"post-34655","1":"product","2":"type-product","3":"status-publish","4":"has-post-thumbnail","6":"product_brand-volvo-penta","7":"product_cat-ersatzteile-fur-motoren","8":"product_cat-thermostate","9":"product_cat-volvo-penta-service-teile","11":"first","12":"onbackorder","13":"taxable","14":"shipping-taxable","15":"purchasable","16":"product-type-simple"},"supplier_id":null,"supplier_sku":"","barcode":null,"atum_controlled":true,"out_stock_date":"2025-11-21 12:51:22","out_stock_threshold":null,"inheritable":false,"inbound_stock":null,"stock_on_hold":0,"sold_today":0,"sales_last_days":0,"reserved_stock":null,"customer_returns":null,"warehouse_damage":null,"lost_in_post":null,"other_logs":null,"out_stock_days":0,"lost_sales":0,"has_location":null,"update_date":"2025-11-21T12:51:43","atum_locations":[],"atum_stock_status":"onbackorder","restock_status":false,"low_stock_amount":"","sales_update_date":"2025-08-29T00:00:39","calc_backorders":0,"_links":{"self":[{"href":"https:\/\/mps.digital-monkey.in\/de\/wp-json\/wp\/v2\/product\/34655","targetHints":{"allow":["GET"]}}],"collection":[{"href":"https:\/\/mps.digital-monkey.in\/de\/wp-json\/wp\/v2\/product"}],"about":[{"href":"https:\/\/mps.digital-monkey.in\/de\/wp-json\/wp\/v2\/types\/product"}],"replies":[{"embeddable":true,"href":"https:\/\/mps.digital-monkey.in\/de\/wp-json\/wp\/v2\/comments?post=34655"}],"wp:featuredmedia":[{"embeddable":true,"href":"https:\/\/mps.digital-monkey.in\/de\/wp-json\/wp\/v2\/media\/25140"}],"wp:attachment":[{"href":"https:\/\/mps.digital-monkey.in\/de\/wp-json\/wp\/v2\/media?parent=34655"}],"wp:term":[{"taxonomy":"product_brand","embeddable":true,"href":"https:\/\/mps.digital-monkey.in\/de\/wp-json\/wp\/v2\/product_brand?post=34655"},{"taxonomy":"product_cat","embeddable":true,"href":"https:\/\/mps.digital-monkey.in\/de\/wp-json\/wp\/v2\/product_cat?post=34655"},{"taxonomy":"product_tag","embeddable":true,"href":"https:\/\/mps.digital-monkey.in\/de\/wp-json\/wp\/v2\/product_tag?post=34655"}],"curies":[{"name":"wp","href":"https:\/\/api.w.org\/{rel}","templated":true}]}}