{"id":34757,"date":"2025-06-17T13:56:54","date_gmt":"2025-06-17T13:56:54","guid":{"rendered":"https:\/\/mps.digital-monkey.in\/product\/thermostat-volvo-penta-3887780\/"},"modified":"2025-11-21T12:53:36","modified_gmt":"2025-11-21T12:53:36","slug":"thermostat-volvo-penta-3887780","status":"publish","type":"product","link":"https:\/\/mps.digital-monkey.in\/de\/product\/thermostat-volvo-penta-3887780\/","title":{"rendered":"Thermostat Volvo Penta 3887780"},"content":{"rendered":"<h3><strong>Volvo Penta Thermostat &#8211; 3887780<\/strong><\/h3>\n<p>Der <strong>Volvo Penta 3887780 Thermostat<\/strong> ist ein <strong>Original-Ersatzteil<\/strong>, das f\u00fcr die Aufrechterhaltung der korrekten Betriebstemperatur des Motors entwickelt wurde. Durch die Regulierung des K\u00fchlmitteldurchflusses tr\u00e4gt dieses Thermostat dazu bei, \u00dcberhitzung zu vermeiden und eine optimale Leistung in maritimen Umgebungen zu gew\u00e4hrleisten. <\/p>\n<p>Ganz gleich, ob Sie eine Routinewartung durchf\u00fchren oder ein defektes Thermostat austauschen, dieses Teil bietet die <strong>Zuverl\u00e4ssigkeit und Langlebigkeit<\/strong>, die Sie von Volvo Penta Originalteilen erwarten.<\/p>\n<hr>\n<h3><strong>Wichtige Merkmale:<\/strong><\/h3>\n<ul>\n<li>\n<p><strong>Volvo Penta-Originalteil<\/strong> &#8211; OEM-Qualit\u00e4tssicherung<\/p>\n<\/li>\n<li>\n<p><strong>Pr\u00e4zise Temperaturregelung<\/strong> f\u00fcr optimale Motork\u00fchlung<\/p>\n<\/li>\n<li>\n<p>Verhindert <strong>\u00dcberhitzung und Motorverschlei\u00df<\/strong><\/p>\n<\/li>\n<li>\n<p>Hergestellt f\u00fcr raue Meeresumgebungen<\/p>\n<\/li>\n<li>\n<p><strong>Direkter Ersatz<\/strong> &#8211; einfache Installation mit perfekter Passform<\/p>\n<\/li>\n<\/ul>\n<p>???? <strong>Teilenummer:<\/strong> 3887780<br \/>\n????\ufe0f <strong>Enth\u00e4lt:<\/strong> 1 x Thermostat<br \/>\n???? <strong>Verwendung:<\/strong> Innenbord- und Z-Antriebsmotoren<br \/>\n???? <strong>Kompatibilit\u00e4t:<\/strong> Ausgew\u00e4hlte Volvo Penta Motoren<\/p>\n<hr>\n","protected":false},"excerpt":{"rendered":"<p>Volvo Penta Thermostat &#8211; 3887780 Der Volvo Penta 3887780 Thermostat ist ein Original-Ersatzteil, das f\u00fcr die Aufrechterhaltung der korrekten Betriebstemperatur des Motors entwickelt wurde. Durch die Regulierung des K\u00fchlmitteldurchflusses tr\u00e4gt dieses Thermostat dazu bei, \u00dcberhitzung zu vermeiden und eine optimale Leistung in maritimen Umgebungen zu gew\u00e4hrleisten. Ganz gleich, ob Sie eine Routinewartung durchf\u00fchren oder ein [&hellip;]<\/p>\n","protected":false},"featured_media":25280,"comment_status":"open","ping_status":"closed","template":"","meta":[],"product_brand":[4230],"product_cat":[2498,3294,4526],"product_tag":[],"class_list":{"0":"post-34757","1":"product","2":"type-product","3":"status-publish","4":"has-post-thumbnail","6":"product_brand-volvo-penta","7":"product_cat-ersatzteile-fur-motoren","8":"product_cat-thermostate","9":"product_cat-volvo-penta-service-teile","11":"first","12":"onbackorder","13":"taxable","14":"shipping-taxable","15":"purchasable","16":"product-type-simple"},"supplier_id":null,"supplier_sku":"","barcode":null,"atum_controlled":true,"out_stock_date":"2025-11-21 12:50:47","out_stock_threshold":null,"inheritable":false,"inbound_stock":null,"stock_on_hold":0,"sold_today":0,"sales_last_days":0,"reserved_stock":null,"customer_returns":null,"warehouse_damage":null,"lost_in_post":null,"other_logs":null,"out_stock_days":0,"lost_sales":0,"has_location":null,"update_date":"2025-11-21T12:51:43","atum_locations":[],"atum_stock_status":"onbackorder","restock_status":false,"low_stock_amount":"","sales_update_date":"2025-08-29T00:00:39","calc_backorders":0,"_links":{"self":[{"href":"https:\/\/mps.digital-monkey.in\/de\/wp-json\/wp\/v2\/product\/34757","targetHints":{"allow":["GET"]}}],"collection":[{"href":"https:\/\/mps.digital-monkey.in\/de\/wp-json\/wp\/v2\/product"}],"about":[{"href":"https:\/\/mps.digital-monkey.in\/de\/wp-json\/wp\/v2\/types\/product"}],"replies":[{"embeddable":true,"href":"https:\/\/mps.digital-monkey.in\/de\/wp-json\/wp\/v2\/comments?post=34757"}],"wp:featuredmedia":[{"embeddable":true,"href":"https:\/\/mps.digital-monkey.in\/de\/wp-json\/wp\/v2\/media\/25280"}],"wp:attachment":[{"href":"https:\/\/mps.digital-monkey.in\/de\/wp-json\/wp\/v2\/media?parent=34757"}],"wp:term":[{"taxonomy":"product_brand","embeddable":true,"href":"https:\/\/mps.digital-monkey.in\/de\/wp-json\/wp\/v2\/product_brand?post=34757"},{"taxonomy":"product_cat","embeddable":true,"href":"https:\/\/mps.digital-monkey.in\/de\/wp-json\/wp\/v2\/product_cat?post=34757"},{"taxonomy":"product_tag","embeddable":true,"href":"https:\/\/mps.digital-monkey.in\/de\/wp-json\/wp\/v2\/product_tag?post=34757"}],"curies":[{"name":"wp","href":"https:\/\/api.w.org\/{rel}","templated":true}]}}