{"id":34877,"date":"2025-06-17T13:58:45","date_gmt":"2025-06-17T13:58:45","guid":{"rendered":"https:\/\/mps.digital-monkey.in\/product\/thermostat-volvo-penta-8149186\/"},"modified":"2025-11-21T12:54:12","modified_gmt":"2025-11-21T12:54:12","slug":"thermostat-volvo-penta-8149186","status":"publish","type":"product","link":"https:\/\/mps.digital-monkey.in\/de\/product\/thermostat-volvo-penta-8149186\/","title":{"rendered":"Thermostat Volvo Penta 8149186"},"content":{"rendered":"<h3><strong>Volvo Penta Thermostat &#8211; Teil Nr. 8149186<\/strong><\/h3>\n<p>Der <strong>Volvo Penta 8149186 Thermostat<\/strong> ist ein OEM-Bauteil (Original Equipment Manufacturer), das f\u00fcr eine pr\u00e4zise Temperaturkontrolle bei einer Vielzahl von Industrie- und Schiffsdieselmotoren entwickelt wurde. Dieses Thermostat, auf das sich Profis verlassen, sorgt f\u00fcr stabile Motortemperaturen unter allen Betriebsbedingungen, verbessert die Kraftstoffeffizienz und verhindert Sch\u00e4den durch \u00dcberhitzung. <\/p>\n<p>Dieses Thermostat wurde f\u00fcr Hochleistungsmotoren entwickelt, die in anspruchsvollen Umgebungen betrieben werden. Es ist unerl\u00e4sslich f\u00fcr die optimale Funktion des K\u00fchlsystems und die langfristige Zuverl\u00e4ssigkeit des Motors.<\/p>\n<hr>\n<h3><strong>Wichtige Merkmale:<\/strong><\/h3>\n<ul>\n<li>\n<p><strong>Original Volvo Penta Teil<\/strong> &#8211; Thermostat 8149186<\/p>\n<\/li>\n<li>\n<p>Liefert eine <strong>pr\u00e4zise W\u00e4rmeregulierung<\/strong> f\u00fcr schwere Dieselmotoren<\/p>\n<\/li>\n<li>\n<p>Gew\u00e4hrleistet den <strong>Schutz des Motors vor \u00dcberhitzung und Verschlei\u00df<\/strong><\/p>\n<\/li>\n<li>\n<p>Gebaut, um den <strong>harten Bedingungen auf See und in der Industrie<\/strong> standzuhalten<\/p>\n<\/li>\n<li>\n<p><strong>Unkomplizierte Installation<\/strong> f\u00fcr unterst\u00fctzte Motoren<\/p>\n<\/li>\n<\/ul>\n<p>???? <strong>Teilenummer:<\/strong> 8149186<br \/>\n????\ufe0f <strong>Enth\u00e4lt:<\/strong> 1 x Thermostat<br \/>\n???? <strong>Verwendung:<\/strong> Marine-, Industrie- und Generator-Dieselmotoren<br \/>\n???? <strong>Kompatibilit\u00e4t:<\/strong> Umfangreiche Liste von TAD, TD, TID, TWD, TAMD und TMD Motoren (siehe unten)<\/p>\n<hr>\n<h3><strong>Kompatible Volvo Penta Motormodelle:<\/strong><\/h3>\n<p><strong>TAD-Serie:<\/strong><br \/>\nTAD1030G, TAD1030GE, TAD1030P, TAD1030V, TAD1030VE<br \/>\nTAD1031G, TAD1031GE, TAD1032GE<br \/>\nTAD1230G, TAD1230V, TAD1231GE, TAD1232GE<br \/>\nTAD1630G, TAD1630GE, TAD1630P, TAD1631G, TAD1631GE<br \/>\nTAD730G, TAD730V, TAD740GE, TAD741GE<\/p>\n<p><strong>TD Serie:<\/strong><br \/>\nTD100G, TD100G-85, TD100GG, TD100GG-85<br \/>\nTD100GGP, TD100GP, TD100GP-85, TD100HP, TD100HPB<br \/>\nTD1030VE<br \/>\nTD120HP, TD120HPP<br \/>\nTD1210G, TD121G, TD121G-87, TD121GG, TD121GGP, TD121GGP-87<br \/>\nTD121GP, TD121GPB<br \/>\nTD61A, TD61ACE, TD61AG, TD61AGP, TD61AP, TD61APB, TD61AW<br \/>\nTD710G, TD71A, TD71ACE, TD71AG, TD71AGP, TD71AP, TD71APB, TD71AW, TD71FSQ<br \/>\nTD730ME, TD730VE<br \/>\nTD73ES<\/p>\n<p><strong>TID Serien:<\/strong><br \/>\nTID100K, TID100K-87, TID100KG, TID100KGP, TID100KGP-87<br \/>\nTID100KP, TID100KP-87, TID100KPB-87<br \/>\nTID120HPP<br \/>\nTID121FG, TID121K, TID121K-87, TID121KG, TID121KGP, TID121KP, TID121KPB<br \/>\nTID121L, TID121LG, TID121LGP, TID121LP, TID121LPB<br \/>\nTID162AG, TID162AGP, TID162AP, TID162APB<br \/>\nTID61AG, TID61AGP<br \/>\nTID71A, TID71AG, TID71AGP, TID71AP, TID71APB<\/p>\n<p><strong>TWD-Serie:<\/strong><br \/>\nTWD1030ME, TWD1031VE<br \/>\nTWD1210G, TWD1210P, TWD1210PB, TWD1210V<br \/>\nTWD1211G, TWD1211P, TWD1211V<br \/>\nTWD1230ME, TWD1230VE, TWD1231VE<br \/>\nTWD710G, TWD710P, TWD710PB, TWD710V<br \/>\nTWD730ME, TWD731VE, TWD740GE, TWD740VE<\/p>\n<p><strong>TAMD \/ TMD Serie:<\/strong><br \/>\nTAMD122A, TAMD122A\/C<br \/>\nTAMD162A, TAMD162B, TAMD162C, TAMD162C-B<br \/>\nTMD122A<\/p>\n<hr>\n","protected":false},"excerpt":{"rendered":"<p>Volvo Penta Thermostat &#8211; Teil Nr. 8149186 Der Volvo Penta 8149186 Thermostat ist ein OEM-Bauteil (Original Equipment Manufacturer), das f\u00fcr eine pr\u00e4zise Temperaturkontrolle bei einer Vielzahl von Industrie- und Schiffsdieselmotoren entwickelt wurde. Dieses Thermostat, auf das sich Profis verlassen, sorgt f\u00fcr stabile Motortemperaturen unter allen Betriebsbedingungen, verbessert die Kraftstoffeffizienz und verhindert Sch\u00e4den durch \u00dcberhitzung. Dieses [&hellip;]<\/p>\n","protected":false},"featured_media":25396,"comment_status":"open","ping_status":"closed","template":"","meta":[],"product_brand":[4230],"product_cat":[2498,3294,4526],"product_tag":[],"class_list":{"0":"post-34877","1":"product","2":"type-product","3":"status-publish","4":"has-post-thumbnail","6":"product_brand-volvo-penta","7":"product_cat-ersatzteile-fur-motoren","8":"product_cat-thermostate","9":"product_cat-volvo-penta-service-teile","11":"first","12":"onbackorder","13":"taxable","14":"shipping-taxable","15":"purchasable","16":"product-type-simple"},"supplier_id":null,"supplier_sku":"","barcode":null,"atum_controlled":true,"out_stock_date":"2025-11-21 12:50:20","out_stock_threshold":null,"inheritable":false,"inbound_stock":null,"stock_on_hold":0,"sold_today":0,"sales_last_days":0,"reserved_stock":null,"customer_returns":null,"warehouse_damage":null,"lost_in_post":null,"other_logs":null,"out_stock_days":0,"lost_sales":0,"has_location":null,"update_date":"2025-11-21T12:51:43","atum_locations":[],"atum_stock_status":"onbackorder","restock_status":false,"low_stock_amount":"","sales_update_date":"2025-08-29T00:00:39","calc_backorders":0,"_links":{"self":[{"href":"https:\/\/mps.digital-monkey.in\/de\/wp-json\/wp\/v2\/product\/34877","targetHints":{"allow":["GET"]}}],"collection":[{"href":"https:\/\/mps.digital-monkey.in\/de\/wp-json\/wp\/v2\/product"}],"about":[{"href":"https:\/\/mps.digital-monkey.in\/de\/wp-json\/wp\/v2\/types\/product"}],"replies":[{"embeddable":true,"href":"https:\/\/mps.digital-monkey.in\/de\/wp-json\/wp\/v2\/comments?post=34877"}],"wp:featuredmedia":[{"embeddable":true,"href":"https:\/\/mps.digital-monkey.in\/de\/wp-json\/wp\/v2\/media\/25396"}],"wp:attachment":[{"href":"https:\/\/mps.digital-monkey.in\/de\/wp-json\/wp\/v2\/media?parent=34877"}],"wp:term":[{"taxonomy":"product_brand","embeddable":true,"href":"https:\/\/mps.digital-monkey.in\/de\/wp-json\/wp\/v2\/product_brand?post=34877"},{"taxonomy":"product_cat","embeddable":true,"href":"https:\/\/mps.digital-monkey.in\/de\/wp-json\/wp\/v2\/product_cat?post=34877"},{"taxonomy":"product_tag","embeddable":true,"href":"https:\/\/mps.digital-monkey.in\/de\/wp-json\/wp\/v2\/product_tag?post=34877"}],"curies":[{"name":"wp","href":"https:\/\/api.w.org\/{rel}","templated":true}]}}