{"id":34952,"date":"2025-06-17T13:59:39","date_gmt":"2025-06-17T13:59:39","guid":{"rendered":"https:\/\/mps.digital-monkey.in\/product\/wasserfestes-schmierfett-828250-22618330\/"},"modified":"2025-11-21T12:54:29","modified_gmt":"2025-11-21T12:54:29","slug":"wasserfestes-schmierfett-828250-22618330","status":"publish","type":"product","link":"https:\/\/mps.digital-monkey.in\/de\/product\/wasserfestes-schmierfett-828250-22618330\/","title":{"rendered":"Wasserfestes Schmierfett 828250 &#8211; 22618330"},"content":{"rendered":"<p>Spezialfett f\u00fcr die Schifffahrt &#8211; besonders geeignet f\u00fcr Salzwasseranwendungen. Schmiert, dichtet und sch\u00fctzt vor Korrosion. H\u00e4lt langfristig hohen Belastungen stand, ohne dass sich die Schutzeigenschaften verschlechtern. Das Fett ist fest und wasserbest\u00e4ndig, zur Verwendung in Gummidichtungen, zum Schmieren von Propellerwellen, Faltpropellern und allen anderen Propellerkomponenten. Viskosit\u00e4t: NLGI 2    <\/p>\n","protected":false},"excerpt":{"rendered":"<p>Spezialfett f\u00fcr die Schifffahrt &#8211; besonders geeignet f\u00fcr Salzwasseranwendungen. Schmiert, dichtet und sch\u00fctzt vor Korrosion. H\u00e4lt langfristig hohen Belastungen stand, ohne dass sich die Schutzeigenschaften verschlechtern. Das Fett ist fest und wasserbest\u00e4ndig, zur Verwendung in Gummidichtungen, zum Schmieren von Propellerwellen, Faltpropellern und allen anderen Propellerkomponenten. Viskosit\u00e4t: NLGI 2<\/p>\n","protected":false},"featured_media":34953,"comment_status":"open","ping_status":"closed","template":"","meta":[],"product_brand":[4230],"product_cat":[2498,4526],"product_tag":[],"class_list":{"0":"post-34952","1":"product","2":"type-product","3":"status-publish","4":"has-post-thumbnail","6":"product_brand-volvo-penta","7":"product_cat-ersatzteile-fur-motoren","8":"product_cat-volvo-penta-service-teile","9":"pa_size-25-gramm","10":"pa_size-400-gramm","12":"first","13":"instock","14":"taxable","15":"shipping-taxable","16":"purchasable","17":"product-type-variable"},"supplier_id":null,"supplier_sku":"","barcode":null,"atum_controlled":true,"out_stock_date":null,"out_stock_threshold":null,"inheritable":true,"inbound_stock":0,"stock_on_hold":0,"sold_today":0,"sales_last_days":0,"reserved_stock":0,"customer_returns":0,"warehouse_damage":0,"lost_in_post":0,"other_logs":0,"out_stock_days":0,"lost_sales":0,"has_location":false,"update_date":"2025-11-21T12:51:43","atum_locations":[],"atum_stock_status":"instock","restock_status":false,"low_stock_amount":"","sales_update_date":"2025-08-29T00:00:36","calc_backorders":null,"_links":{"self":[{"href":"https:\/\/mps.digital-monkey.in\/de\/wp-json\/wp\/v2\/product\/34952","targetHints":{"allow":["GET"]}}],"collection":[{"href":"https:\/\/mps.digital-monkey.in\/de\/wp-json\/wp\/v2\/product"}],"about":[{"href":"https:\/\/mps.digital-monkey.in\/de\/wp-json\/wp\/v2\/types\/product"}],"replies":[{"embeddable":true,"href":"https:\/\/mps.digital-monkey.in\/de\/wp-json\/wp\/v2\/comments?post=34952"}],"wp:featuredmedia":[{"embeddable":true,"href":"https:\/\/mps.digital-monkey.in\/de\/wp-json\/wp\/v2\/media\/34953"}],"wp:attachment":[{"href":"https:\/\/mps.digital-monkey.in\/de\/wp-json\/wp\/v2\/media?parent=34952"}],"wp:term":[{"taxonomy":"product_brand","embeddable":true,"href":"https:\/\/mps.digital-monkey.in\/de\/wp-json\/wp\/v2\/product_brand?post=34952"},{"taxonomy":"product_cat","embeddable":true,"href":"https:\/\/mps.digital-monkey.in\/de\/wp-json\/wp\/v2\/product_cat?post=34952"},{"taxonomy":"product_tag","embeddable":true,"href":"https:\/\/mps.digital-monkey.in\/de\/wp-json\/wp\/v2\/product_tag?post=34952"}],"curies":[{"name":"wp","href":"https:\/\/api.w.org\/{rel}","templated":true}]}}