{"id":35028,"date":"2025-06-17T14:00:33","date_gmt":"2025-06-17T14:00:33","guid":{"rendered":"https:\/\/mps.digital-monkey.in\/product\/waermetauscher-dichtungssatz-fuer-volvo-penta-829972-829989\/"},"modified":"2026-02-28T15:47:37","modified_gmt":"2026-02-28T15:47:37","slug":"waermetauscher-dichtungssatz-fuer-volvo-penta-829972-829989","status":"publish","type":"product","link":"https:\/\/mps.digital-monkey.in\/de\/produkt\/waermetauscher-dichtungssatz-fuer-volvo-penta-829972-829989\/","title":{"rendered":"W\u00e4rmetauscher-Dichtungssatz f\u00fcr Volvo Penta 829972 - 829989"},"content":{"rendered":"<p>W\u00e4rmetauscher-Dichtungssatz f\u00fcr Volvo Penta 829972 - 829989<\/p>\n<ul>\n<li>2002 2002AG 2002B 2002BG<\/li>\n<li>2003 2003AG 2003B 2003BG<\/li>\n<\/ul>\n<p>&nbsp;<\/p>\n","protected":false},"excerpt":{"rendered":"<p>W\u00e4rmetauscher-Dichtungssatz f\u00fcr Volvo Penta 829972 - 829989 2002 2002AG 2002B 2002BG 2003 2003AG 2003B 2003BG &nbsp;<\/p>\n","protected":false},"featured_media":35029,"comment_status":"open","ping_status":"closed","template":"","meta":[],"product_brand":[4230],"product_cat":[2498,4308,4470,4473,4466,4526],"product_tag":[2930],"class_list":{"0":"post-35028","1":"product","2":"type-product","3":"status-publish","4":"has-post-thumbnail","6":"product_brand-volvo-penta","7":"product_cat-ersatzteile-fur-motoren","8":"product_cat-volvo-penta","9":"product_cat-volvo-penta-2002-teile","10":"product_cat-volvo-penta-2003-teile","11":"product_cat-volvo-penta-serie-2000","12":"product_cat-volvo-penta-service-teile","13":"product_tag-gebraucht-2","15":"first","16":"instock","17":"taxable","18":"shipping-taxable","19":"purchasable","20":"product-type-simple"},"supplier_id":null,"supplier_sku":"","barcode":null,"atum_controlled":true,"out_stock_date":null,"out_stock_threshold":null,"inheritable":false,"inbound_stock":null,"stock_on_hold":1,"sold_today":1,"sales_last_days":1,"reserved_stock":null,"customer_returns":null,"warehouse_damage":null,"lost_in_post":null,"other_logs":null,"out_stock_days":0,"lost_sales":0,"has_location":null,"update_date":"2026-02-28T15:47:50","atum_locations":[],"atum_stock_status":"instock","restock_status":false,"low_stock_amount":1,"sales_update_date":"2026-02-28T15:47:50","calc_backorders":null,"_links":{"self":[{"href":"https:\/\/mps.digital-monkey.in\/de\/wp-json\/wp\/v2\/product\/35028","targetHints":{"allow":["GET"]}}],"collection":[{"href":"https:\/\/mps.digital-monkey.in\/de\/wp-json\/wp\/v2\/product"}],"about":[{"href":"https:\/\/mps.digital-monkey.in\/de\/wp-json\/wp\/v2\/types\/product"}],"replies":[{"embeddable":true,"href":"https:\/\/mps.digital-monkey.in\/de\/wp-json\/wp\/v2\/comments?post=35028"}],"wp:featuredmedia":[{"embeddable":true,"href":"https:\/\/mps.digital-monkey.in\/de\/wp-json\/wp\/v2\/media\/35029"}],"wp:attachment":[{"href":"https:\/\/mps.digital-monkey.in\/de\/wp-json\/wp\/v2\/media?parent=35028"}],"wp:term":[{"taxonomy":"product_brand","embeddable":true,"href":"https:\/\/mps.digital-monkey.in\/de\/wp-json\/wp\/v2\/product_brand?post=35028"},{"taxonomy":"product_cat","embeddable":true,"href":"https:\/\/mps.digital-monkey.in\/de\/wp-json\/wp\/v2\/product_cat?post=35028"},{"taxonomy":"product_tag","embeddable":true,"href":"https:\/\/mps.digital-monkey.in\/de\/wp-json\/wp\/v2\/product_tag?post=35028"}],"curies":[{"name":"wp","href":"https:\/\/api.w.org\/{rel}","templated":true}]}}