{"id":35243,"date":"2025-06-17T14:03:30","date_gmt":"2025-06-17T14:03:30","guid":{"rendered":"https:\/\/mps.digital-monkey.in\/product\/stoessel-volvo-penta-840409\/"},"modified":"2025-06-17T14:03:30","modified_gmt":"2025-06-17T14:03:30","slug":"stoessel-volvo-penta-840409","status":"publish","type":"product","link":"https:\/\/mps.digital-monkey.in\/de\/produkt\/stoessel-volvo-penta-840409\/","title":{"rendered":"St\u00f6\u00dfel Volvo Penta 840409"},"content":{"rendered":"<p>St\u00f6\u00dfel Volvo Penta 840409<\/p>\n<p>Volvo Penta Serie 2000<\/p>\n<p> Preis pro St\u00fcck<\/p>\n","protected":false},"excerpt":{"rendered":"<p>St\u00f6\u00dfel Volvo Penta 840409 Volvo Penta Serie 2000 Preis pro St\u00fcck<\/p>\n","protected":false},"featured_media":31760,"comment_status":"open","ping_status":"closed","template":"","meta":[],"product_brand":[4230],"product_cat":[2498,3155],"product_tag":[2930],"class_list":{"0":"post-35243","1":"product","2":"type-product","3":"status-publish","4":"has-post-thumbnail","6":"product_brand-volvo-penta","7":"product_cat-ersatzteile-fur-motoren","8":"product_cat-ventile-zubehor","9":"product_tag-gebraucht-2","11":"first","12":"instock","13":"taxable","14":"shipping-taxable","15":"purchasable","16":"product-type-simple"},"supplier_id":null,"supplier_sku":"","barcode":null,"atum_controlled":true,"out_stock_date":null,"out_stock_threshold":null,"inheritable":false,"inbound_stock":null,"stock_on_hold":1,"sold_today":1,"sales_last_days":1,"reserved_stock":null,"customer_returns":null,"warehouse_damage":null,"lost_in_post":null,"other_logs":null,"out_stock_days":0,"lost_sales":0,"has_location":null,"update_date":"2025-09-01T11:38:43","atum_locations":[],"atum_stock_status":"instock","restock_status":false,"low_stock_amount":1,"sales_update_date":"2025-09-01T11:38:43","calc_backorders":null,"_links":{"self":[{"href":"https:\/\/mps.digital-monkey.in\/de\/wp-json\/wp\/v2\/product\/35243","targetHints":{"allow":["GET"]}}],"collection":[{"href":"https:\/\/mps.digital-monkey.in\/de\/wp-json\/wp\/v2\/product"}],"about":[{"href":"https:\/\/mps.digital-monkey.in\/de\/wp-json\/wp\/v2\/types\/product"}],"replies":[{"embeddable":true,"href":"https:\/\/mps.digital-monkey.in\/de\/wp-json\/wp\/v2\/comments?post=35243"}],"wp:featuredmedia":[{"embeddable":true,"href":"https:\/\/mps.digital-monkey.in\/de\/wp-json\/wp\/v2\/media\/31760"}],"wp:attachment":[{"href":"https:\/\/mps.digital-monkey.in\/de\/wp-json\/wp\/v2\/media?parent=35243"}],"wp:term":[{"taxonomy":"product_brand","embeddable":true,"href":"https:\/\/mps.digital-monkey.in\/de\/wp-json\/wp\/v2\/product_brand?post=35243"},{"taxonomy":"product_cat","embeddable":true,"href":"https:\/\/mps.digital-monkey.in\/de\/wp-json\/wp\/v2\/product_cat?post=35243"},{"taxonomy":"product_tag","embeddable":true,"href":"https:\/\/mps.digital-monkey.in\/de\/wp-json\/wp\/v2\/product_tag?post=35243"}],"curies":[{"name":"wp","href":"https:\/\/api.w.org\/{rel}","templated":true}]}}