{"id":35304,"date":"2025-06-17T14:04:00","date_gmt":"2025-06-17T14:04:00","guid":{"rendered":"https:\/\/mps.digital-monkey.in\/product\/oelpumpendeckel-fuer-die-serie-2000-volvo-penta-840498\/"},"modified":"2025-11-02T15:35:11","modified_gmt":"2025-11-02T15:35:11","slug":"oelpumpendeckel-fuer-die-serie-2000-volvo-penta-840498","status":"publish","type":"product","link":"https:\/\/mps.digital-monkey.in\/de\/produkt\/oelpumpendeckel-fuer-die-serie-2000-volvo-penta-840498\/","title":{"rendered":"\u00d6lpumpendeckel f\u00fcr die Serie 2000 Volvo Penta 840498"},"content":{"rendered":"<p>\u00d6lpumpendeckel f\u00fcr Serie 2000 Volvo Penta 840498<\/p>\n<p>Volvo Penta 2001, 2002, 2003<\/p>\n<p>Gebrauchtes Produkt<\/p>\n","protected":false},"excerpt":{"rendered":"<p>\u00d6lpumpendeckel f\u00fcr Serie 2000 Volvo Penta 840498 Volvo Penta 2001, 2002, 2003 Gebrauchtes Produkt<\/p>\n","protected":false},"featured_media":35305,"comment_status":"open","ping_status":"closed","template":"","meta":[],"product_brand":[4230],"product_cat":[4488,2498,3508,3509,4308,4467,4470,4473,4466],"product_tag":[2930],"class_list":{"0":"post-35304","1":"product","2":"type-product","3":"status-publish","4":"has-post-thumbnail","6":"product_brand-volvo-penta","7":"product_cat-brauchen-sie-volvo-penta-teile","8":"product_cat-ersatzteile-fur-motoren","9":"product_cat-motor-schmiersystem","10":"product_cat-olpumpen","11":"product_cat-volvo-penta","12":"product_cat-volvo-penta-2001-teile","13":"product_cat-volvo-penta-2002-teile","14":"product_cat-volvo-penta-2003-teile","15":"product_cat-volvo-penta-serie-2000","16":"product_tag-gebraucht-2","18":"first","19":"instock","20":"taxable","21":"shipping-taxable","22":"purchasable","23":"product-type-simple"},"supplier_id":null,"supplier_sku":"","barcode":null,"atum_controlled":true,"out_stock_date":null,"out_stock_threshold":null,"inheritable":false,"inbound_stock":null,"stock_on_hold":0,"sold_today":0,"sales_last_days":0,"reserved_stock":null,"customer_returns":null,"warehouse_damage":null,"lost_in_post":null,"other_logs":null,"out_stock_days":0,"lost_sales":0,"has_location":null,"update_date":"2025-11-04T10:47:57","atum_locations":[],"atum_stock_status":"instock","restock_status":false,"low_stock_amount":1,"sales_update_date":"2025-08-29T00:00:36","calc_backorders":null,"_links":{"self":[{"href":"https:\/\/mps.digital-monkey.in\/de\/wp-json\/wp\/v2\/product\/35304","targetHints":{"allow":["GET"]}}],"collection":[{"href":"https:\/\/mps.digital-monkey.in\/de\/wp-json\/wp\/v2\/product"}],"about":[{"href":"https:\/\/mps.digital-monkey.in\/de\/wp-json\/wp\/v2\/types\/product"}],"replies":[{"embeddable":true,"href":"https:\/\/mps.digital-monkey.in\/de\/wp-json\/wp\/v2\/comments?post=35304"}],"wp:featuredmedia":[{"embeddable":true,"href":"https:\/\/mps.digital-monkey.in\/de\/wp-json\/wp\/v2\/media\/35305"}],"wp:attachment":[{"href":"https:\/\/mps.digital-monkey.in\/de\/wp-json\/wp\/v2\/media?parent=35304"}],"wp:term":[{"taxonomy":"product_brand","embeddable":true,"href":"https:\/\/mps.digital-monkey.in\/de\/wp-json\/wp\/v2\/product_brand?post=35304"},{"taxonomy":"product_cat","embeddable":true,"href":"https:\/\/mps.digital-monkey.in\/de\/wp-json\/wp\/v2\/product_cat?post=35304"},{"taxonomy":"product_tag","embeddable":true,"href":"https:\/\/mps.digital-monkey.in\/de\/wp-json\/wp\/v2\/product_tag?post=35304"}],"curies":[{"name":"wp","href":"https:\/\/api.w.org\/{rel}","templated":true}]}}