{"id":35323,"date":"2025-06-17T14:04:26","date_gmt":"2025-06-17T14:04:26","guid":{"rendered":"https:\/\/mps.digital-monkey.in\/product\/stoesselhuelse-fuer-kraftstoffpumpe-volvo-penta-840598\/"},"modified":"2025-11-04T10:59:29","modified_gmt":"2025-11-04T10:59:29","slug":"stoesselhuelse-fuer-kraftstoffpumpe-volvo-penta-840598","status":"publish","type":"product","link":"https:\/\/mps.digital-monkey.in\/de\/produkt\/stoesselhuelse-fuer-kraftstoffpumpe-volvo-penta-840598\/","title":{"rendered":"St\u00f6\u00dfelh\u00fclse f\u00fcr Kraftstoffpumpe Volvo Penta 840598"},"content":{"rendered":"<p>St\u00f6\u00dfelh\u00fclse f\u00fcr Kraftstoffpumpe Volvo Penta 840598<\/p>\n<p> Volvo Penta 2000 Serie<\/p>\n<p>gebraucht<\/p>\n<p>pro St\u00fcck<\/p>\n","protected":false},"excerpt":{"rendered":"<p>St\u00f6\u00dfelh\u00fclse f\u00fcr Kraftstoffpumpe Volvo Penta 840598 Volvo Penta 2000 Serie gebraucht pro St\u00fcck<\/p>\n","protected":false},"featured_media":35324,"comment_status":"open","ping_status":"closed","template":"","meta":[],"product_brand":[4230],"product_cat":[4488,2498,3155],"product_tag":[2930],"class_list":{"0":"post-35323","1":"product","2":"type-product","3":"status-publish","4":"has-post-thumbnail","6":"product_brand-volvo-penta","7":"product_cat-brauchen-sie-volvo-penta-teile","8":"product_cat-ersatzteile-fur-motoren","9":"product_cat-ventile-zubehor","10":"product_tag-gebraucht-2","12":"first","13":"instock","14":"taxable","15":"shipping-taxable","16":"purchasable","17":"product-type-simple"},"supplier_id":null,"supplier_sku":"","barcode":null,"atum_controlled":true,"out_stock_date":null,"out_stock_threshold":null,"inheritable":false,"inbound_stock":null,"stock_on_hold":0,"sold_today":0,"sales_last_days":0,"reserved_stock":null,"customer_returns":null,"warehouse_damage":null,"lost_in_post":null,"other_logs":null,"out_stock_days":0,"lost_sales":0,"has_location":null,"update_date":"2025-11-04T10:47:56","atum_locations":[],"atum_stock_status":"instock","restock_status":false,"low_stock_amount":1,"sales_update_date":"2025-08-29T00:00:40","calc_backorders":null,"_links":{"self":[{"href":"https:\/\/mps.digital-monkey.in\/de\/wp-json\/wp\/v2\/product\/35323","targetHints":{"allow":["GET"]}}],"collection":[{"href":"https:\/\/mps.digital-monkey.in\/de\/wp-json\/wp\/v2\/product"}],"about":[{"href":"https:\/\/mps.digital-monkey.in\/de\/wp-json\/wp\/v2\/types\/product"}],"replies":[{"embeddable":true,"href":"https:\/\/mps.digital-monkey.in\/de\/wp-json\/wp\/v2\/comments?post=35323"}],"wp:featuredmedia":[{"embeddable":true,"href":"https:\/\/mps.digital-monkey.in\/de\/wp-json\/wp\/v2\/media\/35324"}],"wp:attachment":[{"href":"https:\/\/mps.digital-monkey.in\/de\/wp-json\/wp\/v2\/media?parent=35323"}],"wp:term":[{"taxonomy":"product_brand","embeddable":true,"href":"https:\/\/mps.digital-monkey.in\/de\/wp-json\/wp\/v2\/product_brand?post=35323"},{"taxonomy":"product_cat","embeddable":true,"href":"https:\/\/mps.digital-monkey.in\/de\/wp-json\/wp\/v2\/product_cat?post=35323"},{"taxonomy":"product_tag","embeddable":true,"href":"https:\/\/mps.digital-monkey.in\/de\/wp-json\/wp\/v2\/product_tag?post=35323"}],"curies":[{"name":"wp","href":"https:\/\/api.w.org\/{rel}","templated":true}]}}