{"id":35441,"date":"2025-06-17T14:05:25","date_gmt":"2025-06-17T14:05:25","guid":{"rendered":"https:\/\/mps.digital-monkey.in\/product\/auspuffkruemmer-volvo-penta-auspuffkruemmer-845541\/"},"modified":"2025-11-04T10:48:55","modified_gmt":"2025-11-04T10:48:55","slug":"auspuffkruemmer-volvo-penta-auspuffkruemmer-845541","status":"publish","type":"product","link":"https:\/\/mps.digital-monkey.in\/de\/produkt\/auspuffkruemmer-volvo-penta-auspuffkruemmer-845541\/","title":{"rendered":"Auspuffkr\u00fcmmer Volvo Penta Auspuffkr\u00fcmmer 845541"},"content":{"rendered":"<p>Abgaskr\u00fcmmer Volvo Penta Abgaskr\u00fcmmer 845541<\/p>\n<p>AD30A, AQAD30A, MD30A, TAMD30A, TMD30A, AD30, AQAD30, MD30, TAMD30, TMD30<\/p>\n<p>Gebraucht<\/p>\n","protected":false},"excerpt":{"rendered":"<p>Abgaskr\u00fcmmer Volvo Penta Abgaskr\u00fcmmer 845541 AD30A, AQAD30A, MD30A, TAMD30A, TMD30A, AD30, AQAD30, MD30, TAMD30, TMD30 Gebraucht<\/p>\n","protected":false},"featured_media":35442,"comment_status":"open","ping_status":"closed","template":"","meta":[],"product_brand":[4230],"product_cat":[3207,3636,4488,2532],"product_tag":[2930],"class_list":{"0":"post-35441","1":"product","2":"type-product","3":"status-publish","4":"has-post-thumbnail","6":"product_brand-volvo-penta","7":"product_cat-auspuffanlagen","8":"product_cat-auspuffkrummer","9":"product_cat-brauchen-sie-volvo-penta-teile","10":"product_cat-motorenteile","11":"product_tag-gebraucht-2","12":"pa_condition-gebraucht","13":"pa_model-ad30","14":"pa_model-aqad30","15":"pa_model-md30","16":"pa_model-tamd30","17":"pa_model-tmd30","18":"pa_oem-or-aftermarket-oem","20":"first","21":"instock","22":"taxable","23":"shipping-taxable","24":"purchasable","25":"product-type-simple"},"supplier_id":null,"supplier_sku":"","barcode":null,"atum_controlled":true,"out_stock_date":null,"out_stock_threshold":null,"inheritable":false,"inbound_stock":null,"stock_on_hold":0,"sold_today":0,"sales_last_days":0,"reserved_stock":null,"customer_returns":null,"warehouse_damage":null,"lost_in_post":null,"other_logs":null,"out_stock_days":0,"lost_sales":0,"has_location":null,"update_date":"2025-11-04T10:47:56","atum_locations":[],"atum_stock_status":"instock","restock_status":false,"low_stock_amount":1,"sales_update_date":"2025-08-29T00:00:36","calc_backorders":null,"_links":{"self":[{"href":"https:\/\/mps.digital-monkey.in\/de\/wp-json\/wp\/v2\/product\/35441","targetHints":{"allow":["GET"]}}],"collection":[{"href":"https:\/\/mps.digital-monkey.in\/de\/wp-json\/wp\/v2\/product"}],"about":[{"href":"https:\/\/mps.digital-monkey.in\/de\/wp-json\/wp\/v2\/types\/product"}],"replies":[{"embeddable":true,"href":"https:\/\/mps.digital-monkey.in\/de\/wp-json\/wp\/v2\/comments?post=35441"}],"wp:featuredmedia":[{"embeddable":true,"href":"https:\/\/mps.digital-monkey.in\/de\/wp-json\/wp\/v2\/media\/35442"}],"wp:attachment":[{"href":"https:\/\/mps.digital-monkey.in\/de\/wp-json\/wp\/v2\/media?parent=35441"}],"wp:term":[{"taxonomy":"product_brand","embeddable":true,"href":"https:\/\/mps.digital-monkey.in\/de\/wp-json\/wp\/v2\/product_brand?post=35441"},{"taxonomy":"product_cat","embeddable":true,"href":"https:\/\/mps.digital-monkey.in\/de\/wp-json\/wp\/v2\/product_cat?post=35441"},{"taxonomy":"product_tag","embeddable":true,"href":"https:\/\/mps.digital-monkey.in\/de\/wp-json\/wp\/v2\/product_tag?post=35441"}],"curies":[{"name":"wp","href":"https:\/\/api.w.org\/{rel}","templated":true}]}}