{"id":35557,"date":"2025-06-17T14:05:57","date_gmt":"2025-06-17T14:05:57","guid":{"rendered":"https:\/\/mps.digital-monkey.in\/product\/faltenbalgsatz-volvo-penta-saildrive-110s-120s-130s-150s-ms25-854934-21389074-aftermarket\/"},"modified":"2025-12-02T11:06:43","modified_gmt":"2025-12-02T11:06:43","slug":"faltenbalgsatz-volvo-penta-saildrive-110s-120s-130s-150s-ms25-854934-21389074-aftermarket","status":"publish","type":"product","link":"https:\/\/mps.digital-monkey.in\/de\/product\/faltenbalgsatz-volvo-penta-saildrive-110s-120s-130s-150s-ms25-854934-21389074-aftermarket\/","title":{"rendered":"Faltenbalgsatz Volvo Penta Saildrive 110S, 120S, 130S, 150S, MS25| 854934 &#8211; 21389074 (Aftermarket)"},"content":{"rendered":"<p><strong>Faltenbalgsatz f\u00fcr Volvo Penta Saildrive (110S, 120S, 130S, 150S, MS25)<br \/>\n<\/strong>Dieser hochwertige Faltenbalgsatz ist eine hervorragende Alternative zum Originalprodukt von Volvo Penta. Hergestellt aus langlebigen Materialien und pr\u00e4zise konstruiert, bietet dieser Satz eine zuverl\u00e4ssige und kosteng\u00fcnstige L\u00f6sung f\u00fcr Ihren Saildrive.<br \/>\n<strong><br \/>\n<\/strong><\/p>\n<p><strong>Kompatibel mit den folgenden Modellen:<\/strong><\/p>\n<ul>\n<li>Saildrive <strong>110S<\/strong><\/li>\n<\/ul>\n<ul>\n<li>Saildrive <strong>120S<\/strong><\/li>\n<\/ul>\n<ul>\n<li>Saildrive <strong>130S<\/strong><\/li>\n<\/ul>\n<ul>\n<li>Saildrive <strong>150S<\/strong><\/li>\n<\/ul>\n<ul>\n<li>Saildrive <strong>MS25<\/strong><\/li>\n<\/ul>\n<p><strong> <\/strong><\/p>\n<p><strong>Merkmale:<\/strong><\/p>\n<ul>\n<li><strong>Qualit\u00e4t und Haltbarkeit:<\/strong> Hergestellt aus hochwertigen Materialien f\u00fcr lang anhaltende Leistung.<\/li>\n<\/ul>\n<ul>\n<li><strong>Perfekte Passform:<\/strong> Entwickelt, um nahtlos zu den angegebenen Modellen zu passen.<\/li>\n<\/ul>\n<ul>\n<li><strong>Erschwingliche Alternative:<\/strong> Bietet die gleiche Funktionalit\u00e4t wie das Original, zu einem g\u00fcnstigen Preis.<\/li>\n<\/ul>\n<p><strong> <\/strong><\/p>\n<p><strong>Warum sollten Sie sich f\u00fcr dieses Balg-Set entscheiden?<\/strong>Das Faltenbalg-Kit ist unerl\u00e4sslich, um Ihren Saildrive vor Wassereintritt und Verschlei\u00df zu sch\u00fctzen. Mit diesem Ersatzkit k\u00f6nnen Sie sicherstellen, dass Ihr Saildrive auch unter anspruchsvollen Bedingungen optimal funktioniert.brauchen Sie Hilfe bei der Suche nach dem richtigen Produkt?<br \/>\nKontaktieren Sie uns &#8211; wir helfen Ihnen gerne weiter!<\/p>\n<p>&nbsp;<\/p>\n<p>&nbsp;<\/p>\n","protected":false},"excerpt":{"rendered":"<p>Faltenbalgsatz f\u00fcr Volvo Penta Saildrive (110S, 120S, 130S, 150S, MS25) Dieser hochwertige Faltenbalgsatz ist eine hervorragende Alternative zum Originalprodukt von Volvo Penta. Hergestellt aus langlebigen Materialien und pr\u00e4zise konstruiert, bietet dieser Satz eine zuverl\u00e4ssige und kosteng\u00fcnstige L\u00f6sung f\u00fcr Ihren Saildrive. Kompatibel mit den folgenden Modellen: Saildrive 110S Saildrive 120S Saildrive 130S Saildrive 150S Saildrive MS25 [&hellip;]<\/p>\n","protected":false},"featured_media":35558,"comment_status":"open","ping_status":"closed","template":"","meta":[],"product_brand":[4230],"product_cat":[2498,3037,3972,4599,4574,4526],"product_tag":[],"class_list":{"0":"post-35557","1":"product","2":"type-product","3":"status-publish","4":"has-post-thumbnail","6":"product_brand-volvo-penta","7":"product_cat-ersatzteile-fur-motoren","8":"product_cat-kits-fur-wartung-und-reparatur","9":"product_cat-saildrive-reparatur-kits","10":"product_cat-volvo-penta-120s-saildrive-service-teile","11":"product_cat-volvo-penta-saildrive-service-teile","12":"product_cat-volvo-penta-service-teile","13":"pa_condition-neu","14":"pa_model-110s","15":"pa_model-120s","16":"pa_model-130s","17":"pa_model-150s","18":"pa_model-ms25","19":"pa_oem-or-aftermarket-aftermarket","21":"first","22":"onbackorder","23":"taxable","24":"shipping-taxable","25":"purchasable","26":"product-type-simple"},"supplier_id":null,"supplier_sku":"","barcode":null,"atum_controlled":true,"out_stock_date":"2026-03-18 15:58:00","out_stock_threshold":null,"inheritable":false,"inbound_stock":0,"stock_on_hold":1,"sold_today":1,"sales_last_days":1,"reserved_stock":0,"customer_returns":0,"warehouse_damage":0,"lost_in_post":0,"other_logs":0,"out_stock_days":0,"lost_sales":0,"has_location":false,"update_date":"2026-03-18T15:58:12","atum_locations":[],"atum_stock_status":"onbackorder","restock_status":false,"low_stock_amount":"","sales_update_date":"2026-03-18T15:58:12","calc_backorders":0,"_links":{"self":[{"href":"https:\/\/mps.digital-monkey.in\/de\/wp-json\/wp\/v2\/product\/35557","targetHints":{"allow":["GET"]}}],"collection":[{"href":"https:\/\/mps.digital-monkey.in\/de\/wp-json\/wp\/v2\/product"}],"about":[{"href":"https:\/\/mps.digital-monkey.in\/de\/wp-json\/wp\/v2\/types\/product"}],"replies":[{"embeddable":true,"href":"https:\/\/mps.digital-monkey.in\/de\/wp-json\/wp\/v2\/comments?post=35557"}],"wp:featuredmedia":[{"embeddable":true,"href":"https:\/\/mps.digital-monkey.in\/de\/wp-json\/wp\/v2\/media\/35558"}],"wp:attachment":[{"href":"https:\/\/mps.digital-monkey.in\/de\/wp-json\/wp\/v2\/media?parent=35557"}],"wp:term":[{"taxonomy":"product_brand","embeddable":true,"href":"https:\/\/mps.digital-monkey.in\/de\/wp-json\/wp\/v2\/product_brand?post=35557"},{"taxonomy":"product_cat","embeddable":true,"href":"https:\/\/mps.digital-monkey.in\/de\/wp-json\/wp\/v2\/product_cat?post=35557"},{"taxonomy":"product_tag","embeddable":true,"href":"https:\/\/mps.digital-monkey.in\/de\/wp-json\/wp\/v2\/product_tag?post=35557"}],"curies":[{"name":"wp","href":"https:\/\/api.w.org\/{rel}","templated":true}]}}