{"id":35626,"date":"2025-06-17T14:06:29","date_gmt":"2025-06-17T14:06:29","guid":{"rendered":"https:\/\/mps.digital-monkey.in\/product\/volvo-penta-md6-volvo-penta-md7-auspuffkruemmerdichtung-volvo-penta-859194-3875382\/"},"modified":"2025-10-29T10:59:10","modified_gmt":"2025-10-29T10:59:10","slug":"volvo-penta-md6-volvo-penta-md7-auspuffkruemmerdichtung-volvo-penta-859194-3875382","status":"publish","type":"product","link":"https:\/\/mps.digital-monkey.in\/de\/produkt\/volvo-penta-md6-volvo-penta-md7-auspuffkruemmerdichtung-volvo-penta-859194-3875382\/","title":{"rendered":"Volvo Penta MD6, Volvo Penta MD7 Auspuffkr\u00fcmmerdichtung Volvo Penta 859194 - 3875382"},"content":{"rendered":"<p><strong>Diese Auspuffkr\u00fcmmerdichtung passt f\u00fcr folgende Motoren:<\/strong><\/p>\n<p>Volvo Penta MD6A, Volvo Penta MD6B<br \/>\nVolvo Penta MD7A, Volvo Penta MD7B<\/p>\n<p><strong> Dies ist kein Originalprodukt von Volvo (AFTERMARKET),<br \/>\nsondern ein Ersatzprodukt von guter Qualit\u00e4t.<\/strong><\/p>\n","protected":false},"excerpt":{"rendered":"<p>Diese Auspuffkr\u00fcmmerdichtung passt f\u00fcr folgende Motoren: Volvo Penta MD6A, Volvo Penta MD6B Volvo Penta MD7A, Volvo Penta MD7B Dies ist kein Originalprodukt von Volvo (AFTERMARKET), sondern ein Ersatzprodukt von guter Qualit\u00e4t.<\/p>\n","protected":false},"featured_media":35627,"comment_status":"open","ping_status":"closed","template":"","meta":[],"product_brand":[4230],"product_cat":[2498,4308,4309,4360,4363,4526],"product_tag":[],"class_list":{"0":"post-35626","1":"product","2":"type-product","3":"status-publish","4":"has-post-thumbnail","6":"product_brand-volvo-penta","7":"product_cat-ersatzteile-fur-motoren","8":"product_cat-volvo-penta","9":"product_cat-volvo-penta-md-serie","10":"product_cat-volvo-penta-md6","11":"product_cat-volvo-penta-md7","12":"product_cat-volvo-penta-service-teile","14":"first","15":"onbackorder","16":"taxable","17":"shipping-taxable","18":"purchasable","19":"product-type-simple"},"supplier_id":null,"supplier_sku":"","barcode":null,"atum_controlled":true,"out_stock_date":"2025-11-21 12:49:14","out_stock_threshold":null,"inheritable":false,"inbound_stock":null,"stock_on_hold":0,"sold_today":0,"sales_last_days":0,"reserved_stock":null,"customer_returns":null,"warehouse_damage":null,"lost_in_post":null,"other_logs":null,"out_stock_days":0,"lost_sales":0,"has_location":null,"update_date":"2025-11-21T12:49:49","atum_locations":[],"atum_stock_status":"onbackorder","restock_status":false,"low_stock_amount":"","sales_update_date":"2025-08-29T00:00:40","calc_backorders":0,"_links":{"self":[{"href":"https:\/\/mps.digital-monkey.in\/de\/wp-json\/wp\/v2\/product\/35626","targetHints":{"allow":["GET"]}}],"collection":[{"href":"https:\/\/mps.digital-monkey.in\/de\/wp-json\/wp\/v2\/product"}],"about":[{"href":"https:\/\/mps.digital-monkey.in\/de\/wp-json\/wp\/v2\/types\/product"}],"replies":[{"embeddable":true,"href":"https:\/\/mps.digital-monkey.in\/de\/wp-json\/wp\/v2\/comments?post=35626"}],"wp:featuredmedia":[{"embeddable":true,"href":"https:\/\/mps.digital-monkey.in\/de\/wp-json\/wp\/v2\/media\/35627"}],"wp:attachment":[{"href":"https:\/\/mps.digital-monkey.in\/de\/wp-json\/wp\/v2\/media?parent=35626"}],"wp:term":[{"taxonomy":"product_brand","embeddable":true,"href":"https:\/\/mps.digital-monkey.in\/de\/wp-json\/wp\/v2\/product_brand?post=35626"},{"taxonomy":"product_cat","embeddable":true,"href":"https:\/\/mps.digital-monkey.in\/de\/wp-json\/wp\/v2\/product_cat?post=35626"},{"taxonomy":"product_tag","embeddable":true,"href":"https:\/\/mps.digital-monkey.in\/de\/wp-json\/wp\/v2\/product_tag?post=35626"}],"curies":[{"name":"wp","href":"https:\/\/api.w.org\/{rel}","templated":true}]}}