{"id":35665,"date":"2025-06-17T14:06:54","date_gmt":"2025-06-17T14:06:54","guid":{"rendered":"https:\/\/mps.digital-monkey.in\/product\/kuehlwasserleitung-2003-2003t-volvo-penta-860474\/"},"modified":"2025-11-02T15:44:10","modified_gmt":"2025-11-02T15:44:10","slug":"kuehlwasserleitung-2003-2003t-volvo-penta-860474","status":"publish","type":"product","link":"https:\/\/mps.digital-monkey.in\/de\/produkt\/kuehlwasserleitung-2003-2003t-volvo-penta-860474\/","title":{"rendered":"K\u00fchlwasserleitung 2003 - 2003T Volvo Penta 860474"},"content":{"rendered":"<p>K\u00fchlwasserleitung 2003 - 2003T Volvo Penta 860474<\/p>\n<p>Leitung zwischen der Wasserpumpe und dem \u00d6lk\u00fchler 2003 2003T<\/p>\n<p>Gebrauchtes Produkt<\/p>\n","protected":false},"excerpt":{"rendered":"<p>K\u00fchlwasserleitung 2003 - 2003T Volvo Penta 860474 Leitung zwischen der Wasserpumpe und dem \u00d6lk\u00fchler 2003 2003T Gebrauchtes Produkt<\/p>\n","protected":false},"featured_media":35666,"comment_status":"open","ping_status":"closed","template":"","meta":[],"product_brand":[4230],"product_cat":[4496,3228,2532,4308,4473,4476,4466,3247],"product_tag":[2930],"class_list":{"0":"post-35665","1":"product","2":"type-product","3":"status-publish","4":"has-post-thumbnail","6":"product_brand-volvo-penta","7":"product_cat-gebrauchte-volvo-penta-teile-kaufen","8":"product_cat-kuhlsysteme","9":"product_cat-motorenteile","10":"product_cat-volvo-penta","11":"product_cat-volvo-penta-2003-teile","12":"product_cat-volvo-penta-2003t-teile","13":"product_cat-volvo-penta-serie-2000","14":"product_cat-wasserrohre-schlauche","15":"product_tag-gebraucht-2","16":"pa_condition-gebraucht","17":"pa_model-3090","18":"pa_model-2003t","19":"pa_oem-or-aftermarket-oem","21":"first","22":"instock","23":"taxable","24":"shipping-taxable","25":"purchasable","26":"product-type-simple"},"supplier_id":null,"supplier_sku":"","barcode":null,"atum_controlled":true,"out_stock_date":null,"out_stock_threshold":null,"inheritable":false,"inbound_stock":null,"stock_on_hold":0,"sold_today":0,"sales_last_days":0,"reserved_stock":null,"customer_returns":null,"warehouse_damage":null,"lost_in_post":null,"other_logs":null,"out_stock_days":0,"lost_sales":0,"has_location":null,"update_date":"2025-11-04T10:45:05","atum_locations":[],"atum_stock_status":"instock","restock_status":false,"low_stock_amount":1,"sales_update_date":"2025-08-29T00:00:37","calc_backorders":null,"_links":{"self":[{"href":"https:\/\/mps.digital-monkey.in\/de\/wp-json\/wp\/v2\/product\/35665","targetHints":{"allow":["GET"]}}],"collection":[{"href":"https:\/\/mps.digital-monkey.in\/de\/wp-json\/wp\/v2\/product"}],"about":[{"href":"https:\/\/mps.digital-monkey.in\/de\/wp-json\/wp\/v2\/types\/product"}],"replies":[{"embeddable":true,"href":"https:\/\/mps.digital-monkey.in\/de\/wp-json\/wp\/v2\/comments?post=35665"}],"wp:featuredmedia":[{"embeddable":true,"href":"https:\/\/mps.digital-monkey.in\/de\/wp-json\/wp\/v2\/media\/35666"}],"wp:attachment":[{"href":"https:\/\/mps.digital-monkey.in\/de\/wp-json\/wp\/v2\/media?parent=35665"}],"wp:term":[{"taxonomy":"product_brand","embeddable":true,"href":"https:\/\/mps.digital-monkey.in\/de\/wp-json\/wp\/v2\/product_brand?post=35665"},{"taxonomy":"product_cat","embeddable":true,"href":"https:\/\/mps.digital-monkey.in\/de\/wp-json\/wp\/v2\/product_cat?post=35665"},{"taxonomy":"product_tag","embeddable":true,"href":"https:\/\/mps.digital-monkey.in\/de\/wp-json\/wp\/v2\/product_tag?post=35665"}],"curies":[{"name":"wp","href":"https:\/\/api.w.org\/{rel}","templated":true}]}}