{"id":35682,"date":"2025-06-17T14:06:55","date_gmt":"2025-06-17T14:06:55","guid":{"rendered":"https:\/\/mps.digital-monkey.in\/product\/oelfilter-861473\/"},"modified":"2025-12-02T09:30:31","modified_gmt":"2025-12-02T09:30:31","slug":"oelfilter-861473","status":"publish","type":"product","link":"https:\/\/mps.digital-monkey.in\/de\/product\/oelfilter-861473\/","title":{"rendered":"Volvo Penta \u00d6lfilter 861473"},"content":{"rendered":"<p data-start=\"432\" data-end=\"467\"><strong data-start=\"432\" data-end=\"465\">Volvo Penta \u00d6lfilter 861473<\/strong><\/p>\n<p data-start=\"469\" data-end=\"667\">Pflegen Sie Ihren Volvo Penta Motor mit diesem hochwertigen \u00d6lfilter 861473. Er wurde f\u00fcr eine hervorragende Filtration entwickelt, h\u00e4lt das \u00d6l sauber, sch\u00fctzt die Motorkomponenten und sorgt f\u00fcr optimale Leistung. <\/p>\n<p data-start=\"669\" data-end=\"694\"><strong data-start=\"669\" data-end=\"692\">Kompatible Motoren:<\/strong><\/p>\n<ul data-start=\"695\" data-end=\"850\">\n<li data-start=\"695\" data-end=\"758\">\n<p data-start=\"697\" data-end=\"758\"><strong data-start=\"697\" data-end=\"711\">D1-Serie:<\/strong> D1-13, D1-13B, D1-13F, D1-20, D1-20B, D1-20F<\/p>\n<\/li>\n<li data-start=\"759\" data-end=\"850\">\n<p data-start=\"761\" data-end=\"850\"><strong data-start=\"761\" data-end=\"775\">MD-Serie:<\/strong> MD2010, MD2010B, MD2010-C, MD2010-D, MD2020, MD2020B, MD2020-C, MD2020-D<\/p>\n<\/li>\n<\/ul>\n<p data-start=\"852\" data-end=\"871\"><strong data-start=\"852\" data-end=\"869\">Wichtige Merkmale:<\/strong><\/p>\n<ul data-start=\"872\" data-end=\"1040\">\n<li data-start=\"872\" data-end=\"917\">\n<p data-start=\"874\" data-end=\"917\">\u00dcberlegene Filtration zum Schutz des Motors<\/p>\n<\/li>\n<li data-start=\"918\" data-end=\"974\">\n<p data-start=\"920\" data-end=\"974\">Sorgt f\u00fcr eine saubere \u00d6lzirkulation f\u00fcr Spitzenleistung<\/p>\n<\/li>\n<li data-start=\"975\" data-end=\"1040\">\n<p data-start=\"977\" data-end=\"1040\">Langlebiger und zuverl\u00e4ssiger Ersatz f\u00fcr die Motoren der D1- und MD-Serie<\/p>\n<\/li>\n<\/ul>\n<p data-start=\"1042\" data-end=\"1163\">Perfekt f\u00fcr die <strong data-start=\"1054\" data-end=\"1099\">professionelle oder selbst durchgef\u00fchrte Wartung<\/strong>, um die Lebensdauer des Motors zu verl\u00e4ngern und einen reibungslosen Betrieb zu gew\u00e4hrleisten.<\/p>\n","protected":false},"excerpt":{"rendered":"<p>Volvo Penta \u00d6lfilter 861473 Pflegen Sie Ihren Volvo Penta Motor mit diesem hochwertigen \u00d6lfilter 861473. Er wurde f\u00fcr eine hervorragende Filtration entwickelt, h\u00e4lt das \u00d6l sauber, sch\u00fctzt die Motorkomponenten und sorgt f\u00fcr optimale Leistung. Kompatible Motoren: D1-Serie: D1-13, D1-13B, D1-13F, D1-20, D1-20B, D1-20F MD-Serie: MD2010, MD2010B, MD2010-C, MD2010-D, MD2020, MD2020B, MD2020-C, MD2020-D Wichtige Merkmale: \u00dcberlegene [&hellip;]<\/p>\n","protected":false},"featured_media":25992,"comment_status":"open","ping_status":"closed","template":"","meta":[],"product_brand":[4230],"product_cat":[2498,2790,4308,4295,4290,4309,4310,4312,4587,4526],"product_tag":[],"class_list":{"0":"post-35682","1":"product","2":"type-product","3":"status-publish","4":"has-post-thumbnail","6":"product_brand-volvo-penta","7":"product_cat-ersatzteile-fur-motoren","8":"product_cat-olfilter","9":"product_cat-volvo-penta","10":"product_cat-volvo-penta-d1-13-teile","11":"product_cat-volvo-penta-d1-20-teile","12":"product_cat-volvo-penta-md-serie","13":"product_cat-volvo-penta-md2010-teile","14":"product_cat-volvo-penta-md2020-teile","15":"product_cat-volvo-penta-olfilter","16":"product_cat-volvo-penta-service-teile","17":"pa_condition-neu","18":"pa_model-d1-13","19":"pa_model-d1-20","20":"pa_model-md2010","21":"pa_model-md2020","22":"pa_oem-or-aftermarket-oem","24":"first","25":"instock","26":"taxable","27":"shipping-taxable","28":"purchasable","29":"product-type-simple"},"supplier_id":32142,"supplier_sku":"861473","barcode":null,"atum_controlled":true,"out_stock_date":null,"out_stock_threshold":null,"inheritable":false,"inbound_stock":0,"stock_on_hold":0,"sold_today":0,"sales_last_days":0,"reserved_stock":0,"customer_returns":0,"warehouse_damage":0,"lost_in_post":0,"other_logs":0,"out_stock_days":0,"lost_sales":0,"has_location":false,"update_date":"2026-03-05T15:27:29","atum_locations":[],"atum_stock_status":"instock","restock_status":false,"low_stock_amount":"","sales_update_date":"2026-03-05T15:27:29","calc_backorders":null,"_links":{"self":[{"href":"https:\/\/mps.digital-monkey.in\/de\/wp-json\/wp\/v2\/product\/35682","targetHints":{"allow":["GET"]}}],"collection":[{"href":"https:\/\/mps.digital-monkey.in\/de\/wp-json\/wp\/v2\/product"}],"about":[{"href":"https:\/\/mps.digital-monkey.in\/de\/wp-json\/wp\/v2\/types\/product"}],"replies":[{"embeddable":true,"href":"https:\/\/mps.digital-monkey.in\/de\/wp-json\/wp\/v2\/comments?post=35682"}],"wp:featuredmedia":[{"embeddable":true,"href":"https:\/\/mps.digital-monkey.in\/de\/wp-json\/wp\/v2\/media\/25992"}],"wp:attachment":[{"href":"https:\/\/mps.digital-monkey.in\/de\/wp-json\/wp\/v2\/media?parent=35682"}],"wp:term":[{"taxonomy":"product_brand","embeddable":true,"href":"https:\/\/mps.digital-monkey.in\/de\/wp-json\/wp\/v2\/product_brand?post=35682"},{"taxonomy":"product_cat","embeddable":true,"href":"https:\/\/mps.digital-monkey.in\/de\/wp-json\/wp\/v2\/product_cat?post=35682"},{"taxonomy":"product_tag","embeddable":true,"href":"https:\/\/mps.digital-monkey.in\/de\/wp-json\/wp\/v2\/product_tag?post=35682"}],"curies":[{"name":"wp","href":"https:\/\/api.w.org\/{rel}","templated":true}]}}