{"id":35703,"date":"2025-06-17T14:07:19","date_gmt":"2025-06-17T14:07:19","guid":{"rendered":"https:\/\/mps.digital-monkey.in\/product\/oelfilter-8692305\/"},"modified":"2025-12-02T09:30:29","modified_gmt":"2025-12-02T09:30:29","slug":"oelfilter-8692305","status":"publish","type":"product","link":"https:\/\/mps.digital-monkey.in\/de\/product\/oelfilter-8692305\/","title":{"rendered":"Volvo Penta \u00d6lfilter 8692305"},"content":{"rendered":"<p data-start=\"456\" data-end=\"492\"><strong data-start=\"456\" data-end=\"490\">Volvo Penta \u00d6lfilter 8692305<\/strong><\/p>\n<p data-start=\"494\" data-end=\"669\">Pflegen Sie Ihre Volvo Penta D3 Motoren mit diesem Original-\u00d6lfilter 8692305. Er wurde f\u00fcr einen optimalen Motorschutz entwickelt, sorgt f\u00fcr eine saubere \u00d6lzirkulation und verl\u00e4ngert die Lebensdauer des Motors. <\/p>\n<p data-start=\"671\" data-end=\"696\"><strong data-start=\"671\" data-end=\"694\">Kompatible Motoren:<\/strong><\/p>\n<ul data-start=\"697\" data-end=\"937\">\n<li data-start=\"697\" data-end=\"732\">\n<p data-start=\"699\" data-end=\"732\">D3-110I-A, D3-110I-B, D3-110I-C<\/p>\n<\/li>\n<li data-start=\"733\" data-end=\"768\">\n<p data-start=\"735\" data-end=\"768\">D3-130A-A, D3-130A-B, D3-130A-C<\/p>\n<\/li>\n<li data-start=\"769\" data-end=\"804\">\n<p data-start=\"771\" data-end=\"804\">D3-130I-A, D3-130I-B, D3-130I-C<\/p>\n<\/li>\n<li data-start=\"805\" data-end=\"840\">\n<p data-start=\"807\" data-end=\"840\">D3-160A-A, D3-160A-B, D3-160A-C<\/p>\n<\/li>\n<li data-start=\"841\" data-end=\"876\">\n<p data-start=\"843\" data-end=\"876\">D3-160I-A, D3-160I-B, D3-160I-C<\/p>\n<\/li>\n<li data-start=\"877\" data-end=\"901\">\n<p data-start=\"879\" data-end=\"901\">D3-190A-B, D3-190A-C<\/p>\n<\/li>\n<li data-start=\"902\" data-end=\"937\">\n<p data-start=\"904\" data-end=\"937\">D3-190I-A, D3-190I-B, D3-190I-C<\/p>\n<\/li>\n<\/ul>\n<p data-start=\"939\" data-end=\"958\"><strong data-start=\"939\" data-end=\"956\">Wichtige Merkmale:<\/strong><\/p>\n<ul data-start=\"959\" data-end=\"1130\">\n<li data-start=\"959\" data-end=\"1013\">\n<p data-start=\"961\" data-end=\"1013\">Bietet eine hervorragende Filtration zum Schutz des Motors<\/p>\n<\/li>\n<li data-start=\"1014\" data-end=\"1066\">\n<p data-start=\"1016\" data-end=\"1066\">Sorgt f\u00fcr einen sauberen \u00d6lfluss und optimale Leistung<\/p>\n<\/li>\n<li data-start=\"1067\" data-end=\"1130\">\n<p data-start=\"1069\" data-end=\"1130\">Langlebiger und zuverl\u00e4ssiger Ersatz f\u00fcr Volvo Penta D3 Motoren<\/p>\n<\/li>\n<\/ul>\n<p data-start=\"1132\" data-end=\"1247\">Dieser Filter eignet sich perfekt f\u00fcr die professionelle Wartung oder den Selbstbau und tr\u00e4gt dazu bei, dass Ihr D3-Motor effizient l\u00e4uft.<\/p>\n","protected":false},"excerpt":{"rendered":"<p>Volvo Penta \u00d6lfilter 8692305 Pflegen Sie Ihre Volvo Penta D3 Motoren mit diesem Original-\u00d6lfilter 8692305. Er wurde f\u00fcr einen optimalen Motorschutz entwickelt, sorgt f\u00fcr eine saubere \u00d6lzirkulation und verl\u00e4ngert die Lebensdauer des Motors. Kompatible Motoren: D3-110I-A, D3-110I-B, D3-110I-C D3-130A-A, D3-130A-B, D3-130A-C D3-130I-A, D3-130I-B, D3-130I-C D3-160A-A, D3-160A-B, D3-160A-C D3-160I-A, D3-160I-B, D3-160I-C D3-190A-B, D3-190A-C D3-190I-A, D3-190I-B, D3-190I-C [&hellip;]<\/p>\n","protected":false},"featured_media":26028,"comment_status":"open","ping_status":"closed","template":"","meta":[],"product_brand":[4230],"product_cat":[2498,2790,4587,4526],"product_tag":[],"class_list":{"0":"post-35703","1":"product","2":"type-product","3":"status-publish","4":"has-post-thumbnail","6":"product_brand-volvo-penta","7":"product_cat-ersatzteile-fur-motoren","8":"product_cat-olfilter","9":"product_cat-volvo-penta-olfilter","10":"product_cat-volvo-penta-service-teile","11":"pa_condition-neu","12":"pa_model-d3-110","13":"pa_model-d3-130","14":"pa_model-d3-160","15":"pa_model-d3-190","16":"pa_oem-or-aftermarket-oem","18":"first","19":"onbackorder","20":"taxable","21":"shipping-taxable","22":"purchasable","23":"product-type-simple"},"supplier_id":null,"supplier_sku":"","barcode":null,"atum_controlled":true,"out_stock_date":"2025-12-01 14:23:49","out_stock_threshold":null,"inheritable":false,"inbound_stock":null,"stock_on_hold":0,"sold_today":0,"sales_last_days":0,"reserved_stock":null,"customer_returns":null,"warehouse_damage":null,"lost_in_post":null,"other_logs":null,"out_stock_days":0,"lost_sales":0,"has_location":false,"update_date":"2025-12-01T14:24:46","atum_locations":[],"atum_stock_status":"onbackorder","restock_status":false,"low_stock_amount":"","sales_update_date":"2025-08-29T00:00:40","calc_backorders":0,"_links":{"self":[{"href":"https:\/\/mps.digital-monkey.in\/de\/wp-json\/wp\/v2\/product\/35703","targetHints":{"allow":["GET"]}}],"collection":[{"href":"https:\/\/mps.digital-monkey.in\/de\/wp-json\/wp\/v2\/product"}],"about":[{"href":"https:\/\/mps.digital-monkey.in\/de\/wp-json\/wp\/v2\/types\/product"}],"replies":[{"embeddable":true,"href":"https:\/\/mps.digital-monkey.in\/de\/wp-json\/wp\/v2\/comments?post=35703"}],"wp:featuredmedia":[{"embeddable":true,"href":"https:\/\/mps.digital-monkey.in\/de\/wp-json\/wp\/v2\/media\/26028"}],"wp:attachment":[{"href":"https:\/\/mps.digital-monkey.in\/de\/wp-json\/wp\/v2\/media?parent=35703"}],"wp:term":[{"taxonomy":"product_brand","embeddable":true,"href":"https:\/\/mps.digital-monkey.in\/de\/wp-json\/wp\/v2\/product_brand?post=35703"},{"taxonomy":"product_cat","embeddable":true,"href":"https:\/\/mps.digital-monkey.in\/de\/wp-json\/wp\/v2\/product_cat?post=35703"},{"taxonomy":"product_tag","embeddable":true,"href":"https:\/\/mps.digital-monkey.in\/de\/wp-json\/wp\/v2\/product_tag?post=35703"}],"curies":[{"name":"wp","href":"https:\/\/api.w.org\/{rel}","templated":true}]}}