{"id":35706,"date":"2025-06-17T14:07:19","date_gmt":"2025-06-17T14:07:19","guid":{"rendered":"https:\/\/mps.digital-monkey.in\/product\/thermostat-volvo-penta-861911\/"},"modified":"2025-10-28T18:46:23","modified_gmt":"2025-10-28T18:46:23","slug":"thermostat-volvo-penta-861911","status":"publish","type":"product","link":"https:\/\/mps.digital-monkey.in\/de\/produkt\/thermostat-volvo-penta-861911\/","title":{"rendered":"Thermostat Volvo Penta 861911"},"content":{"rendered":"<h3><strong>Volvo Penta Thermostat - 861911<\/strong><\/h3>\n<p>Das Volvo Penta Thermostat 861911 ist ein <strong>Original-Erstausr\u00fcster-Thermostat<\/strong> zur Aufrechterhaltung der optimalen Motortemperatur und zum Schutz vor \u00dcberhitzung. Es ist auf Langlebigkeit und pr\u00e4zise Temperaturkontrolle ausgelegt und gew\u00e4hrleistet eine zuverl\u00e4ssige Motorleistung unter allen Bedingungen. <\/p>\n<p><strong>Kompatibel mit den folgenden Motoren:<\/strong><\/p>\n<ul>\n<li>\n<p>MD2010<\/p>\n<\/li>\n<li>\n<p>MD2010B<\/p>\n<\/li>\n<li>\n<p>MD2010-C<\/p>\n<\/li>\n<li>\n<p>MD2010-D<\/p>\n<\/li>\n<li>\n<p>MD2020<\/p>\n<\/li>\n<li>\n<p>MD2020B<\/p>\n<\/li>\n<li>\n<p>MD2020-C<\/p>\n<\/li>\n<li>\n<p>MD2020-D<\/p>\n<\/li>\n<\/ul>\n<p><strong>Wichtigste Vorteile:<\/strong><\/p>\n<ul>\n<li>\n<p>Sorgt f\u00fcr eine konstante Motortemperatur<\/p>\n<\/li>\n<li>\n<p>Sch\u00fctzt vor \u00dcberhitzung und Motorsch\u00e4den<\/p>\n<\/li>\n<li>\n<p>F\u00f6rdert eine effiziente Motorleistung<\/p>\n<\/li>\n<li>\n<p><strong>OEM-Qualit\u00e4t - direkt passend und langlebig<\/strong><\/p>\n<\/li>\n<\/ul>\n<hr>\n<p>\u2705 <strong>OEM Teilenummer:<\/strong> 861911<br \/>\n\u2699\ufe0f <strong>Anwendung:<\/strong> F\u00fcr Volvo Penta Motoren der Serien MD2010 und MD2020<br \/>\n???? <strong>Hinweis:<\/strong> Installieren Sie f\u00fcr beste Zuverl\u00e4ssigkeit und Kompatibilit\u00e4t immer OEM-Teile<\/p>\n<hr>\n","protected":false},"excerpt":{"rendered":"<p>Volvo Penta Thermostat - 861911 Das Volvo Penta Thermostat 861911 ist ein Original-Erstausr\u00fcster-Thermostat zur Aufrechterhaltung der optimalen Motortemperatur und zum Schutz vor \u00dcberhitzung. Es ist auf Langlebigkeit und pr\u00e4zise Temperaturkontrolle ausgelegt und gew\u00e4hrleistet eine zuverl\u00e4ssige Motorleistung unter allen Bedingungen. Kompatibel mit den folgenden Motoren: MD2010 MD2010B MD2010-C MD2010-D MD2020 MD2020B MD2020-C MD2020-D Wichtigste Vorteile: Sorgt [&hellip;]<\/p>\n","protected":false},"featured_media":26023,"comment_status":"open","ping_status":"closed","template":"","meta":[],"product_brand":[4230],"product_cat":[2498,3294,4308,4309,4310,4312,4526],"product_tag":[],"class_list":{"0":"post-35706","1":"product","2":"type-product","3":"status-publish","4":"has-post-thumbnail","6":"product_brand-volvo-penta","7":"product_cat-ersatzteile-fur-motoren","8":"product_cat-thermostate","9":"product_cat-volvo-penta","10":"product_cat-volvo-penta-md-serie","11":"product_cat-volvo-penta-md2010-teile","12":"product_cat-volvo-penta-md2020-teile","13":"product_cat-volvo-penta-service-teile","15":"first","16":"instock","17":"taxable","18":"shipping-taxable","19":"purchasable","20":"product-type-simple"},"supplier_id":null,"supplier_sku":"","barcode":null,"atum_controlled":true,"out_stock_date":null,"out_stock_threshold":null,"inheritable":false,"inbound_stock":null,"stock_on_hold":0,"sold_today":0,"sales_last_days":0,"reserved_stock":null,"customer_returns":null,"warehouse_damage":null,"lost_in_post":null,"other_logs":null,"out_stock_days":0,"lost_sales":0,"has_location":null,"update_date":"2025-11-21T12:49:49","atum_locations":[],"atum_stock_status":"instock","restock_status":false,"low_stock_amount":"","sales_update_date":"2025-08-29T00:00:37","calc_backorders":null,"_links":{"self":[{"href":"https:\/\/mps.digital-monkey.in\/de\/wp-json\/wp\/v2\/product\/35706","targetHints":{"allow":["GET"]}}],"collection":[{"href":"https:\/\/mps.digital-monkey.in\/de\/wp-json\/wp\/v2\/product"}],"about":[{"href":"https:\/\/mps.digital-monkey.in\/de\/wp-json\/wp\/v2\/types\/product"}],"replies":[{"embeddable":true,"href":"https:\/\/mps.digital-monkey.in\/de\/wp-json\/wp\/v2\/comments?post=35706"}],"wp:featuredmedia":[{"embeddable":true,"href":"https:\/\/mps.digital-monkey.in\/de\/wp-json\/wp\/v2\/media\/26023"}],"wp:attachment":[{"href":"https:\/\/mps.digital-monkey.in\/de\/wp-json\/wp\/v2\/media?parent=35706"}],"wp:term":[{"taxonomy":"product_brand","embeddable":true,"href":"https:\/\/mps.digital-monkey.in\/de\/wp-json\/wp\/v2\/product_brand?post=35706"},{"taxonomy":"product_cat","embeddable":true,"href":"https:\/\/mps.digital-monkey.in\/de\/wp-json\/wp\/v2\/product_cat?post=35706"},{"taxonomy":"product_tag","embeddable":true,"href":"https:\/\/mps.digital-monkey.in\/de\/wp-json\/wp\/v2\/product_tag?post=35706"}],"curies":[{"name":"wp","href":"https:\/\/api.w.org\/{rel}","templated":true}]}}