{"id":35710,"date":"2025-06-17T14:07:19","date_gmt":"2025-06-17T14:07:19","guid":{"rendered":"https:\/\/mps.digital-monkey.in\/product\/stoessel-volvo-penta-861827\/"},"modified":"2025-10-28T18:04:14","modified_gmt":"2025-10-28T18:04:14","slug":"stoessel-volvo-penta-861827","status":"publish","type":"product","link":"https:\/\/mps.digital-monkey.in\/de\/product\/stoessel-volvo-penta-861827\/","title":{"rendered":"St\u00f6\u00dfel Volvo Penta 861827"},"content":{"rendered":"<p>St\u00f6\u00dfel Volvo Penta 861827<\/p>\n<p>D1-13, D1-13B, D1-13F, D1-20, D1-20B, D1-20F, D1-30, D1-30B, D1-30F, D2-40, D2-40B, D2-40F, MD2010, MD2010B, MD2020, MD2010-C, MD2010-D, MD2020, MD2020B, MD2020B, MD2020-C, MD2020-C, MD2020-D, MD2020-D, MD2030, MD2030B, MD2030-C, MD2030-D<\/p>\n<p>Preis gilt pro St\u00fcck.<\/p>\n<p>GEBRAUCHT, GUT.<\/p>\n","protected":false},"excerpt":{"rendered":"<p>St\u00f6\u00dfel Volvo Penta 861827 D1-13, D1-13B, D1-13F, D1-20, D1-20B, D1-20F, D1-30, D1-30B, D1-30F, D2-40, D2-40B, D2-40F, MD2010, MD2010B, MD2020, MD2010-C, MD2010-D, MD2020, MD2020B, MD2020B, MD2020-C, MD2020-C, MD2020-D, MD2020-D, MD2030, MD2030B, MD2030-C, MD2030-D Preis gilt pro St\u00fcck. GEBRAUCHT, GUT.<\/p>\n","protected":false},"featured_media":35711,"comment_status":"open","ping_status":"closed","template":"","meta":[],"product_brand":[4230],"product_cat":[2498,4496,3155,4308,4295,4290,4289,4332,4309,4310,4312,4316,4331],"product_tag":[2930],"class_list":{"0":"post-35710","1":"product","2":"type-product","3":"status-publish","4":"has-post-thumbnail","6":"product_brand-volvo-penta","7":"product_cat-ersatzteile-fur-motoren","8":"product_cat-gebrauchte-volvo-penta-teile-kaufen","9":"product_cat-ventile-zubehor","10":"product_cat-volvo-penta","11":"product_cat-volvo-penta-d1-13-teile","12":"product_cat-volvo-penta-d1-20-teile","13":"product_cat-volvo-penta-d1-30-teile","14":"product_cat-volvo-penta-d2-40-teile","15":"product_cat-volvo-penta-md-serie","16":"product_cat-volvo-penta-md2010-teile","17":"product_cat-volvo-penta-md2020-teile","18":"product_cat-volvo-penta-md2030-teile","19":"product_cat-volvo-penta-serie-d2","20":"product_tag-gebraucht-2","22":"first","23":"instock","24":"taxable","25":"shipping-taxable","26":"purchasable","27":"product-type-simple"},"supplier_id":null,"supplier_sku":"","barcode":null,"atum_controlled":true,"out_stock_date":null,"out_stock_threshold":null,"inheritable":false,"inbound_stock":null,"stock_on_hold":0,"sold_today":0,"sales_last_days":0,"reserved_stock":null,"customer_returns":null,"warehouse_damage":null,"lost_in_post":null,"other_logs":null,"out_stock_days":0,"lost_sales":0,"has_location":null,"update_date":"2025-11-04T10:45:05","atum_locations":[],"atum_stock_status":"instock","restock_status":false,"low_stock_amount":1,"sales_update_date":"2025-08-29T00:00:37","calc_backorders":null,"_links":{"self":[{"href":"https:\/\/mps.digital-monkey.in\/de\/wp-json\/wp\/v2\/product\/35710","targetHints":{"allow":["GET"]}}],"collection":[{"href":"https:\/\/mps.digital-monkey.in\/de\/wp-json\/wp\/v2\/product"}],"about":[{"href":"https:\/\/mps.digital-monkey.in\/de\/wp-json\/wp\/v2\/types\/product"}],"replies":[{"embeddable":true,"href":"https:\/\/mps.digital-monkey.in\/de\/wp-json\/wp\/v2\/comments?post=35710"}],"wp:featuredmedia":[{"embeddable":true,"href":"https:\/\/mps.digital-monkey.in\/de\/wp-json\/wp\/v2\/media\/35711"}],"wp:attachment":[{"href":"https:\/\/mps.digital-monkey.in\/de\/wp-json\/wp\/v2\/media?parent=35710"}],"wp:term":[{"taxonomy":"product_brand","embeddable":true,"href":"https:\/\/mps.digital-monkey.in\/de\/wp-json\/wp\/v2\/product_brand?post=35710"},{"taxonomy":"product_cat","embeddable":true,"href":"https:\/\/mps.digital-monkey.in\/de\/wp-json\/wp\/v2\/product_cat?post=35710"},{"taxonomy":"product_tag","embeddable":true,"href":"https:\/\/mps.digital-monkey.in\/de\/wp-json\/wp\/v2\/product_tag?post=35710"}],"curies":[{"name":"wp","href":"https:\/\/api.w.org\/{rel}","templated":true}]}}