{"id":35719,"date":"2025-06-17T14:07:20","date_gmt":"2025-06-17T14:07:20","guid":{"rendered":"https:\/\/mps.digital-monkey.in\/product\/getriebe-ms2l-uebersetzung-231-volvo-penta-873079-873075\/"},"modified":"2026-01-09T14:07:13","modified_gmt":"2026-01-09T14:07:13","slug":"getriebe-ms2l-uebersetzung-231-volvo-penta-873079-873075","status":"publish","type":"product","link":"https:\/\/mps.digital-monkey.in\/de\/produkt\/getriebe-ms2l-uebersetzung-231-volvo-penta-873079-873075\/","title":{"rendered":"Getriebe MS2LE \u00dcbersetzung 2,3:1 Volvo Penta 873079 - 873075"},"content":{"rendered":"<p>Getriebe MS2LE \u00dcbersetzung 2,3:1 Volvo Penta 873079 - 873075<\/p>\n<p>Sehr guter R\u00fcckw\u00e4rtsgang MS2LE Volvo Penta 873079 - 873075<\/p>\n<p>Schaltet reibungslos, kein Spiel und eine perfekte Keilwelle.<\/p>\n<p>Gebrauchtes Produkt<\/p>\n","protected":false},"excerpt":{"rendered":"<p>Getriebe MS2LE \u00dcbersetzung 2,3:1 Volvo Penta 873079 - 873075 Sehr guter R\u00fcckw\u00e4rtsgang MS2LE Volvo Penta 873079 - 873075 Schaltet reibungslos, kein Spiel und eine perfekte Keilwelle. Gebrauchtes Produkt<\/p>\n","protected":false},"featured_media":45825,"comment_status":"open","ping_status":"closed","template":"","meta":[],"product_brand":[4230],"product_cat":[4496,4253,2532],"product_tag":[2930],"class_list":{"0":"post-35719","1":"product","2":"type-product","3":"status-publish","4":"has-post-thumbnail","6":"product_brand-volvo-penta","7":"product_cat-gebrauchte-volvo-penta-teile-kaufen","8":"product_cat-getriebe-saildrives","9":"product_cat-motorenteile","10":"product_tag-gebraucht-2","11":"pa_condition-neu","12":"pa_oem-or-aftermarket-oem","14":"first","15":"outofstock","16":"taxable","17":"shipping-taxable","18":"purchasable","19":"product-type-simple"},"supplier_id":null,"supplier_sku":"","barcode":null,"atum_controlled":true,"out_stock_date":"2026-01-27 16:41:15","out_stock_threshold":null,"inheritable":false,"inbound_stock":0,"stock_on_hold":1,"sold_today":1,"sales_last_days":1,"reserved_stock":0,"customer_returns":0,"warehouse_damage":0,"lost_in_post":0,"other_logs":0,"out_stock_days":0,"lost_sales":0,"has_location":false,"update_date":"2026-01-27T16:41:27","atum_locations":[],"atum_stock_status":"outofstock","restock_status":false,"low_stock_amount":1,"sales_update_date":"2026-01-27T16:41:27","calc_backorders":null,"_links":{"self":[{"href":"https:\/\/mps.digital-monkey.in\/de\/wp-json\/wp\/v2\/product\/35719","targetHints":{"allow":["GET"]}}],"collection":[{"href":"https:\/\/mps.digital-monkey.in\/de\/wp-json\/wp\/v2\/product"}],"about":[{"href":"https:\/\/mps.digital-monkey.in\/de\/wp-json\/wp\/v2\/types\/product"}],"replies":[{"embeddable":true,"href":"https:\/\/mps.digital-monkey.in\/de\/wp-json\/wp\/v2\/comments?post=35719"}],"wp:featuredmedia":[{"embeddable":true,"href":"https:\/\/mps.digital-monkey.in\/de\/wp-json\/wp\/v2\/media\/45825"}],"wp:attachment":[{"href":"https:\/\/mps.digital-monkey.in\/de\/wp-json\/wp\/v2\/media?parent=35719"}],"wp:term":[{"taxonomy":"product_brand","embeddable":true,"href":"https:\/\/mps.digital-monkey.in\/de\/wp-json\/wp\/v2\/product_brand?post=35719"},{"taxonomy":"product_cat","embeddable":true,"href":"https:\/\/mps.digital-monkey.in\/de\/wp-json\/wp\/v2\/product_cat?post=35719"},{"taxonomy":"product_tag","embeddable":true,"href":"https:\/\/mps.digital-monkey.in\/de\/wp-json\/wp\/v2\/product_tag?post=35719"}],"curies":[{"name":"wp","href":"https:\/\/api.w.org\/{rel}","templated":true}]}}