{"id":35752,"date":"2025-06-17T14:07:45","date_gmt":"2025-06-17T14:07:45","guid":{"rendered":"https:\/\/mps.digital-monkey.in\/product\/anlasser-volvo-penta-873549\/"},"modified":"2025-11-02T15:33:49","modified_gmt":"2025-11-02T15:33:49","slug":"anlasser-volvo-penta-873549","status":"publish","type":"product","link":"https:\/\/mps.digital-monkey.in\/de\/produkt\/anlasser-volvo-penta-873549\/","title":{"rendered":"Anlasser Volvo Penta 873549"},"content":{"rendered":"<p><strong>Spezifikationen:<\/strong><\/p>\n<p>Leistung des Anlassers (kW): 1.2<br \/>\nSpannung (Volt): 12<br \/>\nAnzahl der Z\u00e4hne: 9<br \/>\nDrehrichtung: Im Uhrzeigersinn<br \/>\nAnzahl der Befestigungsl\u00f6cher: 2<br \/>\nFlansch-\u00d8 [mm]: 82.3<br \/>\nAnschluss: B+ (M8)<br \/>\nMontagewinkel [Grad]: +45<\/p>\n<p><strong> <\/strong><\/p>\n<p><strong>F\u00fcr:<\/strong><\/p>\n<p>Volvo Penta<br \/>\n2001, 2002, 2003, 2003T, 230A, 230B, AQ125B, AQ131A, AQ131B, AQ131C, AQ131D, AQ145A, AQ145B, BB145A, 250A, 250B, 251A, AQ151A, AQ151B, AQ151C, AQ171A, AQ171C<\/p>\n<p><strong> <\/strong><\/p>\n<p><strong>Aftermarket Teil<\/strong><\/p>\n","protected":false},"excerpt":{"rendered":"<p>Spezifikationen: Leistung des Anlassers (kW): 1.2 Spannung (Volt): 12 Anzahl der Z\u00e4hne: 9 Drehrichtung: Im Uhrzeigersinn Anzahl der Befestigungsl\u00f6cher: 2 Flansch-\u00d8 [mm]: 82.3 Anschluss: B+ (M8) Montagewinkel [Grad]: +45 F\u00fcr: Volvo Penta 2001, 2002, 2003, 2003T, 230A, 230B, AQ125B, AQ131A, AQ131B, AQ131C, AQ131D, AQ145A, AQ145B, BB145A, 250A, 250B, 251A, AQ151A, AQ151B, AQ151C, AQ171A, AQ171C Aftermarket [&hellip;]<\/p>\n","protected":false},"featured_media":35753,"comment_status":"open","ping_status":"closed","template":"","meta":[],"product_brand":[4230],"product_cat":[2533,2498,2532,2711,4308,4467,4470,4473,4476,4466],"product_tag":[],"class_list":{"0":"post-35752","1":"product","2":"type-product","3":"status-publish","4":"has-post-thumbnail","6":"product_brand-volvo-penta","7":"product_cat-elektrische-systeme","8":"product_cat-ersatzteile-fur-motoren","9":"product_cat-motorenteile","10":"product_cat-starter-motoren","11":"product_cat-volvo-penta","12":"product_cat-volvo-penta-2001-teile","13":"product_cat-volvo-penta-2002-teile","14":"product_cat-volvo-penta-2003-teile","15":"product_cat-volvo-penta-2003t-teile","16":"product_cat-volvo-penta-serie-2000","18":"first","19":"instock","20":"taxable","21":"shipping-taxable","22":"purchasable","23":"product-type-simple"},"supplier_id":null,"supplier_sku":"","barcode":null,"atum_controlled":true,"out_stock_date":null,"out_stock_threshold":null,"inheritable":false,"inbound_stock":0,"stock_on_hold":0,"sold_today":0,"sales_last_days":0,"reserved_stock":0,"customer_returns":0,"warehouse_damage":0,"lost_in_post":0,"other_logs":0,"out_stock_days":0,"lost_sales":0,"has_location":false,"update_date":"2025-11-02T15:44:48","atum_locations":[],"atum_stock_status":"instock","restock_status":false,"low_stock_amount":"","sales_update_date":"2025-08-29T00:00:40","calc_backorders":null,"_links":{"self":[{"href":"https:\/\/mps.digital-monkey.in\/de\/wp-json\/wp\/v2\/product\/35752","targetHints":{"allow":["GET"]}}],"collection":[{"href":"https:\/\/mps.digital-monkey.in\/de\/wp-json\/wp\/v2\/product"}],"about":[{"href":"https:\/\/mps.digital-monkey.in\/de\/wp-json\/wp\/v2\/types\/product"}],"replies":[{"embeddable":true,"href":"https:\/\/mps.digital-monkey.in\/de\/wp-json\/wp\/v2\/comments?post=35752"}],"wp:featuredmedia":[{"embeddable":true,"href":"https:\/\/mps.digital-monkey.in\/de\/wp-json\/wp\/v2\/media\/35753"}],"wp:attachment":[{"href":"https:\/\/mps.digital-monkey.in\/de\/wp-json\/wp\/v2\/media?parent=35752"}],"wp:term":[{"taxonomy":"product_brand","embeddable":true,"href":"https:\/\/mps.digital-monkey.in\/de\/wp-json\/wp\/v2\/product_brand?post=35752"},{"taxonomy":"product_cat","embeddable":true,"href":"https:\/\/mps.digital-monkey.in\/de\/wp-json\/wp\/v2\/product_cat?post=35752"},{"taxonomy":"product_tag","embeddable":true,"href":"https:\/\/mps.digital-monkey.in\/de\/wp-json\/wp\/v2\/product_tag?post=35752"}],"curies":[{"name":"wp","href":"https:\/\/api.w.org\/{rel}","templated":true}]}}