{"id":35760,"date":"2025-06-17T14:07:46","date_gmt":"2025-06-17T14:07:46","guid":{"rendered":"https:\/\/mps.digital-monkey.in\/product\/thermostat-kit-volvo-penta-875783\/"},"modified":"2026-02-27T10:54:54","modified_gmt":"2026-02-27T10:54:54","slug":"thermostat-kit-volvo-penta-875783","status":"publish","type":"product","link":"https:\/\/mps.digital-monkey.in\/de\/produkt\/thermostat-kit-volvo-penta-875783\/","title":{"rendered":"Thermostat-Kit Volvo Penta 875783"},"content":{"rendered":"<h3><strong>Volvo Penta Thermostat-Kit - 875783<\/strong><\/h3>\n<p>Das Volvo Penta Thermostat Kit 875783 ist ein Original-Ersatzteil, das die Motortemperatur reguliert und eine effiziente K\u00fchlleistung gew\u00e4hrleistet. Es hilft, \u00dcberhitzung zu vermeiden und den optimalen Betrieb des Motors aufrechtzuerhalten. <\/p>\n<p><strong>Kompatibel mit den folgenden Motoren:<\/strong><\/p>\n<ul>\n<li>\n<p>MD5A<\/p>\n<\/li>\n<li>\n<p>MD5B<\/p>\n<\/li>\n<li>\n<p>MD5C<\/p>\n<\/li>\n<\/ul>\n<p><strong>Wichtigste Vorteile:<\/strong><\/p>\n<ul>\n<li>\n<p>Sorgt f\u00fcr die richtige Regulierung der Motortemperatur<\/p>\n<\/li>\n<li>\n<p>Hilft, \u00dcberhitzung und Motorverschlei\u00df zu vermeiden<\/p>\n<\/li>\n<li>\n<p>Zuverl\u00e4ssige und lang anhaltende Leistung<\/p>\n<\/li>\n<li>\n<p><strong>Originales OEM-Produkt von Volvo Penta<\/strong><\/p>\n<\/li>\n<\/ul>\n<hr>\n<p>\u2705 <strong>OEM Teilenummer:<\/strong> 875783<br \/>\n\u2699\ufe0f <strong>Anwendung:<\/strong> Volvo Penta MD5 Serie Schiffsmotoren<br \/>\n???? <strong>Hinweis:<\/strong> Verwenden Sie immer Originalteile f\u00fcr beste Passform und Leistung<\/p>\n<hr>\n","protected":false},"excerpt":{"rendered":"<p>Volvo Penta Thermostat-Kit - 875783 Das Volvo Penta Thermostat Kit 875783 ist ein Original-Ersatzteil, das die Motortemperatur reguliert und eine effiziente K\u00fchlleistung gew\u00e4hrleistet. Es hilft, \u00dcberhitzung zu vermeiden und den optimalen Betrieb des Motors aufrechtzuerhalten. Kompatibel mit den folgenden Motoren: MD5A MD5B MD5C Wichtigste Vorteile: Sorgt f\u00fcr die richtige Regulierung der Motortemperatur Hilft, \u00dcberhitzung und [&hellip;]<\/p>\n","protected":false},"featured_media":26088,"comment_status":"open","ping_status":"closed","template":"","meta":[],"product_brand":[4230],"product_cat":[2498,3294,4308,4309,4357,4526],"product_tag":[],"class_list":{"0":"post-35760","1":"product","2":"type-product","3":"status-publish","4":"has-post-thumbnail","6":"product_brand-volvo-penta","7":"product_cat-ersatzteile-fur-motoren","8":"product_cat-thermostate","9":"product_cat-volvo-penta","10":"product_cat-volvo-penta-md-serie","11":"product_cat-volvo-penta-md5","12":"product_cat-volvo-penta-service-teile","14":"first","15":"onbackorder","16":"taxable","17":"shipping-taxable","18":"purchasable","19":"product-type-simple"},"supplier_id":null,"supplier_sku":"","barcode":null,"atum_controlled":true,"out_stock_date":"2025-11-21 12:48:44","out_stock_threshold":null,"inheritable":false,"inbound_stock":null,"stock_on_hold":0,"sold_today":0,"sales_last_days":0,"reserved_stock":null,"customer_returns":null,"warehouse_damage":null,"lost_in_post":null,"other_logs":null,"out_stock_days":0,"lost_sales":0,"has_location":null,"update_date":"2025-11-21T12:49:49","atum_locations":[],"atum_stock_status":"onbackorder","restock_status":false,"low_stock_amount":"","sales_update_date":"2025-08-29T00:00:40","calc_backorders":0,"_links":{"self":[{"href":"https:\/\/mps.digital-monkey.in\/de\/wp-json\/wp\/v2\/product\/35760","targetHints":{"allow":["GET"]}}],"collection":[{"href":"https:\/\/mps.digital-monkey.in\/de\/wp-json\/wp\/v2\/product"}],"about":[{"href":"https:\/\/mps.digital-monkey.in\/de\/wp-json\/wp\/v2\/types\/product"}],"replies":[{"embeddable":true,"href":"https:\/\/mps.digital-monkey.in\/de\/wp-json\/wp\/v2\/comments?post=35760"}],"wp:featuredmedia":[{"embeddable":true,"href":"https:\/\/mps.digital-monkey.in\/de\/wp-json\/wp\/v2\/media\/26088"}],"wp:attachment":[{"href":"https:\/\/mps.digital-monkey.in\/de\/wp-json\/wp\/v2\/media?parent=35760"}],"wp:term":[{"taxonomy":"product_brand","embeddable":true,"href":"https:\/\/mps.digital-monkey.in\/de\/wp-json\/wp\/v2\/product_brand?post=35760"},{"taxonomy":"product_cat","embeddable":true,"href":"https:\/\/mps.digital-monkey.in\/de\/wp-json\/wp\/v2\/product_cat?post=35760"},{"taxonomy":"product_tag","embeddable":true,"href":"https:\/\/mps.digital-monkey.in\/de\/wp-json\/wp\/v2\/product_tag?post=35760"}],"curies":[{"name":"wp","href":"https:\/\/api.w.org\/{rel}","templated":true}]}}