{"id":35763,"date":"2025-06-17T14:07:46","date_gmt":"2025-06-17T14:07:46","guid":{"rendered":"https:\/\/mps.digital-monkey.in\/product\/thermostat-kit-volvo-penta-875780\/"},"modified":"2025-10-29T10:45:07","modified_gmt":"2025-10-29T10:45:07","slug":"thermostat-kit-volvo-penta-875780","status":"publish","type":"product","link":"https:\/\/mps.digital-monkey.in\/de\/product\/thermostat-kit-volvo-penta-875780\/","title":{"rendered":"Thermostat-Kit Volvo Penta 875780"},"content":{"rendered":"<h3><strong>Volvo Penta Thermostat-Kit &#8211; 875780<\/strong><\/h3>\n<p>Das Volvo Penta Thermostat-Kit 875780 ist ein <strong>Original-Ersatzteil<\/strong> zur Regulierung der Motortemperatur und zum Schutz vor \u00dcberhitzung. Dieses Thermostat-Kit sorgt f\u00fcr eine effiziente K\u00fchlung und eine zuverl\u00e4ssige Motorleistung. <\/p>\n<p><strong>Kompatibel mit den folgenden Motoren:<\/strong><\/p>\n<ul>\n<li>\n<p>AQ120B<\/p>\n<\/li>\n<li>\n<p>AQ125A<\/p>\n<\/li>\n<li>\n<p>AQ140A<\/p>\n<\/li>\n<li>\n<p>BB140A<\/p>\n<\/li>\n<li>\n<p>MB20B<\/p>\n<\/li>\n<li>\n<p>MB20C<\/p>\n<\/li>\n<li>\n<p>MD1B<\/p>\n<\/li>\n<\/ul>\n<p><strong>Wichtigste Vorteile:<\/strong><\/p>\n<ul>\n<li>\n<p>Regelt die optimale Motortemperatur<\/p>\n<\/li>\n<li>\n<p>Verhindert \u00dcberhitzung und sch\u00fctzt interne Komponenten<\/p>\n<\/li>\n<li>\n<p>Sorgt f\u00fcr einen effizienten Motorbetrieb<\/p>\n<\/li>\n<li>\n<p><strong>Original Volvo Penta OEM-Teil<\/strong><\/p>\n<\/li>\n<\/ul>\n<hr>\n<p>\u2705 <strong>OEM-Teilenummer:<\/strong> 875780<br \/>\n\u2699\ufe0f <strong>Anwendung:<\/strong> F\u00fcr ausgew\u00e4hlte Volvo Penta AQ-, BB-, MB- und MD-Motorenserien<\/p>\n<hr>\n","protected":false},"excerpt":{"rendered":"<p>Volvo Penta Thermostat-Kit &#8211; 875780 Das Volvo Penta Thermostat-Kit 875780 ist ein Original-Ersatzteil zur Regulierung der Motortemperatur und zum Schutz vor \u00dcberhitzung. Dieses Thermostat-Kit sorgt f\u00fcr eine effiziente K\u00fchlung und eine zuverl\u00e4ssige Motorleistung. Kompatibel mit den folgenden Motoren: AQ120B AQ125A AQ140A BB140A MB20B MB20C MD1B Wichtigste Vorteile: Regelt die optimale Motortemperatur Verhindert \u00dcberhitzung und sch\u00fctzt [&hellip;]<\/p>\n","protected":false},"featured_media":26083,"comment_status":"open","ping_status":"closed","template":"","meta":[],"product_brand":[4230],"product_cat":[2498,3294,4308,4309,4348,4526],"product_tag":[],"class_list":{"0":"post-35763","1":"product","2":"type-product","3":"status-publish","4":"has-post-thumbnail","6":"product_brand-volvo-penta","7":"product_cat-ersatzteile-fur-motoren","8":"product_cat-thermostate","9":"product_cat-volvo-penta","10":"product_cat-volvo-penta-md-serie","11":"product_cat-volvo-penta-md1","12":"product_cat-volvo-penta-service-teile","14":"first","15":"onbackorder","16":"taxable","17":"shipping-taxable","18":"purchasable","19":"product-type-simple"},"supplier_id":null,"supplier_sku":"","barcode":null,"atum_controlled":true,"out_stock_date":"2025-11-21 12:48:40","out_stock_threshold":null,"inheritable":false,"inbound_stock":null,"stock_on_hold":0,"sold_today":0,"sales_last_days":0,"reserved_stock":null,"customer_returns":null,"warehouse_damage":null,"lost_in_post":null,"other_logs":null,"out_stock_days":0,"lost_sales":0,"has_location":null,"update_date":"2025-11-21T12:49:49","atum_locations":[],"atum_stock_status":"onbackorder","restock_status":false,"low_stock_amount":"","sales_update_date":"2025-08-29T00:00:40","calc_backorders":0,"_links":{"self":[{"href":"https:\/\/mps.digital-monkey.in\/de\/wp-json\/wp\/v2\/product\/35763","targetHints":{"allow":["GET"]}}],"collection":[{"href":"https:\/\/mps.digital-monkey.in\/de\/wp-json\/wp\/v2\/product"}],"about":[{"href":"https:\/\/mps.digital-monkey.in\/de\/wp-json\/wp\/v2\/types\/product"}],"replies":[{"embeddable":true,"href":"https:\/\/mps.digital-monkey.in\/de\/wp-json\/wp\/v2\/comments?post=35763"}],"wp:featuredmedia":[{"embeddable":true,"href":"https:\/\/mps.digital-monkey.in\/de\/wp-json\/wp\/v2\/media\/26083"}],"wp:attachment":[{"href":"https:\/\/mps.digital-monkey.in\/de\/wp-json\/wp\/v2\/media?parent=35763"}],"wp:term":[{"taxonomy":"product_brand","embeddable":true,"href":"https:\/\/mps.digital-monkey.in\/de\/wp-json\/wp\/v2\/product_brand?post=35763"},{"taxonomy":"product_cat","embeddable":true,"href":"https:\/\/mps.digital-monkey.in\/de\/wp-json\/wp\/v2\/product_cat?post=35763"},{"taxonomy":"product_tag","embeddable":true,"href":"https:\/\/mps.digital-monkey.in\/de\/wp-json\/wp\/v2\/product_tag?post=35763"}],"curies":[{"name":"wp","href":"https:\/\/api.w.org\/{rel}","templated":true}]}}