{"id":35775,"date":"2025-06-17T14:07:47","date_gmt":"2025-06-17T14:07:47","guid":{"rendered":"https:\/\/mps.digital-monkey.in\/product\/thermostat-kit-volvo-penta-875791\/"},"modified":"2026-02-27T10:54:47","modified_gmt":"2026-02-27T10:54:47","slug":"thermostat-kit-volvo-penta-875791","status":"publish","type":"product","link":"https:\/\/mps.digital-monkey.in\/de\/product\/thermostat-kit-volvo-penta-875791\/","title":{"rendered":"Thermostat-Kit Volvo Penta 875791"},"content":{"rendered":"<p><strong>Thermostat-Kit f\u00fcr Volvo Penta AQ \/ BB \/ MB Serie &#8211; 875791<\/strong><br \/>\nDieses Original-Thermostat-Kit von Volvo Penta (Teilenummer 875791) ist f\u00fcr den Einsatz in einer Vielzahl von klassischen Volvo Penta Benzin-Schiffsmotoren vorgesehen. Es sorgt f\u00fcr eine optimale Motortemperatur, indem es den K\u00fchlmitteldurchfluss reguliert und so dazu beitr\u00e4gt, eine \u00dcberhitzung zu verhindern und eine zuverl\u00e4ssige Motorleistung zu gew\u00e4hrleisten. <\/p>\n<p><strong>Geeignet f\u00fcr Volvo Penta Motormodelle:<\/strong><\/p>\n<p><strong>AQ-Serie:<\/strong> AQ115A, AQ115B, AQ120B, AQ125A, AQ130C, AQ130D, AQ140A, AQ165A, AQ170A, AQ170B, AQ170C<br \/>\n<strong>BB Serie:<\/strong> BB115A, BB115B, BB115C, BB140A, BB165A, BB170A, BB170B, BB170C<br \/>\n<strong>MB Serie:<\/strong> MB20A<\/p>\n<hr>\n<p><strong>Wichtige Merkmale:<\/strong><\/p>\n<ul>\n<li>\n<p>Original Volvo Penta OEM-Teil 875791<\/p>\n<\/li>\n<li>\n<p>Konzipiert f\u00fcr Benzinmotoren<\/p>\n<\/li>\n<li>\n<p>H\u00e4lt die richtige Motortemperatur f\u00fcr optimale Leistung<\/p>\n<\/li>\n<li>\n<p>Gebaut nach den anspruchsvollen Marine-Standards von Volvo Penta<\/p>\n<\/li>\n<\/ul>\n<p>???? <strong>Teilenummer:<\/strong> 875791<br \/>\n???? <strong>Enth\u00e4lt:<\/strong> Thermostat und Dichtung(en)<\/p>\n<hr>\n","protected":false},"excerpt":{"rendered":"<p>Thermostat-Kit f\u00fcr Volvo Penta AQ \/ BB \/ MB Serie &#8211; 875791 Dieses Original-Thermostat-Kit von Volvo Penta (Teilenummer 875791) ist f\u00fcr den Einsatz in einer Vielzahl von klassischen Volvo Penta Benzin-Schiffsmotoren vorgesehen. Es sorgt f\u00fcr eine optimale Motortemperatur, indem es den K\u00fchlmitteldurchfluss reguliert und so dazu beitr\u00e4gt, eine \u00dcberhitzung zu verhindern und eine zuverl\u00e4ssige Motorleistung [&hellip;]<\/p>\n","protected":false},"featured_media":26106,"comment_status":"open","ping_status":"closed","template":"","meta":[],"product_brand":[4230],"product_cat":[2498,3294,4526],"product_tag":[],"class_list":{"0":"post-35775","1":"product","2":"type-product","3":"status-publish","4":"has-post-thumbnail","6":"product_brand-volvo-penta","7":"product_cat-ersatzteile-fur-motoren","8":"product_cat-thermostate","9":"product_cat-volvo-penta-service-teile","11":"first","12":"onbackorder","13":"taxable","14":"shipping-taxable","15":"purchasable","16":"product-type-simple"},"supplier_id":null,"supplier_sku":"","barcode":null,"atum_controlled":true,"out_stock_date":"2025-11-21 12:48:32","out_stock_threshold":null,"inheritable":false,"inbound_stock":null,"stock_on_hold":0,"sold_today":0,"sales_last_days":0,"reserved_stock":null,"customer_returns":null,"warehouse_damage":null,"lost_in_post":null,"other_logs":null,"out_stock_days":0,"lost_sales":0,"has_location":null,"update_date":"2025-11-21T12:49:49","atum_locations":[],"atum_stock_status":"onbackorder","restock_status":false,"low_stock_amount":"","sales_update_date":"2025-08-29T00:00:40","calc_backorders":0,"_links":{"self":[{"href":"https:\/\/mps.digital-monkey.in\/de\/wp-json\/wp\/v2\/product\/35775","targetHints":{"allow":["GET"]}}],"collection":[{"href":"https:\/\/mps.digital-monkey.in\/de\/wp-json\/wp\/v2\/product"}],"about":[{"href":"https:\/\/mps.digital-monkey.in\/de\/wp-json\/wp\/v2\/types\/product"}],"replies":[{"embeddable":true,"href":"https:\/\/mps.digital-monkey.in\/de\/wp-json\/wp\/v2\/comments?post=35775"}],"wp:featuredmedia":[{"embeddable":true,"href":"https:\/\/mps.digital-monkey.in\/de\/wp-json\/wp\/v2\/media\/26106"}],"wp:attachment":[{"href":"https:\/\/mps.digital-monkey.in\/de\/wp-json\/wp\/v2\/media?parent=35775"}],"wp:term":[{"taxonomy":"product_brand","embeddable":true,"href":"https:\/\/mps.digital-monkey.in\/de\/wp-json\/wp\/v2\/product_brand?post=35775"},{"taxonomy":"product_cat","embeddable":true,"href":"https:\/\/mps.digital-monkey.in\/de\/wp-json\/wp\/v2\/product_cat?post=35775"},{"taxonomy":"product_tag","embeddable":true,"href":"https:\/\/mps.digital-monkey.in\/de\/wp-json\/wp\/v2\/product_tag?post=35775"}],"curies":[{"name":"wp","href":"https:\/\/api.w.org\/{rel}","templated":true}]}}