{"id":35778,"date":"2025-06-17T14:08:23","date_gmt":"2025-06-17T14:08:23","guid":{"rendered":"https:\/\/mps.digital-monkey.in\/product\/thermostat-kit-volvo-penta-875795\/"},"modified":"2026-02-26T10:22:13","modified_gmt":"2026-02-26T10:22:13","slug":"thermostat-kit-volvo-penta-875795","status":"publish","type":"product","link":"https:\/\/mps.digital-monkey.in\/de\/produkt\/thermostat-kit-volvo-penta-875795\/","title":{"rendered":"Thermostat-Kit Volvo Penta 875795"},"content":{"rendered":"<h3 data-start=\"140\" data-end=\"179\">Volvo Penta Thermostat-Kit - 875795<\/h3>\n<p data-start=\"181\" data-end=\"509\">Das Volvo Penta Thermostat-Kit 875795 ist ein Original-Ersatzteil, das die Motortemperatur reguliert und eine effiziente K\u00fchlung gew\u00e4hrleistet. Dieses Thermostat-Kit ist unerl\u00e4sslich, um eine optimale Leistung aufrechtzuerhalten und eine \u00dcberhitzung des Motors in maritimen Umgebungen zu verhindern, insbesondere bei einer Vielzahl von Volvo Penta Bootsmotoren. <\/p>\n<h4 data-start=\"511\" data-end=\"554\">Kompatibel mit den folgenden Motoren:<\/h4>\n<p data-start=\"556\" data-end=\"572\"><strong data-start=\"556\" data-end=\"572\">Serie 2002:<\/strong><\/p>\n<ul data-start=\"573\" data-end=\"606\">\n<li data-start=\"573\" data-end=\"581\">\n<p data-start=\"575\" data-end=\"581\">2002AG<\/p>\n<\/li>\n<li data-start=\"582\" data-end=\"589\">\n<p data-start=\"584\" data-end=\"589\">2002B<\/p>\n<\/li>\n<li data-start=\"590\" data-end=\"598\">\n<p data-start=\"592\" data-end=\"598\">2002BG<\/p>\n<\/li>\n<li data-start=\"599\" data-end=\"606\">\n<p data-start=\"601\" data-end=\"606\">2002D<\/p>\n<\/li>\n<\/ul>\n<p data-start=\"608\" data-end=\"624\"><strong data-start=\"608\" data-end=\"624\">Serie 2003:<\/strong><\/p>\n<ul data-start=\"625\" data-end=\"737\">\n<li data-start=\"625\" data-end=\"631\">\n<p data-start=\"627\" data-end=\"631\">2003<\/p>\n<\/li>\n<li data-start=\"632\" data-end=\"644\">\n<p data-start=\"634\" data-end=\"644\">2003 SOLAS<\/p>\n<\/li>\n<li data-start=\"645\" data-end=\"652\">\n<p data-start=\"647\" data-end=\"652\">2003B<\/p>\n<\/li>\n<li data-start=\"653\" data-end=\"666\">\n<p data-start=\"655\" data-end=\"666\">2003B SOLAS<\/p>\n<\/li>\n<li data-start=\"667\" data-end=\"674\">\n<p data-start=\"669\" data-end=\"674\">2003D<\/p>\n<\/li>\n<li data-start=\"675\" data-end=\"682\">\n<p data-start=\"677\" data-end=\"682\">2003R<\/p>\n<\/li>\n<li data-start=\"683\" data-end=\"696\">\n<p data-start=\"685\" data-end=\"696\">2003R SOLAS<\/p>\n<\/li>\n<li data-start=\"697\" data-end=\"704\">\n<p data-start=\"699\" data-end=\"704\">2003T<\/p>\n<\/li>\n<li data-start=\"705\" data-end=\"713\">\n<p data-start=\"707\" data-end=\"713\">2003TB<\/p>\n<\/li>\n<li data-start=\"714\" data-end=\"728\">\n<p data-start=\"716\" data-end=\"728\">2003TB SOLAS<\/p>\n<\/li>\n<li data-start=\"729\" data-end=\"737\">\n<p data-start=\"731\" data-end=\"737\">2003TR<\/p>\n<\/li>\n<\/ul>\n<h4 data-start=\"744\" data-end=\"762\"><\/h4>\n<h4 data-start=\"744\" data-end=\"762\">Wichtigste Vorteile:<\/h4>\n<ul data-start=\"763\" data-end=\"959\">\n<li data-start=\"763\" data-end=\"815\">\n<p data-start=\"765\" data-end=\"815\"><strong data-start=\"765\" data-end=\"815\">H\u00e4lt die optimale Betriebstemperatur des Motors aufrecht<\/strong><\/p>\n<\/li>\n<li data-start=\"816\" data-end=\"869\">\n<p data-start=\"818\" data-end=\"869\"><strong data-start=\"818\" data-end=\"869\">Sch\u00fctzt vor \u00dcberhitzung und \u00fcberm\u00e4\u00dfigem Verschlei\u00df<\/strong><\/p>\n<\/li>\n<li data-start=\"870\" data-end=\"921\">\n<p data-start=\"872\" data-end=\"921\"><strong data-start=\"872\" data-end=\"921\">F\u00f6rdert die Kraftstoffeffizienz und die Langlebigkeit des Motors<\/strong><\/p>\n<\/li>\n<li data-start=\"922\" data-end=\"959\">\n<p data-start=\"924\" data-end=\"959\"><strong data-start=\"924\" data-end=\"959\">Echte Volvo Penta OEM-Qualit\u00e4t<\/strong><\/p>\n<\/li>\n<\/ul>\n<hr data-start=\"961\" data-end=\"964\">\n<p data-start=\"966\" data-end=\"1188\">\u2705 <strong data-start=\"968\" data-end=\"987\">OEM Teilenummer<\/strong>: 875795<br data-start=\"995\" data-end=\"998\">\u2699\ufe0f <strong data-start=\"1001\" data-end=\"1016\">Anwendung<\/strong>: Thermostat-Kit f\u00fcr verschiedene Volvo Penta Schiffsmotoren der Serien 2002 und 2003<br data-start=\"1092\" data-end=\"1095\">???? <strong data-start=\"1098\" data-end=\"1106\">Hinweis<\/strong>: \u00dcberpr\u00fcfen Sie vor dem Einbau immer die Kompatibilit\u00e4t mit Ihrem spezifischen Motormodell.<\/p>\n<hr data-start=\"1190\" data-end=\"1193\">\n<p data-start=\"1195\" data-end=\"1459\">\n<p data-start=\"1466\" data-end=\"1623\" data-is-last-node=\"\" data-is-only-node=\"\">\n","protected":false},"excerpt":{"rendered":"<p>Volvo Penta Thermostat-Kit - 875795 Das Volvo Penta Thermostat-Kit 875795 ist ein Original-Ersatzteil, das die Motortemperatur reguliert und eine effiziente K\u00fchlung gew\u00e4hrleistet. Dieses Thermostat-Kit ist unerl\u00e4sslich, um eine optimale Leistung aufrechtzuerhalten und eine \u00dcberhitzung des Motors in maritimen Umgebungen zu verhindern, insbesondere bei einer Vielzahl von Volvo Penta Bootsmotoren. Kompatibel mit den folgenden Motoren: Serie [&hellip;]<\/p>\n","protected":false},"featured_media":23554,"comment_status":"open","ping_status":"closed","template":"","meta":[],"product_brand":[4230],"product_cat":[2498,3294,4308,4722,4470,4473,4476,4466,4526],"product_tag":[],"class_list":{"0":"post-35778","1":"product","2":"type-product","3":"status-publish","4":"has-post-thumbnail","6":"product_brand-volvo-penta","7":"product_cat-ersatzteile-fur-motoren","8":"product_cat-thermostate","9":"product_cat-volvo-penta","10":"product_cat-volvo-penta-2000-serie-service-teile","11":"product_cat-volvo-penta-2002-teile","12":"product_cat-volvo-penta-2003-teile","13":"product_cat-volvo-penta-2003t-teile","14":"product_cat-volvo-penta-serie-2000","15":"product_cat-volvo-penta-service-teile","17":"first","18":"onbackorder","19":"taxable","20":"shipping-taxable","21":"purchasable","22":"product-type-simple"},"supplier_id":null,"supplier_sku":"","barcode":null,"atum_controlled":true,"out_stock_date":"2026-02-26 10:20:39","out_stock_threshold":null,"inheritable":false,"inbound_stock":null,"stock_on_hold":0,"sold_today":0,"sales_last_days":0,"reserved_stock":null,"customer_returns":null,"warehouse_damage":null,"lost_in_post":null,"other_logs":null,"out_stock_days":0,"lost_sales":0,"has_location":null,"update_date":"2026-02-26T10:21:28","atum_locations":[],"atum_stock_status":"onbackorder","restock_status":false,"low_stock_amount":"","sales_update_date":"2025-08-29T00:00:40","calc_backorders":0,"_links":{"self":[{"href":"https:\/\/mps.digital-monkey.in\/de\/wp-json\/wp\/v2\/product\/35778","targetHints":{"allow":["GET"]}}],"collection":[{"href":"https:\/\/mps.digital-monkey.in\/de\/wp-json\/wp\/v2\/product"}],"about":[{"href":"https:\/\/mps.digital-monkey.in\/de\/wp-json\/wp\/v2\/types\/product"}],"replies":[{"embeddable":true,"href":"https:\/\/mps.digital-monkey.in\/de\/wp-json\/wp\/v2\/comments?post=35778"}],"wp:featuredmedia":[{"embeddable":true,"href":"https:\/\/mps.digital-monkey.in\/de\/wp-json\/wp\/v2\/media\/23554"}],"wp:attachment":[{"href":"https:\/\/mps.digital-monkey.in\/de\/wp-json\/wp\/v2\/media?parent=35778"}],"wp:term":[{"taxonomy":"product_brand","embeddable":true,"href":"https:\/\/mps.digital-monkey.in\/de\/wp-json\/wp\/v2\/product_brand?post=35778"},{"taxonomy":"product_cat","embeddable":true,"href":"https:\/\/mps.digital-monkey.in\/de\/wp-json\/wp\/v2\/product_cat?post=35778"},{"taxonomy":"product_tag","embeddable":true,"href":"https:\/\/mps.digital-monkey.in\/de\/wp-json\/wp\/v2\/product_tag?post=35778"}],"curies":[{"name":"wp","href":"https:\/\/api.w.org\/{rel}","templated":true}]}}