{"id":35781,"date":"2025-06-17T14:08:24","date_gmt":"2025-06-17T14:08:24","guid":{"rendered":"https:\/\/mps.digital-monkey.in\/product\/thermostat-kit-volvo-penta-876080\/"},"modified":"2026-02-27T10:54:08","modified_gmt":"2026-02-27T10:54:08","slug":"thermostat-kit-volvo-penta-876080","status":"publish","type":"product","link":"https:\/\/mps.digital-monkey.in\/de\/product\/thermostat-kit-volvo-penta-876080\/","title":{"rendered":"Thermostat-Kit Volvo Penta 876080"},"content":{"rendered":"<h3>Volvo Penta Thermostat-Kit &#8211; 876080<\/h3>\n<p>Das Volvo Penta Thermostat-Kit 876080 ist ein Original-Ersatzteil, das die Motortemperatur reguliert und eine optimale K\u00fchlleistung gew\u00e4hrleistet. Dieser unverzichtbare Satz hilft, eine \u00dcberhitzung des Motors zu verhindern und gew\u00e4hrleistet eine lange Lebensdauer und Zuverl\u00e4ssigkeit in der Schifffahrt. <\/p>\n<h4>Kompatibel mit den folgenden Motoren:<\/h4>\n<p><strong>AQD-Serie:<\/strong><\/p>\n<ul>\n<li>\n<p>AQD2B<\/p>\n<\/li>\n<\/ul>\n<p><strong>MD-Serie:<\/strong><\/p>\n<ul>\n<li>\n<p>MD11C<\/p>\n<\/li>\n<li>\n<p>MD11D<\/p>\n<\/li>\n<li>\n<p>MD17C<\/p>\n<\/li>\n<li>\n<p>MD17D<\/p>\n<\/li>\n<li>\n<p>MD1B<\/p>\n<\/li>\n<li>\n<p>MD2B<\/p>\n<\/li>\n<li>\n<p>MD3B<\/p>\n<\/li>\n<\/ul>\n<p><strong>AQ-Serie:<\/strong><\/p>\n<ul>\n<li>\n<p>AQ130A<\/p>\n<\/li>\n<li>\n<p>AQ130B<\/p>\n<\/li>\n<li>\n<p>AQ130C<\/p>\n<\/li>\n<\/ul>\n<h4><\/h4>\n<h4>Wichtigste Vorteile:<\/h4>\n<ul>\n<li>\n<p><strong>H\u00e4lt die ideale Betriebstemperatur des Motors aufrecht<\/strong><\/p>\n<\/li>\n<li>\n<p><strong>Sch\u00fctzt vor \u00dcberhitzung und reduziert den Verschlei\u00df<\/strong><\/p>\n<\/li>\n<li>\n<p><strong>Verbessert die Kraftstoffeffizienz und verl\u00e4ngert die Lebensdauer des Motors<\/strong><\/p>\n<\/li>\n<li>\n<p><strong>Echte Volvo Penta OEM-Qualit\u00e4t f\u00fcr Zuverl\u00e4ssigkeit<\/strong><\/p>\n<\/li>\n<\/ul>\n<hr>\n<p>\u2705 <strong>OEM Teilenummer<\/strong>: 876080<br \/>\n\u2699\ufe0f <strong>Anwendung<\/strong>: Thermostat-Kit f\u00fcr verschiedene Volvo Penta Schiffsmotoren der Serien AQD, MD und AQ<br \/>\n???? <strong>Hinweis<\/strong>: \u00dcberpr\u00fcfen Sie vor dem Einbau immer die Kompatibilit\u00e4t mit Ihrem spezifischen Motormodell.<\/p>\n<hr>\n<p>&nbsp;<\/p>\n","protected":false},"excerpt":{"rendered":"<p>Volvo Penta Thermostat-Kit &#8211; 876080 Das Volvo Penta Thermostat-Kit 876080 ist ein Original-Ersatzteil, das die Motortemperatur reguliert und eine optimale K\u00fchlleistung gew\u00e4hrleistet. Dieser unverzichtbare Satz hilft, eine \u00dcberhitzung des Motors zu verhindern und gew\u00e4hrleistet eine lange Lebensdauer und Zuverl\u00e4ssigkeit in der Schifffahrt. Kompatibel mit den folgenden Motoren: AQD-Serie: AQD2B MD-Serie: MD11C MD11D MD17C MD17D MD1B [&hellip;]<\/p>\n","protected":false},"featured_media":26118,"comment_status":"open","ping_status":"closed","template":"","meta":[],"product_brand":[4230],"product_cat":[2498,3294,4308,4309,4348,4366,4369,4350,4353,4526],"product_tag":[],"class_list":{"0":"post-35781","1":"product","2":"type-product","3":"status-publish","4":"has-post-thumbnail","6":"product_brand-volvo-penta","7":"product_cat-ersatzteile-fur-motoren","8":"product_cat-thermostate","9":"product_cat-volvo-penta","10":"product_cat-volvo-penta-md-serie","11":"product_cat-volvo-penta-md1","12":"product_cat-volvo-penta-md11","13":"product_cat-volvo-penta-md17","14":"product_cat-volvo-penta-md2","15":"product_cat-volvo-penta-md3","16":"product_cat-volvo-penta-service-teile","18":"first","19":"onbackorder","20":"taxable","21":"shipping-taxable","22":"purchasable","23":"product-type-simple"},"supplier_id":null,"supplier_sku":"","barcode":null,"atum_controlled":true,"out_stock_date":"2025-11-21 12:48:24","out_stock_threshold":null,"inheritable":false,"inbound_stock":0,"stock_on_hold":0,"sold_today":0,"sales_last_days":0,"reserved_stock":0,"customer_returns":0,"warehouse_damage":0,"lost_in_post":0,"other_logs":0,"out_stock_days":0,"lost_sales":0,"has_location":false,"update_date":"2025-11-21T12:49:49","atum_locations":[],"atum_stock_status":"onbackorder","restock_status":false,"low_stock_amount":"","sales_update_date":"2025-09-23T17:24:26","calc_backorders":0,"_links":{"self":[{"href":"https:\/\/mps.digital-monkey.in\/de\/wp-json\/wp\/v2\/product\/35781","targetHints":{"allow":["GET"]}}],"collection":[{"href":"https:\/\/mps.digital-monkey.in\/de\/wp-json\/wp\/v2\/product"}],"about":[{"href":"https:\/\/mps.digital-monkey.in\/de\/wp-json\/wp\/v2\/types\/product"}],"replies":[{"embeddable":true,"href":"https:\/\/mps.digital-monkey.in\/de\/wp-json\/wp\/v2\/comments?post=35781"}],"wp:featuredmedia":[{"embeddable":true,"href":"https:\/\/mps.digital-monkey.in\/de\/wp-json\/wp\/v2\/media\/26118"}],"wp:attachment":[{"href":"https:\/\/mps.digital-monkey.in\/de\/wp-json\/wp\/v2\/media?parent=35781"}],"wp:term":[{"taxonomy":"product_brand","embeddable":true,"href":"https:\/\/mps.digital-monkey.in\/de\/wp-json\/wp\/v2\/product_brand?post=35781"},{"taxonomy":"product_cat","embeddable":true,"href":"https:\/\/mps.digital-monkey.in\/de\/wp-json\/wp\/v2\/product_cat?post=35781"},{"taxonomy":"product_tag","embeddable":true,"href":"https:\/\/mps.digital-monkey.in\/de\/wp-json\/wp\/v2\/product_tag?post=35781"}],"curies":[{"name":"wp","href":"https:\/\/api.w.org\/{rel}","templated":true}]}}