{"id":35791,"date":"2025-06-17T14:08:24","date_gmt":"2025-06-17T14:08:24","guid":{"rendered":"https:\/\/mps.digital-monkey.in\/product\/thermostat-kit-volvo-penta-875796\/"},"modified":"2026-02-27T10:54:18","modified_gmt":"2026-02-27T10:54:18","slug":"thermostat-kit-volvo-penta-875796","status":"publish","type":"product","link":"https:\/\/mps.digital-monkey.in\/de\/product\/thermostat-kit-volvo-penta-875796\/","title":{"rendered":"Thermostat-Kit Volvo Penta 875796"},"content":{"rendered":"<h3>Volvo Penta Thermostat-Kit &#8211; 875796<\/h3>\n<p>Das Volvo Penta Thermostat-Kit 875796 ist ein hochwertiger, originaler OEM-Ersatz, der die Motortemperatur reguliert und eine angemessene K\u00fchlung in der Schifffahrt gew\u00e4hrleistet. Dieser Satz ist f\u00fcr die Aufrechterhaltung einer zuverl\u00e4ssigen Motorleistung unverzichtbar und hilft, \u00dcberhitzung zu vermeiden und den Verschlei\u00df Ihres Motors zu verringern. <\/p>\n<h4>Kompatibel mit den folgenden Motoren:<\/h4>\n<p><strong>AQ-Serie:<\/strong><\/p>\n<ul>\n<li>AQ120B<\/li>\n<li>AQ125A<\/li>\n<li>AQ140A<\/li>\n<\/ul>\n<p><strong>BB-Serie:<\/strong><\/p>\n<ul>\n<li>BB140A<\/li>\n<\/ul>\n<p><strong>MB-Serie:<\/strong><\/p>\n<ul>\n<li>MB10A<\/li>\n<\/ul>\n<p><strong>MD-Serie:<\/strong><\/p>\n<ul>\n<li>MD6A<\/li>\n<li>MD6B<\/li>\n<li>MD7A<\/li>\n<li>MD7B<\/li>\n<\/ul>\n<h4><\/h4>\n<h4>Wichtigste Vorteile:<\/h4>\n<ul>\n<li><strong>H\u00e4lt die optimale Betriebstemperatur des Motors aufrecht<\/strong><\/li>\n<li><strong>Verhindert \u00dcberhitzung und \u00fcberm\u00e4\u00dfigen Verschlei\u00df des Motors<\/strong><\/li>\n<li><strong>F\u00f6rdert die Kraftstoffeffizienz und verl\u00e4ngert die Lebensdauer des Motors<\/strong><\/li>\n<li><strong>Echte Volvo Penta OEM-Qualit\u00e4t<\/strong><\/li>\n<\/ul>\n<hr>\n<p>\u2705 <strong>OEM Teilenummer<\/strong>: 875796<br \/>\n\u2699\ufe0f <strong>Anwendung<\/strong>: Thermostat-Kit f\u00fcr eine breite Palette von Volvo Penta Schiffsmotoren der Serien AQ, BB, MB und MD<br \/>\n???? <strong>Hinweis<\/strong>: \u00dcberpr\u00fcfen Sie vor dem Einbau immer die Kompatibilit\u00e4t mit Ihrem spezifischen Motormodell.<\/p>\n<hr>\n<p>&nbsp;<\/p>\n","protected":false},"excerpt":{"rendered":"<p>Volvo Penta Thermostat-Kit &#8211; 875796 Das Volvo Penta Thermostat-Kit 875796 ist ein hochwertiger, originaler OEM-Ersatz, der die Motortemperatur reguliert und eine angemessene K\u00fchlung in der Schifffahrt gew\u00e4hrleistet. Dieser Satz ist f\u00fcr die Aufrechterhaltung einer zuverl\u00e4ssigen Motorleistung unverzichtbar und hilft, \u00dcberhitzung zu vermeiden und den Verschlei\u00df Ihres Motors zu verringern. Kompatibel mit den folgenden Motoren: AQ-Serie: [&hellip;]<\/p>\n","protected":false},"featured_media":35792,"comment_status":"open","ping_status":"closed","template":"","meta":[],"product_brand":[4230],"product_cat":[2498,3294,4308,4309,4360,4363,4526],"product_tag":[],"class_list":{"0":"post-35791","1":"product","2":"type-product","3":"status-publish","4":"has-post-thumbnail","6":"product_brand-volvo-penta","7":"product_cat-ersatzteile-fur-motoren","8":"product_cat-thermostate","9":"product_cat-volvo-penta","10":"product_cat-volvo-penta-md-serie","11":"product_cat-volvo-penta-md6","12":"product_cat-volvo-penta-md7","13":"product_cat-volvo-penta-service-teile","15":"first","16":"onbackorder","17":"taxable","18":"shipping-taxable","19":"purchasable","20":"product-type-simple"},"supplier_id":null,"supplier_sku":"","barcode":null,"atum_controlled":true,"out_stock_date":"2025-11-21 12:48:20","out_stock_threshold":null,"inheritable":false,"inbound_stock":null,"stock_on_hold":0,"sold_today":0,"sales_last_days":0,"reserved_stock":null,"customer_returns":null,"warehouse_damage":null,"lost_in_post":null,"other_logs":null,"out_stock_days":0,"lost_sales":0,"has_location":null,"update_date":"2025-11-21T12:49:49","atum_locations":[],"atum_stock_status":"onbackorder","restock_status":false,"low_stock_amount":"","sales_update_date":"2025-08-29T00:00:40","calc_backorders":0,"_links":{"self":[{"href":"https:\/\/mps.digital-monkey.in\/de\/wp-json\/wp\/v2\/product\/35791","targetHints":{"allow":["GET"]}}],"collection":[{"href":"https:\/\/mps.digital-monkey.in\/de\/wp-json\/wp\/v2\/product"}],"about":[{"href":"https:\/\/mps.digital-monkey.in\/de\/wp-json\/wp\/v2\/types\/product"}],"replies":[{"embeddable":true,"href":"https:\/\/mps.digital-monkey.in\/de\/wp-json\/wp\/v2\/comments?post=35791"}],"wp:featuredmedia":[{"embeddable":true,"href":"https:\/\/mps.digital-monkey.in\/de\/wp-json\/wp\/v2\/media\/35792"}],"wp:attachment":[{"href":"https:\/\/mps.digital-monkey.in\/de\/wp-json\/wp\/v2\/media?parent=35791"}],"wp:term":[{"taxonomy":"product_brand","embeddable":true,"href":"https:\/\/mps.digital-monkey.in\/de\/wp-json\/wp\/v2\/product_brand?post=35791"},{"taxonomy":"product_cat","embeddable":true,"href":"https:\/\/mps.digital-monkey.in\/de\/wp-json\/wp\/v2\/product_cat?post=35791"},{"taxonomy":"product_tag","embeddable":true,"href":"https:\/\/mps.digital-monkey.in\/de\/wp-json\/wp\/v2\/product_tag?post=35791"}],"curies":[{"name":"wp","href":"https:\/\/api.w.org\/{rel}","templated":true}]}}