{"id":35808,"date":"2025-06-17T14:08:25","date_gmt":"2025-06-17T14:08:25","guid":{"rendered":"https:\/\/mps.digital-monkey.in\/product\/luftfilter-876185\/"},"modified":"2026-02-27T10:54:16","modified_gmt":"2026-02-27T10:54:16","slug":"luftfilter-876185","status":"publish","type":"product","link":"https:\/\/mps.digital-monkey.in\/de\/product\/luftfilter-876185\/","title":{"rendered":"Luftfilter 876185"},"content":{"rendered":"<p><strong>Luftfilter 876185<\/strong><\/p>\n<p>Der Luftfilter 876185 sorgt f\u00fcr einen sauberen, gefilterten Luftstrom zu Ihrem Dieselmotor und sch\u00fctzt die internen Komponenten vor Staub, Schmutz und anderen Partikeln in der Luft. Entwickelt, um die Motorleistung zu erhalten, die Kraftstoffeffizienz zu verbessern und die Lebensdauer des Motors zu verl\u00e4ngern. Erf\u00fcllt die OEM-Qualit\u00e4ts- und Haltbarkeitsstandards.  <\/p>\n<p><strong>Kompatibel mit den folgenden Motormodellen:<\/strong><\/p>\n<p><strong>AD \/ AQAD \/ AQD Serie:<\/strong><br \/>\nAD30A, AD40B<br \/>\nAQAD30A, AQAD40A, AQAD40B<br \/>\nAQD40A<\/p>\n<p><strong>KAD \/ KAMD Serie:<\/strong><br \/>\nKAD300-A, KAD32P<br \/>\nKAD42A, KAD42B, KAD42P-A<br \/>\nKAD43P-A, KAD43P-B<br \/>\nKAD44P, KAD44P-B, KAD44P-C<br \/>\nKAMD300-A<br \/>\nKAMD42A, KAMD42B, KAMD42P-A<br \/>\nKAMD43P, KAMD43P-A, KAMD43P-B<br \/>\nKAMD44P-A, KAMD44P-B, KAMD44P-C<\/p>\n<p><strong>MD-Serie:<\/strong><br \/>\nMD30A, MD40A<\/p>\n<p><strong>TAMD-Serie:<\/strong><br \/>\nTAMD30A, TAMD40A, TAMD40B<br \/>\nTAMD61A, TAMD62A<br \/>\nTAMD71A, TAMD71B<br \/>\nTAMD72A, TAMD72P-A, TAMD72WJ-A<br \/>\nTAMD73P-A, TAMD73WJ-A<\/p>\n<p><strong>TMD-Serie:<\/strong><br \/>\nTMD30A, TMD40A, TMD40B, TMD40C<\/p>\n<p><strong>MS-Serie:<\/strong><br \/>\nMS25A, MS25A-A, MS25L<\/p>\n<hr>\n<p>\u2705 <strong>OEM Teilenummer:<\/strong> 876185<br \/>\n\u2699\ufe0f <strong>Anwendung:<\/strong> Schiffsdieselmotoren<br \/>\n???? <strong>Funktion:<\/strong> Filtert die Ansaugluft, um den Verschlei\u00df des Motors zu verhindern<br \/>\n???? <strong>Hinweis:<\/strong> \u00dcberpr\u00fcfen Sie vor dem Einbau immer die Kompatibilit\u00e4t mit Ihrem spezifischen Motormodell.<\/p>\n<hr>\n","protected":false},"excerpt":{"rendered":"<p>Luftfilter 876185 Der Luftfilter 876185 sorgt f\u00fcr einen sauberen, gefilterten Luftstrom zu Ihrem Dieselmotor und sch\u00fctzt die internen Komponenten vor Staub, Schmutz und anderen Partikeln in der Luft. Entwickelt, um die Motorleistung zu erhalten, die Kraftstoffeffizienz zu verbessern und die Lebensdauer des Motors zu verl\u00e4ngern. Erf\u00fcllt die OEM-Qualit\u00e4ts- und Haltbarkeitsstandards. Kompatibel mit den folgenden Motormodellen: [&hellip;]<\/p>\n","protected":false},"featured_media":42056,"comment_status":"open","ping_status":"closed","template":"","meta":[],"product_brand":[4230],"product_cat":[2498,2663,4526],"product_tag":[],"class_list":{"0":"post-35808","1":"product","2":"type-product","3":"status-publish","4":"has-post-thumbnail","6":"product_brand-volvo-penta","7":"product_cat-ersatzteile-fur-motoren","8":"product_cat-luftfilter","9":"product_cat-volvo-penta-service-teile","10":"pa_condition-neu","11":"pa_model-ad30","12":"pa_model-ad40","13":"pa_model-aqad30","14":"pa_model-aqad40","15":"pa_model-aqd40","16":"pa_model-kad300","17":"pa_model-kad32","18":"pa_model-kad42","19":"pa_model-kad43","20":"pa_model-kad44","21":"pa_model-kamd300","22":"pa_model-kamd42","23":"pa_model-kamd43","24":"pa_model-kamd44","25":"pa_model-md30","26":"pa_model-md40","27":"pa_model-tamd30","28":"pa_model-tamd40","29":"pa_model-tamd61","30":"pa_model-tamd62","31":"pa_model-tamd71","32":"pa_model-tamd72","33":"pa_model-tamd73","34":"pa_model-tmd30","35":"pa_model-tmd40","36":"pa_oem-or-aftermarket-oem","38":"first","39":"instock","40":"taxable","41":"shipping-taxable","42":"purchasable","43":"product-type-simple"},"supplier_id":null,"supplier_sku":"","barcode":null,"atum_controlled":true,"out_stock_date":null,"out_stock_threshold":null,"inheritable":false,"inbound_stock":null,"stock_on_hold":0,"sold_today":0,"sales_last_days":0,"reserved_stock":null,"customer_returns":null,"warehouse_damage":null,"lost_in_post":null,"other_logs":null,"out_stock_days":0,"lost_sales":0,"has_location":null,"update_date":"2025-11-21T12:49:49","atum_locations":[],"atum_stock_status":"instock","restock_status":false,"low_stock_amount":"","sales_update_date":"2025-08-29T00:00:40","calc_backorders":0,"_links":{"self":[{"href":"https:\/\/mps.digital-monkey.in\/de\/wp-json\/wp\/v2\/product\/35808","targetHints":{"allow":["GET"]}}],"collection":[{"href":"https:\/\/mps.digital-monkey.in\/de\/wp-json\/wp\/v2\/product"}],"about":[{"href":"https:\/\/mps.digital-monkey.in\/de\/wp-json\/wp\/v2\/types\/product"}],"replies":[{"embeddable":true,"href":"https:\/\/mps.digital-monkey.in\/de\/wp-json\/wp\/v2\/comments?post=35808"}],"wp:featuredmedia":[{"embeddable":true,"href":"https:\/\/mps.digital-monkey.in\/de\/wp-json\/wp\/v2\/media\/42056"}],"wp:attachment":[{"href":"https:\/\/mps.digital-monkey.in\/de\/wp-json\/wp\/v2\/media?parent=35808"}],"wp:term":[{"taxonomy":"product_brand","embeddable":true,"href":"https:\/\/mps.digital-monkey.in\/de\/wp-json\/wp\/v2\/product_brand?post=35808"},{"taxonomy":"product_cat","embeddable":true,"href":"https:\/\/mps.digital-monkey.in\/de\/wp-json\/wp\/v2\/product_cat?post=35808"},{"taxonomy":"product_tag","embeddable":true,"href":"https:\/\/mps.digital-monkey.in\/de\/wp-json\/wp\/v2\/product_tag?post=35808"}],"curies":[{"name":"wp","href":"https:\/\/api.w.org\/{rel}","templated":true}]}}