{"id":35811,"date":"2025-06-17T14:08:26","date_gmt":"2025-06-17T14:08:26","guid":{"rendered":"https:\/\/mps.digital-monkey.in\/product\/thermostat-kit-volvo-penta-877349\/"},"modified":"2026-02-27T10:53:43","modified_gmt":"2026-02-27T10:53:43","slug":"thermostat-kit-volvo-penta-877349","status":"publish","type":"product","link":"https:\/\/mps.digital-monkey.in\/de\/produkt\/thermostat-kit-volvo-penta-877349\/","title":{"rendered":"Thermostat-Kit Volvo Penta 877349"},"content":{"rendered":"<h3><strong>Volvo Penta Thermostat-Kit - 877349<\/strong><\/h3>\n<p>Das Volvo Penta Thermostat Kit 877349 ist ein <strong>Original-Erstausr\u00fcsterteil<\/strong>, das die Motortemperatur reguliert und eine zuverl\u00e4ssige K\u00fchlleistung gew\u00e4hrleistet. Es sch\u00fctzt Ihren Motor vor \u00dcberhitzung und tr\u00e4gt zur Aufrechterhaltung konstanter Betriebsbedingungen bei, insbesondere in Meeresumgebungen. <\/p>\n<p><strong>Kompatibel mit den folgenden Motoren:<\/strong><\/p>\n<ul>\n<li>\n<p>MD11C<\/p>\n<\/li>\n<li>\n<p>MD11D<\/p>\n<\/li>\n<li>\n<p>MD17C<\/p>\n<\/li>\n<li>\n<p>MD17D<\/p>\n<\/li>\n<\/ul>\n<p><strong>Wichtigste Vorteile:<\/strong><\/p>\n<ul>\n<li>\n<p>H\u00e4lt die richtige Motortemperatur aufrecht<\/p>\n<\/li>\n<li>\n<p>Verhindert \u00dcberhitzung und reduziert den Verschlei\u00df des Motors<\/p>\n<\/li>\n<li>\n<p>Gew\u00e4hrleistet einen effizienten und sicheren Motorbetrieb<\/p>\n<\/li>\n<li>\n<p><strong>Original Volvo Penta OEM-Qualit\u00e4t<\/strong><\/p>\n<\/li>\n<\/ul>\n<hr>\n<p>\u2705 <strong>OEM Teilenummer:<\/strong> 877349<br \/>\n\u2699\ufe0f <strong>Anwendung:<\/strong> Entwickelt f\u00fcr Volvo Penta MD11 und MD17 Schiffsmotoren<br \/>\n???? <strong>Hinweis:<\/strong> Verwenden Sie immer Originalteile f\u00fcr beste Passform, Zuverl\u00e4ssigkeit und Leistung<\/p>\n<hr>\n","protected":false},"excerpt":{"rendered":"<p>Volvo Penta Thermostat-Kit - 877349 Das Volvo Penta Thermostat Kit 877349 ist ein Original-Erstausr\u00fcsterteil, das die Motortemperatur reguliert und eine zuverl\u00e4ssige K\u00fchlleistung gew\u00e4hrleistet. Es sch\u00fctzt Ihren Motor vor \u00dcberhitzung und tr\u00e4gt zur Aufrechterhaltung konstanter Betriebsbedingungen bei, insbesondere in Meeresumgebungen. Kompatibel mit den folgenden Motoren: MD11C MD11D MD17C MD17D Wichtigste Vorteile: H\u00e4lt die richtige Motortemperatur aufrecht [&hellip;]<\/p>\n","protected":false},"featured_media":26140,"comment_status":"open","ping_status":"closed","template":"","meta":[],"product_brand":[4230],"product_cat":[2498,3294,4308,4309,4366,4369,4526],"product_tag":[],"class_list":{"0":"post-35811","1":"product","2":"type-product","3":"status-publish","4":"has-post-thumbnail","6":"product_brand-volvo-penta","7":"product_cat-ersatzteile-fur-motoren","8":"product_cat-thermostate","9":"product_cat-volvo-penta","10":"product_cat-volvo-penta-md-serie","11":"product_cat-volvo-penta-md11","12":"product_cat-volvo-penta-md17","13":"product_cat-volvo-penta-service-teile","15":"first","16":"onbackorder","17":"taxable","18":"shipping-taxable","19":"purchasable","20":"product-type-simple"},"supplier_id":null,"supplier_sku":"","barcode":null,"atum_controlled":true,"out_stock_date":"2025-11-21 12:48:06","out_stock_threshold":null,"inheritable":false,"inbound_stock":0,"stock_on_hold":0,"sold_today":0,"sales_last_days":0,"reserved_stock":0,"customer_returns":0,"warehouse_damage":0,"lost_in_post":0,"other_logs":0,"out_stock_days":0,"lost_sales":0,"has_location":false,"update_date":"2025-11-21T12:49:49","atum_locations":[],"atum_stock_status":"onbackorder","restock_status":false,"low_stock_amount":"","sales_update_date":"2025-09-23T17:24:26","calc_backorders":0,"_links":{"self":[{"href":"https:\/\/mps.digital-monkey.in\/de\/wp-json\/wp\/v2\/product\/35811","targetHints":{"allow":["GET"]}}],"collection":[{"href":"https:\/\/mps.digital-monkey.in\/de\/wp-json\/wp\/v2\/product"}],"about":[{"href":"https:\/\/mps.digital-monkey.in\/de\/wp-json\/wp\/v2\/types\/product"}],"replies":[{"embeddable":true,"href":"https:\/\/mps.digital-monkey.in\/de\/wp-json\/wp\/v2\/comments?post=35811"}],"wp:featuredmedia":[{"embeddable":true,"href":"https:\/\/mps.digital-monkey.in\/de\/wp-json\/wp\/v2\/media\/26140"}],"wp:attachment":[{"href":"https:\/\/mps.digital-monkey.in\/de\/wp-json\/wp\/v2\/media?parent=35811"}],"wp:term":[{"taxonomy":"product_brand","embeddable":true,"href":"https:\/\/mps.digital-monkey.in\/de\/wp-json\/wp\/v2\/product_brand?post=35811"},{"taxonomy":"product_cat","embeddable":true,"href":"https:\/\/mps.digital-monkey.in\/de\/wp-json\/wp\/v2\/product_cat?post=35811"},{"taxonomy":"product_tag","embeddable":true,"href":"https:\/\/mps.digital-monkey.in\/de\/wp-json\/wp\/v2\/product_tag?post=35811"}],"curies":[{"name":"wp","href":"https:\/\/api.w.org\/{rel}","templated":true}]}}