{"id":35814,"date":"2025-06-17T14:08:26","date_gmt":"2025-06-17T14:08:26","guid":{"rendered":"https:\/\/mps.digital-monkey.in\/product\/servicekit-md-2010-2020-c-d-d1-13-d1-20-21189380-877198\/"},"modified":"2026-02-27T10:53:36","modified_gmt":"2026-02-27T10:53:36","slug":"servicekit-md-2010-2020-c-d-d1-13-d1-20-21189380-877198","status":"publish","type":"product","link":"https:\/\/mps.digital-monkey.in\/de\/produkt\/servicekit-md-2010-2020-c-d-d1-13-d1-20-21189380-877198\/","title":{"rendered":"Servicekit Volvo Penta MD 2010-2020 C, D D1-13 D1-20 21189380 (877198)"},"content":{"rendered":"<p data-start=\"456\" data-end=\"507\"><strong data-start=\"456\" data-end=\"505\">Volvo Penta Service Kit f\u00fcr Motoren der D1-Serie und MD2010, MD2020<\/strong><\/p>\n<p data-start=\"509\" data-end=\"670\">Halten Sie Ihren Volvo Penta D1-Motor mit diesem Komplettservice-Kit f\u00fcr die Modelle D1-13, D1-13B, D1-13F, D1-20, D1-20B und D1-20F sowie f\u00fcr die Modelle MD2010, 2010C, 2010D, 2020, 2020C und 2020D auf H\u00f6chstleistung. <\/p>\n<p data-start=\"672\" data-end=\"687\"><strong data-start=\"672\" data-end=\"685\">Beinhaltet:<\/strong><\/p>\n<ul data-start=\"688\" data-end=\"969\">\n<li data-start=\"688\" data-end=\"780\">\n<p data-start=\"690\" data-end=\"780\"><strong data-start=\"690\" data-end=\"705\">\u00d6lfilter:<\/strong> 861473 - Sch\u00fctzt Ihren Motor, indem es das \u00d6l sauber und frei von Verunreinigungen h\u00e4lt.<\/p>\n<\/li>\n<li data-start=\"781\" data-end=\"869\">\n<p data-start=\"783\" data-end=\"869\"><strong data-start=\"783\" data-end=\"799\">Kraftstofffilter:<\/strong> 861477 - Sorgt f\u00fcr verunreinigungsfreien Kraftstoff f\u00fcr einen reibungslosen Motorbetrieb.<\/p>\n<\/li>\n<li data-start=\"870\" data-end=\"969\">\n<p data-start=\"872\" data-end=\"969\"><strong data-start=\"872\" data-end=\"885\">Impeller:<\/strong> 22222936 - H\u00e4lt den Wasserfluss aufrecht, um \u00dcberhitzung zu vermeiden und Ihren Motor zu sch\u00fctzen.<\/p>\n<\/li>\n<\/ul>\n<p data-start=\"971\" data-end=\"1103\">Dieses Kit ist perfekt f\u00fcr die Wartung durch den Heimwerker und die professionelle Instandhaltung geeignet und enth\u00e4lt alle wichtigen Komponenten in einem praktischen Paket.<\/p>\n","protected":false},"excerpt":{"rendered":"<p>Volvo Penta Service Kit f\u00fcr Motoren der D1-Serie und MD2010, MD2020 Halten Sie Ihren Volvo Penta D1-Motor mit diesem Komplettservice-Kit f\u00fcr die Modelle D1-13, D1-13B, D1-13F, D1-20, D1-20B und D1-20F sowie f\u00fcr die Modelle MD2010, 2010C, 2010D, 2020, 2020C und 2020D auf H\u00f6chstleistung. Beinhaltet: \u00d6lfilter: 861473 - Sch\u00fctzt Ihren Motor, indem es das \u00d6l sauber [&hellip;]<\/p>\n","protected":false},"featured_media":26135,"comment_status":"open","ping_status":"closed","template":"","meta":[],"product_brand":[4230],"product_cat":[2498,3202,4479,4308,4295,4290,4309,4310,4312,4526],"product_tag":[],"class_list":{"0":"post-35814","1":"product","2":"type-product","3":"status-publish","4":"has-post-thumbnail","6":"product_brand-volvo-penta","7":"product_cat-ersatzteile-fur-motoren","8":"product_cat-service-kits","9":"product_cat-service-kits-volvo-penta","10":"product_cat-volvo-penta","11":"product_cat-volvo-penta-d1-13-teile","12":"product_cat-volvo-penta-d1-20-teile","13":"product_cat-volvo-penta-md-serie","14":"product_cat-volvo-penta-md2010-teile","15":"product_cat-volvo-penta-md2020-teile","16":"product_cat-volvo-penta-service-teile","17":"pa_condition-neu","18":"pa_model-d1-13","19":"pa_model-d1-20","20":"pa_model-md2010","21":"pa_model-md2020","22":"pa_oem-or-aftermarket-oem","24":"first","25":"onbackorder","26":"taxable","27":"shipping-taxable","28":"purchasable","29":"product-type-simple"},"supplier_id":32142,"supplier_sku":"21189380","barcode":null,"atum_controlled":true,"out_stock_date":"2025-11-21 12:48:02","out_stock_threshold":null,"inheritable":false,"inbound_stock":0,"stock_on_hold":0,"sold_today":0,"sales_last_days":0,"reserved_stock":0,"customer_returns":0,"warehouse_damage":0,"lost_in_post":0,"other_logs":0,"out_stock_days":104,"lost_sales":0,"has_location":false,"update_date":"2026-03-05T15:27:29","atum_locations":[],"atum_stock_status":"onbackorder","restock_status":false,"low_stock_amount":"","sales_update_date":"2026-03-05T15:27:29","calc_backorders":null,"_links":{"self":[{"href":"https:\/\/mps.digital-monkey.in\/de\/wp-json\/wp\/v2\/product\/35814","targetHints":{"allow":["GET"]}}],"collection":[{"href":"https:\/\/mps.digital-monkey.in\/de\/wp-json\/wp\/v2\/product"}],"about":[{"href":"https:\/\/mps.digital-monkey.in\/de\/wp-json\/wp\/v2\/types\/product"}],"replies":[{"embeddable":true,"href":"https:\/\/mps.digital-monkey.in\/de\/wp-json\/wp\/v2\/comments?post=35814"}],"wp:featuredmedia":[{"embeddable":true,"href":"https:\/\/mps.digital-monkey.in\/de\/wp-json\/wp\/v2\/media\/26135"}],"wp:attachment":[{"href":"https:\/\/mps.digital-monkey.in\/de\/wp-json\/wp\/v2\/media?parent=35814"}],"wp:term":[{"taxonomy":"product_brand","embeddable":true,"href":"https:\/\/mps.digital-monkey.in\/de\/wp-json\/wp\/v2\/product_brand?post=35814"},{"taxonomy":"product_cat","embeddable":true,"href":"https:\/\/mps.digital-monkey.in\/de\/wp-json\/wp\/v2\/product_cat?post=35814"},{"taxonomy":"product_tag","embeddable":true,"href":"https:\/\/mps.digital-monkey.in\/de\/wp-json\/wp\/v2\/product_tag?post=35814"}],"curies":[{"name":"wp","href":"https:\/\/api.w.org\/{rel}","templated":true}]}}