{"id":35820,"date":"2025-06-17T14:08:27","date_gmt":"2025-06-17T14:08:27","guid":{"rendered":"https:\/\/mps.digital-monkey.in\/product\/thermostat-kit-volvo-penta-877355\/"},"modified":"2026-02-26T10:22:26","modified_gmt":"2026-02-26T10:22:26","slug":"thermostat-kit-volvo-penta-877355","status":"publish","type":"product","link":"https:\/\/mps.digital-monkey.in\/de\/produkt\/thermostat-kit-volvo-penta-877355\/","title":{"rendered":"Thermostat-Kit Volvo Penta 877355"},"content":{"rendered":"<h3>Volvo Penta Thermostat-Kit - 877355<\/h3>\n<p>Das Volvo Penta Thermostat-Kit 877355 ist ein Original-Ersatzteil zur Aufrechterhaltung optimaler Motortemperaturen und gew\u00e4hrleistet eine zuverl\u00e4ssige und effiziente K\u00fchlung f\u00fcr Schiffsanwendungen. Dieses Thermostat-Kit hilft, eine \u00dcberhitzung des Motors zu verhindern, reduziert das Risiko von Sch\u00e4den und f\u00f6rdert die Langlebigkeit Ihres Motors. <\/p>\n<h4>Kompatibel mit den folgenden Motoren:<\/h4>\n<p><strong>Serie 2001:<\/strong><\/p>\n<ul>\n<li>\n<p>2001<\/p>\n<\/li>\n<li>\n<p>2001AG<\/p>\n<\/li>\n<li>\n<p>2001B<\/p>\n<\/li>\n<li>\n<p>2001BG<\/p>\n<\/li>\n<li>\n<p>2001D<\/p>\n<\/li>\n<li>\n<p>2001R<\/p>\n<\/li>\n<\/ul>\n<p><strong>Serie 2002:<\/strong><\/p>\n<ul>\n<li>\n<p>2002<\/p>\n<\/li>\n<li>\n<p>2002AG<\/p>\n<\/li>\n<li>\n<p>2002B<\/p>\n<\/li>\n<li>\n<p>2002BG<\/p>\n<\/li>\n<li>\n<p>2002D<\/p>\n<\/li>\n<\/ul>\n<p><strong>Serie 2003:<\/strong><\/p>\n<ul>\n<li>\n<p>2003<\/p>\n<\/li>\n<li>\n<p>2003 SOLAS<\/p>\n<\/li>\n<li>\n<p>2003B<\/p>\n<\/li>\n<li>\n<p>2003B SOLAS<\/p>\n<\/li>\n<li>\n<p>2003D<\/p>\n<\/li>\n<li>\n<p>2003R<\/p>\n<\/li>\n<li>\n<p>2003R SOLAS<\/p>\n<\/li>\n<\/ul>\n<h4><\/h4>\n<h4>Wichtigste Vorteile:<\/h4>\n<ul>\n<li>\n<p><strong>H\u00e4lt die Betriebstemperatur des Motors f\u00fcr Spitzenleistungen aufrecht<\/strong><\/p>\n<\/li>\n<li>\n<p><strong>Verhindert \u00dcberhitzung und \u00fcberm\u00e4\u00dfigen Verschlei\u00df des Motors<\/strong><\/p>\n<\/li>\n<li>\n<p><strong>Verbessert die Kraftstoffeffizienz und die Lebensdauer des Motors<\/strong><\/p>\n<\/li>\n<li>\n<p><strong>Echte Volvo Penta OEM-Qualit\u00e4t f\u00fcr optimale Zuverl\u00e4ssigkeit<\/strong><\/p>\n<\/li>\n<\/ul>\n<hr>\n<p>\u2705 <strong>OEM Teilenummer<\/strong>: 877355<br \/>\n\u2699\ufe0f <strong>Anwendung<\/strong>: Thermostat-Kit f\u00fcr verschiedene Volvo Penta Schiffsmotoren der Serien 2001, 2002 und 2003<br \/>\n???? <strong>Hinweis<\/strong>: \u00dcberpr\u00fcfen Sie vor dem Einbau immer die Kompatibilit\u00e4t mit Ihrem spezifischen Motormodell.<\/p>\n<hr>\n","protected":false},"excerpt":{"rendered":"<p>Volvo Penta Thermostat-Kit - 877355 Das Volvo Penta Thermostat-Kit 877355 ist ein Original-Ersatzteil zur Aufrechterhaltung optimaler Motortemperaturen und gew\u00e4hrleistet eine zuverl\u00e4ssige und effiziente K\u00fchlung f\u00fcr Schiffsanwendungen. Dieses Thermostat-Kit hilft, eine \u00dcberhitzung des Motors zu verhindern, reduziert das Risiko von Sch\u00e4den und f\u00f6rdert die Langlebigkeit Ihres Motors. Kompatibel mit den folgenden Motoren: Serie 2001: 2001 2001AG [&hellip;]<\/p>\n","protected":false},"featured_media":23588,"comment_status":"open","ping_status":"closed","template":"","meta":[],"product_brand":[4230],"product_cat":[2498,3294,4308,4722,4467,4470,4473,4466,4526],"product_tag":[],"class_list":{"0":"post-35820","1":"product","2":"type-product","3":"status-publish","4":"has-post-thumbnail","6":"product_brand-volvo-penta","7":"product_cat-ersatzteile-fur-motoren","8":"product_cat-thermostate","9":"product_cat-volvo-penta","10":"product_cat-volvo-penta-2000-serie-service-teile","11":"product_cat-volvo-penta-2001-teile","12":"product_cat-volvo-penta-2002-teile","13":"product_cat-volvo-penta-2003-teile","14":"product_cat-volvo-penta-serie-2000","15":"product_cat-volvo-penta-service-teile","17":"first","18":"onbackorder","19":"taxable","20":"shipping-taxable","21":"purchasable","22":"product-type-simple"},"supplier_id":null,"supplier_sku":"","barcode":null,"atum_controlled":true,"out_stock_date":"2026-02-26 10:20:15","out_stock_threshold":null,"inheritable":false,"inbound_stock":null,"stock_on_hold":0,"sold_today":0,"sales_last_days":0,"reserved_stock":null,"customer_returns":null,"warehouse_damage":null,"lost_in_post":null,"other_logs":null,"out_stock_days":0,"lost_sales":0,"has_location":null,"update_date":"2026-02-26T10:21:28","atum_locations":[],"atum_stock_status":"onbackorder","restock_status":false,"low_stock_amount":"","sales_update_date":"2025-08-29T00:00:40","calc_backorders":0,"_links":{"self":[{"href":"https:\/\/mps.digital-monkey.in\/de\/wp-json\/wp\/v2\/product\/35820","targetHints":{"allow":["GET"]}}],"collection":[{"href":"https:\/\/mps.digital-monkey.in\/de\/wp-json\/wp\/v2\/product"}],"about":[{"href":"https:\/\/mps.digital-monkey.in\/de\/wp-json\/wp\/v2\/types\/product"}],"replies":[{"embeddable":true,"href":"https:\/\/mps.digital-monkey.in\/de\/wp-json\/wp\/v2\/comments?post=35820"}],"wp:featuredmedia":[{"embeddable":true,"href":"https:\/\/mps.digital-monkey.in\/de\/wp-json\/wp\/v2\/media\/23588"}],"wp:attachment":[{"href":"https:\/\/mps.digital-monkey.in\/de\/wp-json\/wp\/v2\/media?parent=35820"}],"wp:term":[{"taxonomy":"product_brand","embeddable":true,"href":"https:\/\/mps.digital-monkey.in\/de\/wp-json\/wp\/v2\/product_brand?post=35820"},{"taxonomy":"product_cat","embeddable":true,"href":"https:\/\/mps.digital-monkey.in\/de\/wp-json\/wp\/v2\/product_cat?post=35820"},{"taxonomy":"product_tag","embeddable":true,"href":"https:\/\/mps.digital-monkey.in\/de\/wp-json\/wp\/v2\/product_tag?post=35820"}],"curies":[{"name":"wp","href":"https:\/\/api.w.org\/{rel}","templated":true}]}}