{"id":35946,"date":"2025-06-17T14:09:51","date_gmt":"2025-06-17T14:09:51","guid":{"rendered":"https:\/\/mps.digital-monkey.in\/product\/volvo-penta-2003t-200tb-oelkuehler-dichtungssatz\/"},"modified":"2025-11-02T15:44:41","modified_gmt":"2025-11-02T15:44:41","slug":"volvo-penta-2003t-200tb-oelkuehler-dichtungssatz","status":"publish","type":"product","link":"https:\/\/mps.digital-monkey.in\/de\/product\/volvo-penta-2003t-200tb-oelkuehler-dichtungssatz\/","title":{"rendered":"Volvo Penta 2003T 200TB \u00d6lk\u00fchler Dichtungssatz"},"content":{"rendered":"<p>Dieser Dichtungssatz f\u00fcr den \u00d6lk\u00fchler passt zu den folgenden Motoren.<\/p>\n<p>Volvo Penta 2003T und 2003TB<\/p>\n<p> Dies ist kein Originalprodukt von Volvo Penta (AFTERMARKET), sondern ein hochwertiges Ersatzprodukt.<\/p>\n","protected":false},"excerpt":{"rendered":"<p>Dieser Dichtungssatz f\u00fcr den \u00d6lk\u00fchler passt zu den folgenden Motoren. Volvo Penta 2003T und 2003TB Dies ist kein Originalprodukt von Volvo Penta (AFTERMARKET), sondern ein hochwertiges Ersatzprodukt.<\/p>\n","protected":false},"featured_media":0,"comment_status":"open","ping_status":"closed","template":"","meta":[],"product_brand":[4230],"product_cat":[2498,4308,4473,4476,4466,4526],"product_tag":[],"class_list":{"0":"post-35946","1":"product","2":"type-product","3":"status-publish","5":"product_brand-volvo-penta","6":"product_cat-ersatzteile-fur-motoren","7":"product_cat-volvo-penta","8":"product_cat-volvo-penta-2003-teile","9":"product_cat-volvo-penta-2003t-teile","10":"product_cat-volvo-penta-serie-2000","11":"product_cat-volvo-penta-service-teile","13":"first","14":"onbackorder","15":"taxable","16":"shipping-taxable","17":"purchasable","18":"product-type-simple"},"supplier_id":null,"supplier_sku":"","barcode":null,"atum_controlled":true,"out_stock_date":"2025-11-21 12:47:35","out_stock_threshold":null,"inheritable":false,"inbound_stock":null,"stock_on_hold":0,"sold_today":0,"sales_last_days":0,"reserved_stock":null,"customer_returns":null,"warehouse_damage":null,"lost_in_post":null,"other_logs":null,"out_stock_days":0,"lost_sales":0,"has_location":null,"update_date":"2025-11-21T12:49:49","atum_locations":[],"atum_stock_status":"onbackorder","restock_status":false,"low_stock_amount":"","sales_update_date":"2025-08-29T00:00:40","calc_backorders":0,"_links":{"self":[{"href":"https:\/\/mps.digital-monkey.in\/de\/wp-json\/wp\/v2\/product\/35946","targetHints":{"allow":["GET"]}}],"collection":[{"href":"https:\/\/mps.digital-monkey.in\/de\/wp-json\/wp\/v2\/product"}],"about":[{"href":"https:\/\/mps.digital-monkey.in\/de\/wp-json\/wp\/v2\/types\/product"}],"replies":[{"embeddable":true,"href":"https:\/\/mps.digital-monkey.in\/de\/wp-json\/wp\/v2\/comments?post=35946"}],"wp:attachment":[{"href":"https:\/\/mps.digital-monkey.in\/de\/wp-json\/wp\/v2\/media?parent=35946"}],"wp:term":[{"taxonomy":"product_brand","embeddable":true,"href":"https:\/\/mps.digital-monkey.in\/de\/wp-json\/wp\/v2\/product_brand?post=35946"},{"taxonomy":"product_cat","embeddable":true,"href":"https:\/\/mps.digital-monkey.in\/de\/wp-json\/wp\/v2\/product_cat?post=35946"},{"taxonomy":"product_tag","embeddable":true,"href":"https:\/\/mps.digital-monkey.in\/de\/wp-json\/wp\/v2\/product_tag?post=35946"}],"curies":[{"name":"wp","href":"https:\/\/api.w.org\/{rel}","templated":true}]}}