{"id":36007,"date":"2025-06-17T14:10:18","date_gmt":"2025-06-17T14:10:18","guid":{"rendered":"https:\/\/mps.digital-monkey.in\/product\/eurol-diesel-guard-15w-40\/"},"modified":"2025-11-03T07:57:19","modified_gmt":"2025-11-03T07:57:19","slug":"eurol-diesel-guard-15w-40","status":"publish","type":"product","link":"https:\/\/mps.digital-monkey.in\/de\/product\/eurol-diesel-guard-15w-40\/","title":{"rendered":"EUROL DIESEL-GUARD 15W-40"},"content":{"rendered":"<p><strong>EUROL DIESEL-GUARD 15W-40<\/strong><br \/>\nMineralisches SHPD-Motor\u00f6l<\/p>\n<p>Eurol Diesel-Guard 15W-40 ist ein modernes Motoren\u00f6l, das nach den neuesten Anforderungen an \u00d6lverbrauch und Emissionen entwickelt wurde und die meisten aktuellen Qualit\u00e4tsstandards der europ\u00e4ischen und amerikanischen Motorenhersteller erf\u00fcllt.<\/p>\n<p>Eurol Diesel-Guard 15W-40 ist ideal geeignet f\u00fcr schwere Dieselmotoren in Lastwagen, mit oder ohne Turbolader, und f\u00fcr Off-Road-Anwendungen.<\/p>\n<p>Eurol Diesel-Guard 15W-40 \u00fcbertrifft bequem die reduzierten Grenzwerte f\u00fcr Ablagerungen auf dem Kolbenboden und dem Rest des Kolbens. Das vorgeschriebene \u00d6lwechselintervall wird m\u00fchelos eingehalten, unabh\u00e4ngig vom Motortyp oder den Betriebsbedingungen. <\/p>\n<p>Eurol Diesel-Guard 15W-40 kann in Euro II-, Euro III-, Euro IV- und einigen Euro V-Motoren verwendet werden, in denen Kraftstoff mit hohem Schwefelgehalt verwendet wird.<\/p>\n<p>Eurol Diesel-Guard 15W-40 ist nicht f\u00fcr die Verwendung in Motoren mit Dieselpartikelfilter (DPF) geeignet.<\/p>\n<p>4o<\/p>\n","protected":false},"excerpt":{"rendered":"<p>EUROL DIESEL-GUARD 15W-40 Mineralisches SHPD-Motor\u00f6l Eurol Diesel-Guard 15W-40 ist ein modernes Motoren\u00f6l, das nach den neuesten Anforderungen an \u00d6lverbrauch und Emissionen entwickelt wurde und die meisten aktuellen Qualit\u00e4tsstandards der europ\u00e4ischen und amerikanischen Motorenhersteller erf\u00fcllt. Eurol Diesel-Guard 15W-40 ist ideal geeignet f\u00fcr schwere Dieselmotoren in Lastwagen, mit oder ohne Turbolader, und f\u00fcr Off-Road-Anwendungen. Eurol Diesel-Guard 15W-40 [&hellip;]<\/p>\n","protected":false},"featured_media":36008,"comment_status":"open","ping_status":"closed","template":"","meta":[],"product_brand":[],"product_cat":[2498,2726,2725,4485],"product_tag":[],"class_list":{"0":"post-36007","1":"product","2":"type-product","3":"status-publish","4":"has-post-thumbnail","6":"product_cat-ersatzteile-fur-motoren","7":"product_cat-ol","8":"product_cat-ole-flussigkeiten","9":"product_cat-volvo-penta-ol","11":"first","12":"instock","13":"taxable","14":"shipping-taxable","15":"purchasable","16":"product-type-variable"},"supplier_id":null,"supplier_sku":"","barcode":null,"atum_controlled":true,"out_stock_date":null,"out_stock_threshold":null,"inheritable":true,"inbound_stock":0,"stock_on_hold":0,"sold_today":0,"sales_last_days":0,"reserved_stock":0,"customer_returns":0,"warehouse_damage":0,"lost_in_post":0,"other_logs":0,"out_stock_days":0,"lost_sales":0,"has_location":false,"update_date":"2025-12-03T10:47:50","atum_locations":[],"atum_stock_status":"instock","restock_status":false,"low_stock_amount":"","sales_update_date":"2025-12-03T10:47:50","calc_backorders":null,"_links":{"self":[{"href":"https:\/\/mps.digital-monkey.in\/de\/wp-json\/wp\/v2\/product\/36007","targetHints":{"allow":["GET"]}}],"collection":[{"href":"https:\/\/mps.digital-monkey.in\/de\/wp-json\/wp\/v2\/product"}],"about":[{"href":"https:\/\/mps.digital-monkey.in\/de\/wp-json\/wp\/v2\/types\/product"}],"replies":[{"embeddable":true,"href":"https:\/\/mps.digital-monkey.in\/de\/wp-json\/wp\/v2\/comments?post=36007"}],"wp:featuredmedia":[{"embeddable":true,"href":"https:\/\/mps.digital-monkey.in\/de\/wp-json\/wp\/v2\/media\/36008"}],"wp:attachment":[{"href":"https:\/\/mps.digital-monkey.in\/de\/wp-json\/wp\/v2\/media?parent=36007"}],"wp:term":[{"taxonomy":"product_brand","embeddable":true,"href":"https:\/\/mps.digital-monkey.in\/de\/wp-json\/wp\/v2\/product_brand?post=36007"},{"taxonomy":"product_cat","embeddable":true,"href":"https:\/\/mps.digital-monkey.in\/de\/wp-json\/wp\/v2\/product_cat?post=36007"},{"taxonomy":"product_tag","embeddable":true,"href":"https:\/\/mps.digital-monkey.in\/de\/wp-json\/wp\/v2\/product_tag?post=36007"}],"curies":[{"name":"wp","href":"https:\/\/api.w.org\/{rel}","templated":true}]}}