{"id":36022,"date":"2025-06-17T14:10:18","date_gmt":"2025-06-17T14:10:18","guid":{"rendered":"https:\/\/mps.digital-monkey.in\/product\/eurol-kuehlmittel-36c-blau\/"},"modified":"2025-11-03T08:02:00","modified_gmt":"2025-11-03T08:02:00","slug":"eurol-kuehlmittel-36c-blau","status":"publish","type":"product","link":"https:\/\/mps.digital-monkey.in\/de\/produkt\/eurol-kuehlmittel-36c-blau\/","title":{"rendered":"Eurol K\u00fchlmittel -36\u00b0C ( BLAU )"},"content":{"rendered":"<p><strong>Eurol K\u00fchlmittel -36\u00b0C BS 6580<\/strong><\/p>\n<p>Entspricht der BS 6580, geeignet f\u00fcr offene und geschlossene K\u00fchlsysteme.<\/p>\n<p>Eurol Coolant -36 ist ein speziell f\u00fcr offene und geschlossene K\u00fchlsysteme entwickeltes Medium, das den modernen Anforderungen der europ\u00e4ischen Automobilhersteller entspricht. Dieses K\u00fchlmittel ist auch f\u00fcr W\u00e4rme\u00fcbertragungssysteme und Zentralheizungsanlagen geeignet. <\/p>\n<p>Eurol Coolant -36 verhindert die l\u00e4stige Bildung von Kalkablagerungen, Korrosion, Schaumbildung, Schlamm und Leckagen. Es greift Gummi, Kunststoffe, Metalle, Aluminium oder Legierungen nicht an. <\/p>\n<p>Eurol Coolant -36 bietet dauerhaften garantierten Frostschutz bis zu -36\u00b0C und sollte unverd\u00fcnnt verwendet werden, also nie mit Wasser nachf\u00fcllen.<\/p>\n<p>Eurol Coolant -36 ist frei von Nitriten, Aminen und Phosphaten.<\/p>\n<p>Geeignet f\u00fcr die \u00dcberwinterung Ihres Bootsmotors!<\/p>\n","protected":false},"excerpt":{"rendered":"<p>Eurol K\u00fchlmittel -36\u00b0C BS 6580 Entspricht der BS 6580, geeignet f\u00fcr offene und geschlossene K\u00fchlsysteme. Eurol Coolant -36 ist ein speziell f\u00fcr offene und geschlossene K\u00fchlsysteme entwickeltes Medium, das den modernen Anforderungen der europ\u00e4ischen Automobilhersteller entspricht. Dieses K\u00fchlmittel ist auch f\u00fcr W\u00e4rme\u00fcbertragungssysteme und Zentralheizungsanlagen geeignet. Eurol Coolant -36 verhindert die l\u00e4stige Bildung von Kalkablagerungen, Korrosion, [&hellip;]<\/p>\n","protected":false},"featured_media":36023,"comment_status":"open","ping_status":"closed","template":"","meta":[],"product_brand":[],"product_cat":[2498,3029],"product_tag":[],"class_list":{"0":"post-36022","1":"product","2":"type-product","3":"status-publish","4":"has-post-thumbnail","6":"product_cat-ersatzteile-fur-motoren","7":"product_cat-kuhlmittel","9":"first","10":"onbackorder","11":"taxable","12":"shipping-taxable","13":"purchasable","14":"product-type-variable"},"supplier_id":null,"supplier_sku":"","barcode":null,"atum_controlled":true,"out_stock_date":"2025-11-03 08:01:08","out_stock_threshold":null,"inheritable":true,"inbound_stock":0,"stock_on_hold":0,"sold_today":0,"sales_last_days":0,"reserved_stock":0,"customer_returns":0,"warehouse_damage":0,"lost_in_post":0,"other_logs":0,"out_stock_days":0,"lost_sales":0,"has_location":false,"update_date":"2025-11-03T08:01:10","atum_locations":[],"atum_stock_status":"onbackorder","restock_status":false,"low_stock_amount":"","sales_update_date":"2025-10-07T07:22:35","calc_backorders":null,"_links":{"self":[{"href":"https:\/\/mps.digital-monkey.in\/de\/wp-json\/wp\/v2\/product\/36022","targetHints":{"allow":["GET"]}}],"collection":[{"href":"https:\/\/mps.digital-monkey.in\/de\/wp-json\/wp\/v2\/product"}],"about":[{"href":"https:\/\/mps.digital-monkey.in\/de\/wp-json\/wp\/v2\/types\/product"}],"replies":[{"embeddable":true,"href":"https:\/\/mps.digital-monkey.in\/de\/wp-json\/wp\/v2\/comments?post=36022"}],"wp:featuredmedia":[{"embeddable":true,"href":"https:\/\/mps.digital-monkey.in\/de\/wp-json\/wp\/v2\/media\/36023"}],"wp:attachment":[{"href":"https:\/\/mps.digital-monkey.in\/de\/wp-json\/wp\/v2\/media?parent=36022"}],"wp:term":[{"taxonomy":"product_brand","embeddable":true,"href":"https:\/\/mps.digital-monkey.in\/de\/wp-json\/wp\/v2\/product_brand?post=36022"},{"taxonomy":"product_cat","embeddable":true,"href":"https:\/\/mps.digital-monkey.in\/de\/wp-json\/wp\/v2\/product_cat?post=36022"},{"taxonomy":"product_tag","embeddable":true,"href":"https:\/\/mps.digital-monkey.in\/de\/wp-json\/wp\/v2\/product_tag?post=36022"}],"curies":[{"name":"wp","href":"https:\/\/api.w.org\/{rel}","templated":true}]}}