{"id":36046,"date":"2025-06-17T14:10:19","date_gmt":"2025-06-17T14:10:19","guid":{"rendered":"https:\/\/mps.digital-monkey.in\/product\/eurol-nautic-15w-40\/"},"modified":"2025-10-30T08:59:30","modified_gmt":"2025-10-30T08:59:30","slug":"eurol-nautic-15w-40","status":"publish","type":"product","link":"https:\/\/mps.digital-monkey.in\/de\/produkt\/eurol-nautic-15w-40\/","title":{"rendered":"Eurol Nautic 15W-40"},"content":{"rendered":"<p><strong>EUROL NAUTIC L. LINE 15W-40 SHX<\/strong><\/p>\n<p>Mineralisches Motor\u00f6l f\u00fcr moderne Dieselmotoren ohne Partikelfilter.<\/p>\n<p>Eurol Nautic Line 15W-40 SHX ist ein robustes Motoren\u00f6l, das nach den neuesten Anforderungen an \u00d6lverbrauch und Abgasemissionen entwickelt wurde und alle aktuellen Qualit\u00e4tsstandards f\u00fcr europ\u00e4ische, amerikanische und japanische Diesel\u00f6le erf\u00fcllt.<\/p>\n<p>Eurol Nautic Line 15W-40 SHX ist ideal f\u00fcr schwere Dieselmotoren geeignet, kann aber auch in Benzin-, Fl\u00fcssiggas- und leichten Dieselmotoren mit oder ohne Turbolader, Katalysator und\/oder Common Rail eingesetzt werden.<\/p>\n<p>&nbsp;<\/p>\n<p>Eurol Nautic Line 15W-40 SHX \u00fcberschreitet die reduzierten Grenzwerte f\u00fcr Ablagerungen auf dem Kolbenboden, in der oberen Kolbenringnut und auf dem Rest des Kolbens.<\/p>\n<p>Dank seiner Stabilit\u00e4t gegen hohe Temperaturen und Alterung sowie seiner leistungsstarken Reinigungsadditive sorgt Eurol Nautic Line 15W-40 SHX daf\u00fcr, dass sowohl der Motor als auch das \u00d6l in gutem Zustand bleiben.<\/p>\n<p>&nbsp;<\/p>\n<p>Der Verschlei\u00df wird minimiert, selbst unter den anspruchsvollsten Bedingungen, so dass Eurol Nautic Line 15W-40 SHX m\u00fchelos die vorgeschriebenen \u00d6lwechselintervalle einh\u00e4lt, unabh\u00e4ngig vom Motortyp.<\/p>\n<p>&nbsp;<\/p>\n","protected":false},"excerpt":{"rendered":"<p>EUROL NAUTIC L. LINE 15W-40 SHX Mineralisches Motor\u00f6l f\u00fcr moderne Dieselmotoren ohne Partikelfilter. Eurol Nautic Line 15W-40 SHX ist ein robustes Motoren\u00f6l, das nach den neuesten Anforderungen an \u00d6lverbrauch und Abgasemissionen entwickelt wurde und alle aktuellen Qualit\u00e4tsstandards f\u00fcr europ\u00e4ische, amerikanische und japanische Diesel\u00f6le erf\u00fcllt. Eurol Nautic Line 15W-40 SHX ist ideal f\u00fcr schwere Dieselmotoren geeignet, [&hellip;]<\/p>\n","protected":false},"featured_media":36047,"comment_status":"open","ping_status":"closed","template":"","meta":[],"product_brand":[],"product_cat":[2498,2726,2725,4485],"product_tag":[],"class_list":{"0":"post-36046","1":"product","2":"type-product","3":"status-publish","4":"has-post-thumbnail","6":"product_cat-ersatzteile-fur-motoren","7":"product_cat-ol","8":"product_cat-ole-flussigkeiten","9":"product_cat-volvo-penta-ol","10":"pa_model-120s","11":"pa_model-12ay","12":"pa_model-130s","13":"pa_model-150s","14":"pa_model-16lak","15":"pa_model-1gm","16":"pa_model-1gm10","17":"pa_model-1gm10c","18":"pa_model-1gmc","19":"pa_model-1gml","20":"pa_model-3088","21":"pa_model-3089","22":"pa_model-3090","23":"pa_model-2003t","24":"pa_model-2003tb","25":"pa_model-2gm","26":"pa_model-2gmf","27":"pa_model-2gm20","28":"pa_model-2gm20-yeu","29":"pa_model-2gm20f","30":"pa_model-2gm20f-yeu","31":"pa_model-2gm20fc-yeu","32":"pa_model-2gm20fve","33":"pa_model-2gmfl","34":"pa_model-2gmfye","35":"pa_model-2qm","36":"pa_model-2qm15","37":"pa_model-2qm20","38":"pa_model-2tm30","39":"pa_model-2tne68","40":"pa_model-2ym15","41":"pa_model-2ym20","42":"pa_model-3d68","43":"pa_model-3gm","44":"pa_model-3gm30","45":"pa_model-3gm30-yeu","46":"pa_model-3gm30b","47":"pa_model-3gm30c","48":"pa_model-3gm30c-yeu","49":"pa_model-3gm30f","50":"pa_model-3gm30f-yeu","51":"pa_model-3gm30fc-yeu","52":"pa_model-3gm30ve","53":"pa_model-3gmd","54":"pa_model-3gmdf","55":"pa_model-3gmf","56":"pa_model-3gmfle","57":"pa_model-3gmfy-e","58":"pa_model-3gmfye-e","59":"pa_model-3hm","60":"pa_model-3hm35","61":"pa_model-3hm35c","62":"pa_model-3hm35f","63":"pa_model-3hmf","64":"pa_model-3jh2","65":"pa_model-3jh2e","66":"pa_model-3jh2l","67":"pa_model-3jh2t","68":"pa_model-3jh2tce","69":"pa_model-3jh3","70":"pa_model-3jh3e","71":"pa_model-3jh40","72":"pa_model-3jh4e","73":"pa_model-3jh5e","74":"pa_model-3qm","75":"pa_model-3qm30","76":"pa_model-3ym20","77":"pa_model-3ym30","78":"pa_model-4by-serie","79":"pa_model-4jh","80":"pa_model-4jh-e","81":"pa_model-4jh2","82":"pa_model-4jh3","83":"pa_model-4jh3-e","84":"pa_model-4jh4","85":"pa_model-4jh4-ae","86":"pa_model-4jh4-e","87":"pa_model-4jh4-hte","88":"pa_model-4jh4-te","89":"pa_model-4jh5-e","90":"pa_model-4lh","91":"pa_model-4lh-dte","92":"pa_model-4lh-hte","93":"pa_model-4lh-ste","94":"pa_model-4lh-te","95":"pa_model-4lha","96":"pa_model-4lha-dte","97":"pa_model-4lha-dtp","98":"pa_model-4lha-hte","99":"pa_model-4lha-htp","100":"pa_model-4lha-ste","101":"pa_model-4lha-stp","102":"pa_model-6lp-dte","103":"pa_model-6lp-dtp","104":"pa_model-6lp-ste","105":"pa_model-6lp-stp","106":"pa_model-6ly2","107":"pa_model-6ly2-ste","108":"pa_model-6ly2-stp","109":"pa_model-6ly3-serie","110":"pa_model-6lya-ste","111":"pa_model-6lya-stp","112":"pa_model-6lya-ute","113":"pa_model-8lv","114":"pa_model-ad30","115":"pa_model-ad31","116":"pa_model-ad40","117":"pa_model-ad41","118":"pa_model-aqad30","119":"pa_model-aqad31","120":"pa_model-aqad40","121":"pa_model-aqad41","122":"pa_model-aqd2","123":"pa_model-aqd21","124":"pa_model-aqd21a","125":"pa_model-aqd21b","126":"pa_model-aqd27","127":"pa_model-aqd29","128":"pa_model-aqd2b","129":"pa_model-aqd30","130":"pa_model-aqd32","131":"pa_model-aqd40","132":"pa_model-aqd41","133":"pa_model-aqd70","134":"pa_model-d1-13","135":"pa_model-d1-20","136":"pa_model-d1-30","137":"pa_model-d1-30b","138":"pa_model-d1-30f","139":"pa_model-d11-625","140":"pa_model-d11-670","141":"pa_model-d11-725","142":"pa_model-d13-1000","143":"pa_model-d13-700","144":"pa_model-d13-800","145":"pa_model-d13-900","146":"pa_model-d16-750","147":"pa_model-d16-800","148":"pa_model-d16-900","149":"pa_model-d17-1000","150":"pa_model-d17-1050","151":"pa_model-d17-1150","152":"pa_model-d2-40","153":"pa_model-d2-40b","154":"pa_model-d2-40f","155":"pa_model-d2-50","156":"pa_model-d2-55","157":"pa_model-d2-60","158":"pa_model-d2-75","159":"pa_model-d3-110","160":"pa_model-d3-130","161":"pa_model-d3-140","162":"pa_model-d3-150","163":"pa_model-d3-160","164":"pa_model-d3-170","165":"pa_model-d3-190","166":"pa_model-d3-200","167":"pa_model-d3-220","168":"pa_model-d4-150","169":"pa_model-d4-175","170":"pa_model-d4-180","171":"pa_model-d4-210","172":"pa_model-d4-225","173":"pa_model-d4-230","174":"pa_model-d4-260","175":"pa_model-d4-270","176":"pa_model-d4-300","177":"pa_model-d4-320","178":"pa_model-d41","179":"pa_model-d6-280","180":"pa_model-d6-300","181":"pa_model-d6-310","182":"pa_model-d6-330","183":"pa_model-d6-340","184":"pa_model-d6-350","185":"pa_model-d6-370","186":"pa_model-d6-380","187":"pa_model-d6-400","188":"pa_model-d6-435","189":"pa_model-d6-440","190":"pa_model-d6-480","191":"pa_model-d8-550","192":"pa_model-d8-600","193":"pa_model-d8-650","194":"pa_model-dv10","195":"pa_model-dv20","196":"pa_model-dv24","197":"pa_model-dv29","198":"pa_model-dv32","199":"pa_model-dv36","200":"pa_model-dv48","201":"pa_model-kad300","202":"pa_model-kad32","203":"pa_model-kad41","204":"pa_model-kad42","205":"pa_model-kad43","206":"pa_model-kad44","207":"pa_model-kamd300","208":"pa_model-kamd42","209":"pa_model-kamd43","210":"pa_model-kamd44","211":"pa_model-m2-02","212":"pa_model-m2-04","213":"pa_model-m2-05","214":"pa_model-m2-06","215":"pa_model-m2-12","216":"pa_model-m2-13","217":"pa_model-m2-18","218":"pa_model-m2-c5","219":"pa_model-m2-c6","220":"pa_model-m2-d5","221":"pa_model-m2-d6","222":"pa_model-m3-09","223":"pa_model-m3-10","224":"pa_model-m3-11","225":"pa_model-m3-28","226":"pa_model-m3-29","227":"pa_model-m3-c5","228":"pa_model-m3-c9","229":"pa_model-m4-14","230":"pa_model-m4-15","231":"pa_model-m4-17","232":"pa_model-m4-35","233":"pa_model-m4-45","234":"pa_model-m4-55","235":"pa_model-m4-56","236":"pa_model-md1","237":"pa_model-md100","238":"pa_model-md11","239":"pa_model-md11c","240":"pa_model-md11d","241":"pa_model-md120","242":"pa_model-md17","243":"pa_model-md17c","244":"pa_model-md17d","245":"pa_model-md1b","246":"pa_model-md2","247":"pa_model-md2010","248":"pa_model-md2020","249":"pa_model-md2030","250":"pa_model-md2040","251":"pa_model-md21","252":"pa_model-md21a","253":"pa_model-md21b","254":"pa_model-md22","255":"pa_model-md2b","256":"pa_model-md3","257":"pa_model-md30","258":"pa_model-md31","259":"pa_model-md32","260":"pa_model-md3b","261":"pa_model-md40","262":"pa_model-md5","263":"pa_model-md6","264":"pa_model-md67","265":"pa_model-md7","266":"pa_model-md70","267":"pa_model-ms25","268":"pa_model-n3-15","269":"pa_model-n3-21","270":"pa_model-n3-29","271":"pa_model-n4-40","272":"pa_model-n4-50","273":"pa_model-n4-65","274":"pa_model-n6-105","275":"pa_model-n6-150","276":"pa_model-n6-95","277":"pa_model-n6t120","278":"pa_model-n6t160","279":"pa_model-n6t210","280":"pa_model-p4-17","281":"pa_model-p4-19","282":"pa_model-p4-21","283":"pa_model-serie-4by2","284":"pa_model-tamd100","285":"pa_model-tamd102","286":"pa_model-tamd103","287":"pa_model-tamd120","288":"pa_model-tamd122","289":"pa_model-tamd162","290":"pa_model-tamd165","291":"pa_model-tamd22","292":"pa_model-tamd30","293":"pa_model-tamd31","294":"pa_model-tamd40","295":"pa_model-tamd41","296":"pa_model-tamd42","297":"pa_model-tamd60","298":"pa_model-tamd61","299":"pa_model-tamd62","300":"pa_model-tamd63","301":"pa_model-tamd70","302":"pa_model-tamd71","303":"pa_model-tamd72","304":"pa_model-tamd73","305":"pa_model-tamd74","306":"pa_model-tmd100","307":"pa_model-tmd102","308":"pa_model-tmd120","309":"pa_model-tmd22","310":"pa_model-tmd30","311":"pa_model-tmd31","312":"pa_model-tmd40","313":"pa_model-tmd41","314":"pa_model-tmd70","315":"pa_model-vf4","316":"pa_model-vf5","317":"pa_model-vh4-65","318":"pa_model-vh4-80","320":"first","321":"onbackorder","322":"taxable","323":"shipping-taxable","324":"purchasable","325":"product-type-variable"},"supplier_id":null,"supplier_sku":"","barcode":null,"atum_controlled":true,"out_stock_date":null,"out_stock_threshold":null,"inheritable":false,"inbound_stock":0,"stock_on_hold":0,"sold_today":0,"sales_last_days":0,"reserved_stock":0,"customer_returns":0,"warehouse_damage":0,"lost_in_post":0,"other_logs":0,"out_stock_days":0,"lost_sales":0,"has_location":false,"update_date":"2025-12-03T10:47:50","atum_locations":[],"atum_stock_status":"onbackorder","restock_status":false,"low_stock_amount":"","sales_update_date":"2025-12-03T10:47:50","calc_backorders":null,"_links":{"self":[{"href":"https:\/\/mps.digital-monkey.in\/de\/wp-json\/wp\/v2\/product\/36046","targetHints":{"allow":["GET"]}}],"collection":[{"href":"https:\/\/mps.digital-monkey.in\/de\/wp-json\/wp\/v2\/product"}],"about":[{"href":"https:\/\/mps.digital-monkey.in\/de\/wp-json\/wp\/v2\/types\/product"}],"replies":[{"embeddable":true,"href":"https:\/\/mps.digital-monkey.in\/de\/wp-json\/wp\/v2\/comments?post=36046"}],"wp:featuredmedia":[{"embeddable":true,"href":"https:\/\/mps.digital-monkey.in\/de\/wp-json\/wp\/v2\/media\/36047"}],"wp:attachment":[{"href":"https:\/\/mps.digital-monkey.in\/de\/wp-json\/wp\/v2\/media?parent=36046"}],"wp:term":[{"taxonomy":"product_brand","embeddable":true,"href":"https:\/\/mps.digital-monkey.in\/de\/wp-json\/wp\/v2\/product_brand?post=36046"},{"taxonomy":"product_cat","embeddable":true,"href":"https:\/\/mps.digital-monkey.in\/de\/wp-json\/wp\/v2\/product_cat?post=36046"},{"taxonomy":"product_tag","embeddable":true,"href":"https:\/\/mps.digital-monkey.in\/de\/wp-json\/wp\/v2\/product_tag?post=36046"}],"curies":[{"name":"wp","href":"https:\/\/api.w.org\/{rel}","templated":true}]}}