{"id":36097,"date":"2025-06-17T14:10:45","date_gmt":"2025-06-17T14:10:45","guid":{"rendered":"https:\/\/mps.digital-monkey.in\/product\/kraftstofffilterelement-delphi-296\/"},"modified":"2026-02-26T10:04:53","modified_gmt":"2026-02-26T10:04:53","slug":"kraftstofffilterelement-delphi-296","status":"publish","type":"product","link":"https:\/\/mps.digital-monkey.in\/de\/product\/kraftstofffilterelement-delphi-296\/","title":{"rendered":"Kraftstofffilterelement Delphi 296"},"content":{"rendered":"<p><strong>Kraftstofffilterelement Delphi 296<\/strong><\/p>\n<p>Die Verpackung enth\u00e4lt Gummiringe (2x gro\u00df &amp; 2x klein).<\/p>\n<p><strong>Beschreibung<\/strong>: Kraftstofffilterelement, f\u00fcr den Delphi Vorfilter mit Wasserabscheider und viele Motoren.<\/p>\n<p><strong>Marke<\/strong>: Delphi.<\/p>\n<p><strong>Geeignet f\u00fcr Motoren<\/strong>: Peugeot Indenor, DTN, XDP.<br \/>\nThornycroft T90, T108, T154.<br \/>\nBMC Captain, Commander, Commodore, Sealord.<br \/>\nBritish Leyland,<br \/>\nPerkins 4.108, 4.107, 4.236, M135, usw.<br \/>\nVetus Peugeot P4.19, P4.21, P4.25, usw.<\/p>\n<p><strong>Alternativ f\u00fcr<\/strong>:<br \/>\n1746 EXALTO,<br \/>\n8500002,<br \/>\nALBIN 48458,<br \/>\nBOSCH 1457429219,<br \/>\nBOSCH 1457434011,<br \/>\nBOSCH 1457434900,<br \/>\nBRITISH LEYLAND 17H9452,<br \/>\nBRITISH LEYLAND 37H576,<br \/>\nBRITISH LEYLAND 517711,<br \/>\nBRITISH LEYLAND 833544,<br \/>\nC.A.V. 296,<br \/>\nCAV 7111\/296,<br \/>\nCAV 7111\/500,<br \/>\nCROSLAND 522,<br \/>\nCROSLAND 533,<br \/>\nCROSLAND 544,<br \/>\nFIAAM FP4378,<br \/>\nFIAAM FT4788,<br \/>\nFRAM C1191A,<br \/>\nKNECHT EK518,<br \/>\nKUBOTA 70000-14632,<br \/>\nLEYLAND 601980,<br \/>\nPERKINS 26561117,<br \/>\nPURFLUX CS157,<br \/>\nPUROLATOR F50149,<br \/>\nHDF296 DELPHI,<br \/>\nVETUS STM9028,<br \/>\nFF167 (Fleetguard).<\/p>\n","protected":false},"excerpt":{"rendered":"<p>Kraftstofffilterelement Delphi 296 Die Verpackung enth\u00e4lt Gummiringe (2x gro\u00df &amp; 2x klein). Beschreibung: Kraftstofffilterelement, f\u00fcr den Delphi Vorfilter mit Wasserabscheider und viele Motoren. Marke: Delphi. Geeignet f\u00fcr Motoren: Peugeot Indenor, DTN, XDP. Thornycroft T90, T108, T154. BMC Captain, Commander, Commodore, Sealord. British Leyland, Perkins 4.108, 4.107, 4.236, M135, usw. Vetus Peugeot P4.19, P4.21, P4.25, usw. [&hellip;]<\/p>\n","protected":false},"featured_media":36098,"comment_status":"open","ping_status":"closed","template":"","meta":[],"product_brand":[],"product_cat":[2498,2681,4722,4721,4466],"product_tag":[],"class_list":{"0":"post-36097","1":"product","2":"type-product","3":"status-publish","4":"has-post-thumbnail","6":"product_cat-ersatzteile-fur-motoren","7":"product_cat-kraftstofffilter","8":"product_cat-volvo-penta-2000-serie-service-teile","9":"product_cat-volvo-penta-2001-2002-2003-kraftstofffilter","10":"product_cat-volvo-penta-serie-2000","12":"first","13":"instock","14":"sale","15":"taxable","16":"shipping-taxable","17":"purchasable","18":"product-type-simple"},"supplier_id":null,"supplier_sku":"","barcode":null,"atum_controlled":true,"out_stock_date":null,"out_stock_threshold":null,"inheritable":false,"inbound_stock":0,"stock_on_hold":2,"sold_today":0,"sales_last_days":0,"reserved_stock":0,"customer_returns":0,"warehouse_damage":0,"lost_in_post":0,"other_logs":0,"out_stock_days":0,"lost_sales":0,"has_location":false,"update_date":"2026-02-26T10:04:35","atum_locations":[],"atum_stock_status":"instock","restock_status":false,"low_stock_amount":1,"sales_update_date":"2026-01-29T09:10:11","calc_backorders":0,"_links":{"self":[{"href":"https:\/\/mps.digital-monkey.in\/de\/wp-json\/wp\/v2\/product\/36097","targetHints":{"allow":["GET"]}}],"collection":[{"href":"https:\/\/mps.digital-monkey.in\/de\/wp-json\/wp\/v2\/product"}],"about":[{"href":"https:\/\/mps.digital-monkey.in\/de\/wp-json\/wp\/v2\/types\/product"}],"replies":[{"embeddable":true,"href":"https:\/\/mps.digital-monkey.in\/de\/wp-json\/wp\/v2\/comments?post=36097"}],"wp:featuredmedia":[{"embeddable":true,"href":"https:\/\/mps.digital-monkey.in\/de\/wp-json\/wp\/v2\/media\/36098"}],"wp:attachment":[{"href":"https:\/\/mps.digital-monkey.in\/de\/wp-json\/wp\/v2\/media?parent=36097"}],"wp:term":[{"taxonomy":"product_brand","embeddable":true,"href":"https:\/\/mps.digital-monkey.in\/de\/wp-json\/wp\/v2\/product_brand?post=36097"},{"taxonomy":"product_cat","embeddable":true,"href":"https:\/\/mps.digital-monkey.in\/de\/wp-json\/wp\/v2\/product_cat?post=36097"},{"taxonomy":"product_tag","embeddable":true,"href":"https:\/\/mps.digital-monkey.in\/de\/wp-json\/wp\/v2\/product_tag?post=36097"}],"curies":[{"name":"wp","href":"https:\/\/api.w.org\/{rel}","templated":true}]}}