{"id":36106,"date":"2025-09-01T07:33:09","date_gmt":"2025-09-01T07:33:09","guid":{"rendered":"https:\/\/mps.digital-monkey.in\/product\/propellerwelle-speedi-sleeve-volvo-penta-120-130-150-saildrives\/"},"modified":"2025-12-02T11:08:31","modified_gmt":"2025-12-02T11:08:31","slug":"propellerwelle-speedi-sleeve-volvo-penta-120-130-150-saildrives","status":"publish","type":"product","link":"https:\/\/mps.digital-monkey.in\/de\/produkt\/propellerwelle-speedi-sleeve-volvo-penta-120-130-150-saildrives\/","title":{"rendered":"Propellerwelle Speedi-Sleeve - Volvo Penta 120\/130\/150 Saildrives"},"content":{"rendered":"<p data-start=\"339\" data-end=\"540\">Dieser hochwertige <strong data-start=\"357\" data-end=\"374\">Speedi-Sleeve<\/strong> wurde entwickelt, um die Dichtungsoberfl\u00e4che von verschlissenen oder gerillten <strong data-start=\"437\" data-end=\"457\">Propellerwellen<\/strong>wiederherzustellen <strong data-start=\"437\" data-end=\"457\">- eine<\/strong>kosteneffektive L\u00f6sung, wenn ein Austausch oder eine \u00dcberholung der Welle nicht notwendig ist.<\/p>\n<p data-start=\"542\" data-end=\"769\">Diese pr\u00e4zisionsgefertigte H\u00fclse ist ideal f\u00fcr Dichtungsoberfl\u00e4chen, die durch l\u00e4ngeren Kontakt mit Wellendichtungen abgenutzt sind. Sie bietet eine glatte, geh\u00e4rtete Oberfl\u00e4che, die die Lebensdauer Ihrer neuen Wellendichtungen verl\u00e4ngert und Lecks verhindert.<\/p>\n<p data-start=\"771\" data-end=\"791\"><strong data-start=\"771\" data-end=\"791\">Kompatibel mit:<\/strong><\/p>\n<ul data-start=\"792\" data-end=\"883\">\n<li data-start=\"792\" data-end=\"843\">\n<p data-start=\"794\" data-end=\"843\">Volvo Penta 120C-D, 120S, 120S-B, 120S-E, S120C<\/p>\n<\/li>\n<li data-start=\"844\" data-end=\"864\">\n<p data-start=\"846\" data-end=\"864\">Volvo Penta 130S<\/p>\n<\/li>\n<li data-start=\"865\" data-end=\"883\">\n<p data-start=\"867\" data-end=\"883\">Volvo Penta 150S<\/p>\n<\/li>\n<\/ul>\n<p data-start=\"885\" data-end=\"1015\"><strong data-start=\"885\" data-end=\"901\">Typische Verwendung:<\/strong><br data-start=\"901\" data-end=\"904\">Wird bei der \u00dcberholung von Segelantrieben oder Wellendichtungen verwendet, wenn Rillen oder Gr\u00fcbchen auf der Wellendichtfl\u00e4che vorhanden sind.<\/p>\n<p data-start=\"1017\" data-end=\"1030\"><strong data-start=\"1017\" data-end=\"1030\">Merkmale:<\/strong><\/p>\n<ul data-start=\"1031\" data-end=\"1236\">\n<li data-start=\"1031\" data-end=\"1063\">\n<p data-start=\"1033\" data-end=\"1063\">Konstruktion aus rostfreiem Stahl<\/p>\n<\/li>\n<li data-start=\"1064\" data-end=\"1127\">\n<p data-start=\"1066\" data-end=\"1127\">Schnelle und einfache Installation - keine Demontage der Welle erforderlich<\/p>\n<\/li>\n<li data-start=\"1128\" data-end=\"1192\">\n<p data-start=\"1130\" data-end=\"1192\">Verhindert \u00d6l- und Wasserlecks, die durch abgenutzte Dichtungsfl\u00e4chen verursacht werden<\/p>\n<\/li>\n<li data-start=\"1193\" data-end=\"1236\">\n<p data-start=\"1195\" data-end=\"1236\">Pr\u00e4zise Passform mit minimaler Wandst\u00e4rke<\/p>\n<\/li>\n<\/ul>\n<p data-start=\"1238\" data-end=\"1372\"><strong data-start=\"1238\" data-end=\"1266\">Warum einen Speedi-Sleeve verwenden?<\/strong><br data-start=\"1266\" data-end=\"1269\">Vermeiden Sie den kostspieligen Austausch der Welle - diese Manschette stellt den Dichtungsbereich in wenigen Minuten wieder in den Werkszustand zur\u00fcck.<\/p>\n","protected":false},"excerpt":{"rendered":"<p>Dieser hochwertige Speedi-Sleeve wurde entwickelt, um die Dichtungsoberfl\u00e4che von verschlissenen oder gerillten Propellerwellenwiederherzustellen - einekosteneffektive L\u00f6sung, wenn ein Austausch oder eine \u00dcberholung der Welle nicht notwendig ist. Diese pr\u00e4zisionsgefertigte H\u00fclse ist ideal f\u00fcr Dichtungsoberfl\u00e4chen, die durch l\u00e4ngeren Kontakt mit Wellendichtungen abgenutzt sind. Sie bietet eine glatte, geh\u00e4rtete Oberfl\u00e4che, die die Lebensdauer Ihrer neuen Wellendichtungen verl\u00e4ngert [&hellip;]<\/p>\n","protected":false},"featured_media":36107,"comment_status":"open","ping_status":"closed","template":"","meta":[],"product_brand":[4230],"product_cat":[3972,4488,4496,3037,4599,4574,4526],"product_tag":[],"class_list":{"0":"post-36106","1":"product","2":"type-product","3":"status-publish","4":"has-post-thumbnail","6":"product_brand-volvo-penta","7":"product_cat-saildrive-reparatur-kits","8":"product_cat-brauchen-sie-volvo-penta-teile","9":"product_cat-gebrauchte-volvo-penta-teile-kaufen","10":"product_cat-kits-fur-wartung-und-reparatur","11":"product_cat-volvo-penta-120s-saildrive-service-teile","12":"product_cat-volvo-penta-saildrive-service-teile","13":"product_cat-volvo-penta-service-teile","14":"pa_condition-neu","15":"pa_model-120s","16":"pa_model-130s","17":"pa_model-150s","19":"first","20":"onbackorder","21":"taxable","22":"shipping-taxable","23":"purchasable","24":"product-type-simple"},"supplier_id":null,"supplier_sku":"SKF CR 99125","barcode":null,"atum_controlled":true,"out_stock_date":null,"out_stock_threshold":null,"inheritable":false,"inbound_stock":0,"stock_on_hold":0,"sold_today":0,"sales_last_days":1,"reserved_stock":0,"customer_returns":0,"warehouse_damage":0,"lost_in_post":0,"other_logs":0,"out_stock_days":0,"lost_sales":0,"has_location":false,"update_date":"2025-12-11T11:05:12","atum_locations":[],"atum_stock_status":"onbackorder","restock_status":false,"low_stock_amount":1,"sales_update_date":"2025-12-11T11:05:12","calc_backorders":-1,"_links":{"self":[{"href":"https:\/\/mps.digital-monkey.in\/de\/wp-json\/wp\/v2\/product\/36106","targetHints":{"allow":["GET"]}}],"collection":[{"href":"https:\/\/mps.digital-monkey.in\/de\/wp-json\/wp\/v2\/product"}],"about":[{"href":"https:\/\/mps.digital-monkey.in\/de\/wp-json\/wp\/v2\/types\/product"}],"replies":[{"embeddable":true,"href":"https:\/\/mps.digital-monkey.in\/de\/wp-json\/wp\/v2\/comments?post=36106"}],"wp:featuredmedia":[{"embeddable":true,"href":"https:\/\/mps.digital-monkey.in\/de\/wp-json\/wp\/v2\/media\/36107"}],"wp:attachment":[{"href":"https:\/\/mps.digital-monkey.in\/de\/wp-json\/wp\/v2\/media?parent=36106"}],"wp:term":[{"taxonomy":"product_brand","embeddable":true,"href":"https:\/\/mps.digital-monkey.in\/de\/wp-json\/wp\/v2\/product_brand?post=36106"},{"taxonomy":"product_cat","embeddable":true,"href":"https:\/\/mps.digital-monkey.in\/de\/wp-json\/wp\/v2\/product_cat?post=36106"},{"taxonomy":"product_tag","embeddable":true,"href":"https:\/\/mps.digital-monkey.in\/de\/wp-json\/wp\/v2\/product_tag?post=36106"}],"curies":[{"name":"wp","href":"https:\/\/api.w.org\/{rel}","templated":true}]}}