{"id":36163,"date":"2025-09-01T09:59:55","date_gmt":"2025-09-01T09:59:55","guid":{"rendered":"https:\/\/mps.digital-monkey.in\/product\/yanmar-kopfdichtung-3gm30-3gm30f-3gm30f-yeu-128374-01911\/"},"modified":"2025-10-30T12:18:23","modified_gmt":"2025-10-30T12:18:23","slug":"yanmar-kopfdichtung-3gm30-3gm30f-3gm30f-yeu-128374-01911","status":"publish","type":"product","link":"https:\/\/mps.digital-monkey.in\/de\/produkt\/yanmar-kopfdichtung-3gm30-3gm30f-3gm30f-yeu-128374-01911\/","title":{"rendered":"Yanmar Kopfdichtung 3GM30, 3GM30F, 3GM30F-YEU (128374-01911)"},"content":{"rendered":"<p data-start=\"224\" data-end=\"436\">Diese Yanmar-Zylinderkopfdichtung (128374-01911) ist ein hochwertiger, OEM-\u00e4quivalenter Ersatz speziell f\u00fcr die Yanmar-Dieselmotoren der 3GM30-Serie, einschlie\u00dflich der Modelle 3GM30, 3GM30F und 3GM30F-YEU.<\/p>\n<p data-start=\"438\" data-end=\"761\">Sie sorgt f\u00fcr eine zuverl\u00e4ssige Abdichtung zwischen dem Zylinderkopf und dem Motorblock, was f\u00fcr die Aufrechterhaltung einer optimalen Motorkompression und die Vermeidung von \u00d6l-, K\u00fchlmittel- und Verbrennungsgaslecks unerl\u00e4sslich ist. Diese Dichtung ist ideal f\u00fcr Motor\u00fcberholungen, Reparaturen oder vorbeugende Wartung, um sicherzustellen, dass Ihr Motor reibungslos und effizient l\u00e4uft. <\/p>\n<p>\u2714 <strong data-start=\"765\" data-end=\"785\">Kompatibel mit:<\/strong><br data-start=\"785\" data-end=\"788\">3GM30, 3GM30-YEU, 3GM30B, 3GM30C, 3GM30C-YEU, 3GM30F, 3GM30F-YEU, 3GM30FC-YEU, 3GM30FVE, 3GM30VE<\/p>\n<p data-start=\"846\" data-end=\"1120\">\ud83d\udd27 <strong data-start=\"849\" data-end=\"866\">Hauptmerkmale:<\/strong><br data-start=\"866\" data-end=\"869\">- Pr\u00e4zise konstruiert f\u00fcr eine exakte OEM-Passform<br data-start=\"912\" data-end=\"915\">- Hergestellt aus langlebigen, hochtemperaturbest\u00e4ndigen Verbundwerkstoffen<br data-start=\"980\" data-end=\"983\">- Gew\u00e4hrleistet eine effektive Abdichtung, um interne Lecks und Kompressionsverluste zu verhindern<br data-start=\"1057\" data-end=\"1060\">- Geeignet f\u00fcr professionelle Reparaturen oder routinem\u00e4\u00dfige Wartung<\/p>\n<p data-start=\"1122\" data-end=\"1211\">\ud83d\udce6 <strong data-start=\"1125\" data-end=\"1141\">Teilenummer:<\/strong> 128374-01911<br data-start=\"1154\" data-end=\"1157\"><strong data-start=\"1157\" data-end=\"1171\">Zustand:<\/strong> Brandneu (OEM oder gleichwertige Qualit\u00e4t)<\/p>\n<p data-start=\"1213\" data-end=\"1260\">\ud83d\udce6 <strong data-start=\"1216\" data-end=\"1258\">Auf Lager - Versand am selben Tag m\u00f6glich<\/strong><\/p>\n<hr data-start=\"1262\" data-end=\"1265\">\n<p data-start=\"1267\" data-end=\"1387\"><strong data-start=\"1267\" data-end=\"1318\">Ben\u00f6tigen Sie Hilfe bei der Best\u00e4tigung der Passform oder haben Sie Fragen?<\/strong><br data-start=\"1318\" data-end=\"1321\">Kontaktieren Sie uns mit den Details zu Ihrem Motor - wir helfen Ihnen gerne weiter!<\/p>\n","protected":false},"excerpt":{"rendered":"<p>Diese Yanmar-Zylinderkopfdichtung (128374-01911) ist ein hochwertiger, OEM-\u00e4quivalenter Ersatz speziell f\u00fcr die Yanmar-Dieselmotoren der 3GM30-Serie, einschlie\u00dflich der Modelle 3GM30, 3GM30F und 3GM30F-YEU. Sie sorgt f\u00fcr eine zuverl\u00e4ssige Abdichtung zwischen dem Zylinderkopf und dem Motorblock, was f\u00fcr die Aufrechterhaltung einer optimalen Motorkompression und die Vermeidung von \u00d6l-, K\u00fchlmittel- und Verbrennungsgaslecks unerl\u00e4sslich ist. Diese Dichtung ist ideal f\u00fcr [&hellip;]<\/p>\n","protected":false},"featured_media":36164,"comment_status":"open","ping_status":"closed","template":"","meta":[],"product_brand":[4236],"product_cat":[3037,4443,2498,3038,4441],"product_tag":[],"class_list":{"0":"post-36163","1":"product","2":"type-product","3":"status-publish","4":"has-post-thumbnail","6":"product_brand-yanmar","7":"product_cat-kits-fur-wartung-und-reparatur","8":"product_cat-3gm-3gm30-teile","9":"product_cat-ersatzteile-fur-motoren","10":"product_cat-motor-dichtungen","11":"product_cat-yanmar","12":"pa_condition-neu","13":"pa_model-3gm30","14":"pa_model-3gm30-yeu","15":"pa_model-3gm30b","16":"pa_model-3gm30c","17":"pa_model-3gm30c-yeu","18":"pa_model-3gm30f","19":"pa_model-3gm30f-yeu","20":"pa_model-3gm30fc-yeu","21":"pa_model-3gm30fve","22":"pa_model-3gm30ve","23":"pa_oem-or-aftermarket-aftermarket","25":"first","26":"onbackorder","27":"taxable","28":"shipping-taxable","29":"purchasable","30":"product-type-simple"},"supplier_id":7294,"supplier_sku":"128374-01911","barcode":null,"atum_controlled":true,"out_stock_date":"2025-11-21 13:03:08","out_stock_threshold":null,"inheritable":false,"inbound_stock":0,"stock_on_hold":0,"sold_today":0,"sales_last_days":0,"reserved_stock":0,"customer_returns":0,"warehouse_damage":0,"lost_in_post":0,"other_logs":0,"out_stock_days":20,"lost_sales":0,"has_location":false,"update_date":"2025-11-21T13:03:08","atum_locations":[],"atum_stock_status":"onbackorder","restock_status":false,"low_stock_amount":1,"sales_update_date":"2025-09-22T08:41:10","calc_backorders":null,"_links":{"self":[{"href":"https:\/\/mps.digital-monkey.in\/de\/wp-json\/wp\/v2\/product\/36163","targetHints":{"allow":["GET"]}}],"collection":[{"href":"https:\/\/mps.digital-monkey.in\/de\/wp-json\/wp\/v2\/product"}],"about":[{"href":"https:\/\/mps.digital-monkey.in\/de\/wp-json\/wp\/v2\/types\/product"}],"replies":[{"embeddable":true,"href":"https:\/\/mps.digital-monkey.in\/de\/wp-json\/wp\/v2\/comments?post=36163"}],"wp:featuredmedia":[{"embeddable":true,"href":"https:\/\/mps.digital-monkey.in\/de\/wp-json\/wp\/v2\/media\/36164"}],"wp:attachment":[{"href":"https:\/\/mps.digital-monkey.in\/de\/wp-json\/wp\/v2\/media?parent=36163"}],"wp:term":[{"taxonomy":"product_brand","embeddable":true,"href":"https:\/\/mps.digital-monkey.in\/de\/wp-json\/wp\/v2\/product_brand?post=36163"},{"taxonomy":"product_cat","embeddable":true,"href":"https:\/\/mps.digital-monkey.in\/de\/wp-json\/wp\/v2\/product_cat?post=36163"},{"taxonomy":"product_tag","embeddable":true,"href":"https:\/\/mps.digital-monkey.in\/de\/wp-json\/wp\/v2\/product_tag?post=36163"}],"curies":[{"name":"wp","href":"https:\/\/api.w.org\/{rel}","templated":true}]}}