{"id":36213,"date":"2025-06-17T14:10:47","date_gmt":"2025-06-17T14:10:47","guid":{"rendered":"https:\/\/mps.digital-monkey.in\/product\/yanmar-dichtungs-und-o-ring-satz-yanmar-sd40-sd50-ausgangswelle\/"},"modified":"2025-11-24T10:22:09","modified_gmt":"2025-11-24T10:22:09","slug":"yanmar-dichtungs-und-o-ring-satz-yanmar-sd40-sd50-ausgangswelle","status":"publish","type":"product","link":"https:\/\/mps.digital-monkey.in\/de\/produkt\/yanmar-dichtungs-und-o-ring-satz-yanmar-sd40-sd50-ausgangswelle\/","title":{"rendered":"Yanmar Dichtungs- und O-Ring-Satz Yanmar SD40, SD50 (Ausgangswelle)"},"content":{"rendered":"<p><strong>Sammelset mit 2 Dichtungen und verschiedenen O-Ringen f\u00fcr den Yanmar Saildrive SD40 &amp; SD50<\/strong><\/p>\n<p>Dieses Set ist f\u00fcr das untere Getriebegeh\u00e4use mit der Abtriebswelle.<\/p>\n<p><strong>Es handelt sich um ein Nicht-Originalprodukt von Yanmar (AFTERMARKET).<\/strong><\/p>\n<p><strong>Aber ein Qualit\u00e4tsersatzteil!<\/strong><\/p>\n<p>&nbsp;<\/p>\n","protected":false},"excerpt":{"rendered":"<p>Sammelset mit 2 Dichtungen und verschiedenen O-Ringen f\u00fcr den Yanmar Saildrive SD40 &amp; SD50 Dieses Set ist f\u00fcr das untere Getriebegeh\u00e4use mit der Abtriebswelle. Es handelt sich um ein Nicht-Originalprodukt von Yanmar (AFTERMARKET). Aber ein Qualit\u00e4tsersatzteil! &nbsp;<\/p>\n","protected":false},"featured_media":36214,"comment_status":"open","ping_status":"closed","template":"","meta":[],"product_brand":[4236],"product_cat":[2498,3037,3972,4570,4531],"product_tag":[],"class_list":{"0":"post-36213","1":"product","2":"type-product","3":"status-publish","4":"has-post-thumbnail","6":"product_brand-yanmar","7":"product_cat-ersatzteile-fur-motoren","8":"product_cat-kits-fur-wartung-und-reparatur","9":"product_cat-saildrive-reparatur-kits","10":"product_cat-yanmar-saildrive-service-teile","11":"product_cat-yanmar-service-teile","12":"pa_condition-neu","13":"pa_model-sd40","14":"pa_model-sd50","15":"pa_oem-or-aftermarket-aftermarket","17":"first","18":"onbackorder","19":"taxable","20":"shipping-taxable","21":"purchasable","22":"product-type-simple"},"supplier_id":null,"supplier_sku":"","barcode":null,"atum_controlled":true,"out_stock_date":null,"out_stock_threshold":null,"inheritable":false,"inbound_stock":0,"stock_on_hold":0,"sold_today":0,"sales_last_days":0,"reserved_stock":null,"customer_returns":null,"warehouse_damage":null,"lost_in_post":null,"other_logs":null,"out_stock_days":0,"lost_sales":0,"has_location":null,"update_date":"2026-02-16T10:59:30","atum_locations":[],"atum_stock_status":"onbackorder","restock_status":false,"low_stock_amount":1,"sales_update_date":"2026-02-16T10:59:30","calc_backorders":-1,"_links":{"self":[{"href":"https:\/\/mps.digital-monkey.in\/de\/wp-json\/wp\/v2\/product\/36213","targetHints":{"allow":["GET"]}}],"collection":[{"href":"https:\/\/mps.digital-monkey.in\/de\/wp-json\/wp\/v2\/product"}],"about":[{"href":"https:\/\/mps.digital-monkey.in\/de\/wp-json\/wp\/v2\/types\/product"}],"replies":[{"embeddable":true,"href":"https:\/\/mps.digital-monkey.in\/de\/wp-json\/wp\/v2\/comments?post=36213"}],"wp:featuredmedia":[{"embeddable":true,"href":"https:\/\/mps.digital-monkey.in\/de\/wp-json\/wp\/v2\/media\/36214"}],"wp:attachment":[{"href":"https:\/\/mps.digital-monkey.in\/de\/wp-json\/wp\/v2\/media?parent=36213"}],"wp:term":[{"taxonomy":"product_brand","embeddable":true,"href":"https:\/\/mps.digital-monkey.in\/de\/wp-json\/wp\/v2\/product_brand?post=36213"},{"taxonomy":"product_cat","embeddable":true,"href":"https:\/\/mps.digital-monkey.in\/de\/wp-json\/wp\/v2\/product_cat?post=36213"},{"taxonomy":"product_tag","embeddable":true,"href":"https:\/\/mps.digital-monkey.in\/de\/wp-json\/wp\/v2\/product_tag?post=36213"}],"curies":[{"name":"wp","href":"https:\/\/api.w.org\/{rel}","templated":true}]}}