{"id":36219,"date":"2025-06-17T14:10:47","date_gmt":"2025-06-17T14:10:47","guid":{"rendered":"https:\/\/mps.digital-monkey.in\/product\/yanmar-dichtungen-und-o-ringe-satz-sd20-sd25-sd30-ausgangswelle\/"},"modified":"2026-02-24T14:02:09","modified_gmt":"2026-02-24T14:02:09","slug":"yanmar-dichtungen-und-o-ringe-satz-sd20-sd25-sd30-ausgangswelle","status":"publish","type":"product","link":"https:\/\/mps.digital-monkey.in\/de\/produkt\/yanmar-dichtungen-und-o-ringe-satz-sd20-sd25-sd30-ausgangswelle\/","title":{"rendered":"Yanmar Dichtungen und O-Ringe Satz SD20, SD25, SD30 (Ausgangswelle)"},"content":{"rendered":"<p><strong>Sammelset mit 2 Dichtungen und verschiedenen O-Ringen f\u00fcr den Yanmar Saildrive SD20, SD25, SD30 &amp; SD31<\/strong><\/p>\n<p>Dieses Set ist f\u00fcr das untere Getriebegeh\u00e4use mit der Abtriebswelle.<\/p>\n<p>Dies ist kein originales Yanmar Produkt (AFTERMARKET), sondern ein Ersatzprodukt von guter Qualit\u00e4t.<\/p>\n<p>&nbsp;<\/p>\n","protected":false},"excerpt":{"rendered":"<p>Sammelset mit 2 Dichtungen und verschiedenen O-Ringen f\u00fcr den Yanmar Saildrive SD20, SD25, SD30 &amp; SD31 Dieses Set ist f\u00fcr das untere Getriebegeh\u00e4use mit der Abtriebswelle. Dies ist kein originales Yanmar Produkt (AFTERMARKET), sondern ein Ersatzprodukt von guter Qualit\u00e4t. &nbsp;<\/p>\n","protected":false},"featured_media":36220,"comment_status":"open","ping_status":"closed","template":"","meta":[],"product_brand":[4236],"product_cat":[2498,3037,3972,4570,4531],"product_tag":[],"class_list":{"0":"post-36219","1":"product","2":"type-product","3":"status-publish","4":"has-post-thumbnail","6":"product_brand-yanmar","7":"product_cat-ersatzteile-fur-motoren","8":"product_cat-kits-fur-wartung-und-reparatur","9":"product_cat-saildrive-reparatur-kits","10":"product_cat-yanmar-saildrive-service-teile","11":"product_cat-yanmar-service-teile","12":"pa_condition-neu","13":"pa_model-sd20","14":"pa_model-sd25","15":"pa_model-sd30","16":"pa_oem-or-aftermarket-aftermarket","18":"first","19":"instock","20":"taxable","21":"shipping-taxable","22":"purchasable","23":"product-type-simple"},"supplier_id":null,"supplier_sku":"","barcode":null,"atum_controlled":true,"out_stock_date":null,"out_stock_threshold":null,"inheritable":false,"inbound_stock":0,"stock_on_hold":2,"sold_today":1,"sales_last_days":1,"reserved_stock":null,"customer_returns":null,"warehouse_damage":null,"lost_in_post":null,"other_logs":null,"out_stock_days":0,"lost_sales":0,"has_location":null,"update_date":"2026-03-10T15:08:24","atum_locations":[],"atum_stock_status":"instock","restock_status":false,"low_stock_amount":1,"sales_update_date":null,"calc_backorders":0,"_links":{"self":[{"href":"https:\/\/mps.digital-monkey.in\/de\/wp-json\/wp\/v2\/product\/36219","targetHints":{"allow":["GET"]}}],"collection":[{"href":"https:\/\/mps.digital-monkey.in\/de\/wp-json\/wp\/v2\/product"}],"about":[{"href":"https:\/\/mps.digital-monkey.in\/de\/wp-json\/wp\/v2\/types\/product"}],"replies":[{"embeddable":true,"href":"https:\/\/mps.digital-monkey.in\/de\/wp-json\/wp\/v2\/comments?post=36219"}],"wp:featuredmedia":[{"embeddable":true,"href":"https:\/\/mps.digital-monkey.in\/de\/wp-json\/wp\/v2\/media\/36220"}],"wp:attachment":[{"href":"https:\/\/mps.digital-monkey.in\/de\/wp-json\/wp\/v2\/media?parent=36219"}],"wp:term":[{"taxonomy":"product_brand","embeddable":true,"href":"https:\/\/mps.digital-monkey.in\/de\/wp-json\/wp\/v2\/product_brand?post=36219"},{"taxonomy":"product_cat","embeddable":true,"href":"https:\/\/mps.digital-monkey.in\/de\/wp-json\/wp\/v2\/product_cat?post=36219"},{"taxonomy":"product_tag","embeddable":true,"href":"https:\/\/mps.digital-monkey.in\/de\/wp-json\/wp\/v2\/product_tag?post=36219"}],"curies":[{"name":"wp","href":"https:\/\/api.w.org\/{rel}","templated":true}]}}