{"id":36249,"date":"2025-06-17T14:10:48","date_gmt":"2025-06-17T14:10:48","guid":{"rendered":"https:\/\/mps.digital-monkey.in\/product\/yanmar-2gm-2gm20-3gm-3gmd-3gm30-service-kit\/"},"modified":"2025-11-21T13:12:31","modified_gmt":"2025-11-21T13:12:31","slug":"yanmar-2gm-2gm20-3gm-3gmd-3gm30-service-kit","status":"publish","type":"product","link":"https:\/\/mps.digital-monkey.in\/de\/produkt\/yanmar-2gm-2gm20-3gm-3gmd-3gm30-service-kit\/","title":{"rendered":"Yanmar 2GM, 2GM20, 3GM, 3GMD, 3GM30 Service-Kit"},"content":{"rendered":"<p><strong>Yanmar 2GM, 2GM20, 3GM, 3GMD, 3GM30 Wartungskit (direkt gek\u00fchlt)  <\/strong><\/p>\n<p>&nbsp;<\/p>\n<p><strong>Dieses Set besteht aus:<\/strong><\/p>\n<ul>\n<li>Kraftstofffilter 104500-55710<\/li>\n<li>\u00d6lfilter 119305-35170<\/li>\n<li>Impeller 104211-42071<\/li>\n<li>Dichtung 104211-42090<\/li>\n<li>O-Ring 24341-000440<\/li>\n<\/ul>\n<p>&nbsp;<\/p>\n<p><strong>  Bestellen Sie bei Bedarf separat:  <\/strong><\/p>\n<ul>\n<li>Luftfilter<\/li>\n<li>Keilriemen (Wasserpumpe &amp; Lichtmaschine)<\/li>\n<li>Zink-Anoden<\/li>\n<li>Motor\u00f6l &amp; Getriebe- oder Saillantriebs\u00f6l<\/li>\n<\/ul>\n<p>&nbsp;<\/p>\n<p>ACHTUNG! Nicht geeignet f\u00fcr Modelle mit einem W\u00e4rmetauscher! NUR DIREKT GEK\u00dcHLT!  <\/p>\n","protected":false},"excerpt":{"rendered":"<p>Yanmar 2GM, 2GM20, 3GM, 3GMD, 3GM30 Wartungskit (direkt gek\u00fchlt) &nbsp; Dieses Set besteht aus: Kraftstofffilter 104500-55710 \u00d6lfilter 119305-35170 Impeller 104211-42071 Dichtung 104211-42090 O-Ring 24341-000440 &nbsp; Bestellen Sie bei Bedarf separat: Luftfilter Keilriemen (Wasserpumpe &amp; Lichtmaschine) Zink-Anoden Motor\u00f6l &amp; Getriebe- oder Saillantriebs\u00f6l &nbsp; ACHTUNG! Nicht geeignet f\u00fcr Modelle mit einem W\u00e4rmetauscher! NUR DIREKT GEK\u00dcHLT!<\/p>\n","protected":false},"featured_media":36250,"comment_status":"open","ping_status":"closed","template":"","meta":[],"product_brand":[4236],"product_cat":[4442,4443,2498,3202,4441,4531,4532],"product_tag":[],"class_list":{"0":"post-36249","1":"product","2":"type-product","3":"status-publish","4":"has-post-thumbnail","6":"product_brand-yanmar","7":"product_cat-2gm-2gm20-teile","8":"product_cat-3gm-3gm30-teile","9":"product_cat-ersatzteile-fur-motoren","10":"product_cat-service-kits","11":"product_cat-yanmar","12":"product_cat-yanmar-service-teile","13":"product_cat-yanmar-service-kits","14":"pa_condition-neu","15":"pa_model-2gm","16":"pa_model-2gm20","17":"pa_model-3gm","18":"pa_model-3gm30","19":"pa_model-3gmd","20":"pa_oem-or-aftermarket-oem","22":"first","23":"onbackorder","24":"taxable","25":"shipping-taxable","26":"purchasable","27":"product-type-simple"},"supplier_id":null,"supplier_sku":"","barcode":null,"atum_controlled":true,"out_stock_date":"2025-11-21 13:09:17","out_stock_threshold":null,"inheritable":false,"inbound_stock":null,"stock_on_hold":0,"sold_today":0,"sales_last_days":0,"reserved_stock":null,"customer_returns":null,"warehouse_damage":null,"lost_in_post":null,"other_logs":null,"out_stock_days":0,"lost_sales":0,"has_location":null,"update_date":"2025-11-21T13:09:35","atum_locations":[],"atum_stock_status":"onbackorder","restock_status":false,"low_stock_amount":"","sales_update_date":"2025-08-29T00:00:41","calc_backorders":0,"_links":{"self":[{"href":"https:\/\/mps.digital-monkey.in\/de\/wp-json\/wp\/v2\/product\/36249","targetHints":{"allow":["GET"]}}],"collection":[{"href":"https:\/\/mps.digital-monkey.in\/de\/wp-json\/wp\/v2\/product"}],"about":[{"href":"https:\/\/mps.digital-monkey.in\/de\/wp-json\/wp\/v2\/types\/product"}],"replies":[{"embeddable":true,"href":"https:\/\/mps.digital-monkey.in\/de\/wp-json\/wp\/v2\/comments?post=36249"}],"wp:featuredmedia":[{"embeddable":true,"href":"https:\/\/mps.digital-monkey.in\/de\/wp-json\/wp\/v2\/media\/36250"}],"wp:attachment":[{"href":"https:\/\/mps.digital-monkey.in\/de\/wp-json\/wp\/v2\/media?parent=36249"}],"wp:term":[{"taxonomy":"product_brand","embeddable":true,"href":"https:\/\/mps.digital-monkey.in\/de\/wp-json\/wp\/v2\/product_brand?post=36249"},{"taxonomy":"product_cat","embeddable":true,"href":"https:\/\/mps.digital-monkey.in\/de\/wp-json\/wp\/v2\/product_cat?post=36249"},{"taxonomy":"product_tag","embeddable":true,"href":"https:\/\/mps.digital-monkey.in\/de\/wp-json\/wp\/v2\/product_tag?post=36249"}],"curies":[{"name":"wp","href":"https:\/\/api.w.org\/{rel}","templated":true}]}}