{"id":36297,"date":"2025-06-17T14:11:16","date_gmt":"2025-06-17T14:11:16","guid":{"rendered":"https:\/\/mps.digital-monkey.in\/product\/yanmar-4jh3-4-turbo-wartungs-kit\/"},"modified":"2025-11-21T13:11:21","modified_gmt":"2025-11-21T13:11:21","slug":"yanmar-4jh3-4-turbo-wartungs-kit","status":"publish","type":"product","link":"https:\/\/mps.digital-monkey.in\/de\/product\/yanmar-4jh3-4-turbo-wartungs-kit\/","title":{"rendered":"Yanmar 4JH3\/4 (turbo) Wartungs-Kit"},"content":{"rendered":"<p><strong>Dieses Set enth\u00e4lt:<\/strong><\/p>\n<ul>\n<li>\u00d6lfilter<\/li>\n<li>Kraftstofffilter<\/li>\n<li>O-Ring f\u00fcr Kraftstofffilter<\/li>\n<li>Impeller<\/li>\n<li>Dichtung der K\u00fchlwasserpumpe<\/li>\n<\/ul>\n<p>&nbsp;<\/p>\n<p><strong>Optionale Artikel m\u00fcssen separat bestellt werden:<\/strong><\/p>\n<ul>\n<li>Keilriemen oder Keilrippenriemen<\/li>\n<li>Motor\u00f6l &amp; Getriebe- oder Segelantriebs\u00f6l<\/li>\n<\/ul>\n<p>&nbsp;<\/p>\n<p><strong>Bestellung f\u00fcr 4JH3E &amp; 4JH4E:<\/strong> SK-MARINE-010-G<\/p>\n<p><strong>Bestellung f\u00fcr 4JH4AE &amp; 4JH5:<\/strong> SK-MARINE-012-G<\/p>\n<p><strong> <\/strong><\/p>\n<p><strong>Kompatibel mit:<\/strong><br \/>\n4JH3 TE 75HP, 4JH3 HTE 100HP, 4JH3 DTE 125HP, 4JH4 TE 75HP, 4JH4 HTE 110HP<\/p>\n","protected":false},"excerpt":{"rendered":"<p>Dieses Set enth\u00e4lt: \u00d6lfilter Kraftstofffilter O-Ring f\u00fcr Kraftstofffilter Impeller Dichtung der K\u00fchlwasserpumpe &nbsp; Optionale Artikel m\u00fcssen separat bestellt werden: Keilriemen oder Keilrippenriemen Motor\u00f6l &amp; Getriebe- oder Segelantriebs\u00f6l &nbsp; Bestellung f\u00fcr 4JH3E &amp; 4JH4E: SK-MARINE-010-G Bestellung f\u00fcr 4JH4AE &amp; 4JH5: SK-MARINE-012-G Kompatibel mit: 4JH3 TE 75HP, 4JH3 HTE 100HP, 4JH3 DTE 125HP, 4JH4 TE 75HP, 4JH4 [&hellip;]<\/p>\n","protected":false},"featured_media":36298,"comment_status":"open","ping_status":"closed","template":"","meta":[],"product_brand":[4236],"product_cat":[2498,3202,4531,4532],"product_tag":[],"class_list":{"0":"post-36297","1":"product","2":"type-product","3":"status-publish","4":"has-post-thumbnail","6":"product_brand-yanmar","7":"product_cat-ersatzteile-fur-motoren","8":"product_cat-service-kits","9":"product_cat-yanmar-service-teile","10":"product_cat-yanmar-service-kits","11":"pa_condition-neu","12":"pa_model-4jh3-dte","13":"pa_model-4jh3-hte","14":"pa_model-4jh3-te","15":"pa_model-4jh4-hte","16":"pa_model-4jh4-te","17":"pa_oem-or-aftermarket-oem","19":"first","20":"onbackorder","21":"taxable","22":"shipping-taxable","23":"purchasable","24":"product-type-simple"},"supplier_id":null,"supplier_sku":"","barcode":null,"atum_controlled":true,"out_stock_date":"2025-11-21 13:08:38","out_stock_threshold":null,"inheritable":false,"inbound_stock":null,"stock_on_hold":0,"sold_today":0,"sales_last_days":0,"reserved_stock":null,"customer_returns":null,"warehouse_damage":null,"lost_in_post":null,"other_logs":null,"out_stock_days":0,"lost_sales":0,"has_location":null,"update_date":"2025-11-21T13:09:35","atum_locations":[],"atum_stock_status":"onbackorder","restock_status":false,"low_stock_amount":"","sales_update_date":"2025-08-29T00:00:41","calc_backorders":0,"_links":{"self":[{"href":"https:\/\/mps.digital-monkey.in\/de\/wp-json\/wp\/v2\/product\/36297","targetHints":{"allow":["GET"]}}],"collection":[{"href":"https:\/\/mps.digital-monkey.in\/de\/wp-json\/wp\/v2\/product"}],"about":[{"href":"https:\/\/mps.digital-monkey.in\/de\/wp-json\/wp\/v2\/types\/product"}],"replies":[{"embeddable":true,"href":"https:\/\/mps.digital-monkey.in\/de\/wp-json\/wp\/v2\/comments?post=36297"}],"wp:featuredmedia":[{"embeddable":true,"href":"https:\/\/mps.digital-monkey.in\/de\/wp-json\/wp\/v2\/media\/36298"}],"wp:attachment":[{"href":"https:\/\/mps.digital-monkey.in\/de\/wp-json\/wp\/v2\/media?parent=36297"}],"wp:term":[{"taxonomy":"product_brand","embeddable":true,"href":"https:\/\/mps.digital-monkey.in\/de\/wp-json\/wp\/v2\/product_brand?post=36297"},{"taxonomy":"product_cat","embeddable":true,"href":"https:\/\/mps.digital-monkey.in\/de\/wp-json\/wp\/v2\/product_cat?post=36297"},{"taxonomy":"product_tag","embeddable":true,"href":"https:\/\/mps.digital-monkey.in\/de\/wp-json\/wp\/v2\/product_tag?post=36297"}],"curies":[{"name":"wp","href":"https:\/\/api.w.org\/{rel}","templated":true}]}}