{"id":36309,"date":"2025-06-17T14:11:16","date_gmt":"2025-06-17T14:11:16","guid":{"rendered":"https:\/\/mps.digital-monkey.in\/product\/yanmar-4jh2-ute-wartungskit\/"},"modified":"2025-11-21T13:11:39","modified_gmt":"2025-11-21T13:11:39","slug":"yanmar-4jh2-ute-wartungskit","status":"publish","type":"product","link":"https:\/\/mps.digital-monkey.in\/de\/produkt\/yanmar-4jh2-ute-wartungskit\/","title":{"rendered":"Yanmar 4JH2-UTE Wartungskit"},"content":{"rendered":"<p><strong>Dieses Set besteht aus:<\/strong><\/p>\n<ul>\n<li>\u00d6lfilter<\/li>\n<li>Kraftstofffilter<\/li>\n<li>O-Ring f\u00fcr Kraftstofffilter<\/li>\n<li>Impeller und Dichtung<\/li>\n<\/ul>\n<p>&nbsp;<\/p>\n<p><strong>Bestellen Sie bei Bedarf separat:<\/strong><\/p>\n<p>Luftfilter<\/p>\n<p>Keilriemen<\/p>\n<p>Motor\u00f6l &amp; Getriebe- oder Saillantriebs\u00f6l<\/p>\n","protected":false},"excerpt":{"rendered":"<p>Dieses Set besteht aus: \u00d6lfilter Kraftstofffilter O-Ring f\u00fcr Kraftstofffilter Impeller und Dichtung &nbsp; Bestellen Sie bei Bedarf separat: Luftfilter Keilriemen Motor\u00f6l &amp; Getriebe- oder Saillantriebs\u00f6l<\/p>\n","protected":false},"featured_media":36310,"comment_status":"open","ping_status":"closed","template":"","meta":[],"product_brand":[4236],"product_cat":[2498,3202,4531,4532],"product_tag":[],"class_list":{"0":"post-36309","1":"product","2":"type-product","3":"status-publish","4":"has-post-thumbnail","6":"product_brand-yanmar","7":"product_cat-ersatzteile-fur-motoren","8":"product_cat-service-kits","9":"product_cat-yanmar-service-teile","10":"product_cat-yanmar-service-kits","11":"pa_condition-neu","12":"pa_model-4jh2ute","13":"pa_oem-or-aftermarket-oem","15":"first","16":"onbackorder","17":"taxable","18":"shipping-taxable","19":"purchasable","20":"product-type-simple"},"supplier_id":null,"supplier_sku":"","barcode":null,"atum_controlled":true,"out_stock_date":"2025-11-21 13:08:30","out_stock_threshold":null,"inheritable":false,"inbound_stock":null,"stock_on_hold":0,"sold_today":0,"sales_last_days":0,"reserved_stock":null,"customer_returns":null,"warehouse_damage":null,"lost_in_post":null,"other_logs":null,"out_stock_days":0,"lost_sales":0,"has_location":null,"update_date":"2025-11-21T13:09:35","atum_locations":[],"atum_stock_status":"onbackorder","restock_status":false,"low_stock_amount":"","sales_update_date":"2025-08-29T00:00:41","calc_backorders":0,"_links":{"self":[{"href":"https:\/\/mps.digital-monkey.in\/de\/wp-json\/wp\/v2\/product\/36309","targetHints":{"allow":["GET"]}}],"collection":[{"href":"https:\/\/mps.digital-monkey.in\/de\/wp-json\/wp\/v2\/product"}],"about":[{"href":"https:\/\/mps.digital-monkey.in\/de\/wp-json\/wp\/v2\/types\/product"}],"replies":[{"embeddable":true,"href":"https:\/\/mps.digital-monkey.in\/de\/wp-json\/wp\/v2\/comments?post=36309"}],"wp:featuredmedia":[{"embeddable":true,"href":"https:\/\/mps.digital-monkey.in\/de\/wp-json\/wp\/v2\/media\/36310"}],"wp:attachment":[{"href":"https:\/\/mps.digital-monkey.in\/de\/wp-json\/wp\/v2\/media?parent=36309"}],"wp:term":[{"taxonomy":"product_brand","embeddable":true,"href":"https:\/\/mps.digital-monkey.in\/de\/wp-json\/wp\/v2\/product_brand?post=36309"},{"taxonomy":"product_cat","embeddable":true,"href":"https:\/\/mps.digital-monkey.in\/de\/wp-json\/wp\/v2\/product_cat?post=36309"},{"taxonomy":"product_tag","embeddable":true,"href":"https:\/\/mps.digital-monkey.in\/de\/wp-json\/wp\/v2\/product_tag?post=36309"}],"curies":[{"name":"wp","href":"https:\/\/api.w.org\/{rel}","templated":true}]}}