{"id":36464,"date":"2025-06-17T14:12:12","date_gmt":"2025-06-17T14:12:12","guid":{"rendered":"https:\/\/mps.digital-monkey.in\/product\/vetus-15w-40-oel\/"},"modified":"2026-02-27T11:00:53","modified_gmt":"2026-02-27T11:00:53","slug":"vetus-15w-40-oel","status":"publish","type":"product","link":"https:\/\/mps.digital-monkey.in\/de\/produkt\/vetus-15w-40-oel\/","title":{"rendered":"Vetus 15W-40 \u00d6l"},"content":{"rendered":"<p>Marine Diesel Motormineral\u00f6l ist f\u00fcr alle modernen VETUS marinisierten Dieselmotoren und Generators\u00e4tze geeignet. Es erf\u00fcllt die h\u00f6chsten Standards f\u00fcr Schiffsdieselmotoren, sowohl mit als auch ohne Turboaufladung, und ist mit moderner Ventiltechnik kompatibel. <\/p>\n<p>&nbsp;<\/p>\n<p>&nbsp;<\/p>\n","protected":false},"excerpt":{"rendered":"<p>Marine Diesel Motormineral\u00f6l ist f\u00fcr alle modernen VETUS marinisierten Dieselmotoren und Generators\u00e4tze geeignet. Es erf\u00fcllt die h\u00f6chsten Standards f\u00fcr Schiffsdieselmotoren, sowohl mit als auch ohne Turboaufladung, und ist mit moderner Ventiltechnik kompatibel. &nbsp; &nbsp;<\/p>\n","protected":false},"featured_media":36465,"comment_status":"open","ping_status":"closed","template":"","meta":[],"product_brand":[4242],"product_cat":[2498,2726,2725,4541,4542,4485],"product_tag":[],"class_list":{"0":"post-36464","1":"product","2":"type-product","3":"status-publish","4":"has-post-thumbnail","6":"product_brand-vetus","7":"product_cat-ersatzteile-fur-motoren","8":"product_cat-ol","9":"product_cat-ole-flussigkeiten","10":"product_cat-vetus","11":"product_cat-vetus-service-teile","12":"product_cat-volvo-penta-ol","13":"pa_condition-neu","14":"pa_oem-or-aftermarket-oem","16":"first","17":"onbackorder","18":"taxable","19":"shipping-taxable","20":"purchasable","21":"product-type-variable"},"supplier_id":null,"supplier_sku":"","barcode":null,"atum_controlled":true,"out_stock_date":"2025-11-21 13:17:24","out_stock_threshold":null,"inheritable":true,"inbound_stock":0,"stock_on_hold":1,"sold_today":1,"sales_last_days":1,"reserved_stock":0,"customer_returns":0,"warehouse_damage":0,"lost_in_post":0,"other_logs":0,"out_stock_days":8,"lost_sales":0,"has_location":false,"update_date":"2026-03-18T14:55:47","atum_locations":[],"atum_stock_status":"onbackorder","restock_status":false,"low_stock_amount":"","sales_update_date":"2025-12-03T10:47:50","calc_backorders":0,"_links":{"self":[{"href":"https:\/\/mps.digital-monkey.in\/de\/wp-json\/wp\/v2\/product\/36464","targetHints":{"allow":["GET"]}}],"collection":[{"href":"https:\/\/mps.digital-monkey.in\/de\/wp-json\/wp\/v2\/product"}],"about":[{"href":"https:\/\/mps.digital-monkey.in\/de\/wp-json\/wp\/v2\/types\/product"}],"replies":[{"embeddable":true,"href":"https:\/\/mps.digital-monkey.in\/de\/wp-json\/wp\/v2\/comments?post=36464"}],"wp:featuredmedia":[{"embeddable":true,"href":"https:\/\/mps.digital-monkey.in\/de\/wp-json\/wp\/v2\/media\/36465"}],"wp:attachment":[{"href":"https:\/\/mps.digital-monkey.in\/de\/wp-json\/wp\/v2\/media?parent=36464"}],"wp:term":[{"taxonomy":"product_brand","embeddable":true,"href":"https:\/\/mps.digital-monkey.in\/de\/wp-json\/wp\/v2\/product_brand?post=36464"},{"taxonomy":"product_cat","embeddable":true,"href":"https:\/\/mps.digital-monkey.in\/de\/wp-json\/wp\/v2\/product_cat?post=36464"},{"taxonomy":"product_tag","embeddable":true,"href":"https:\/\/mps.digital-monkey.in\/de\/wp-json\/wp\/v2\/product_tag?post=36464"}],"curies":[{"name":"wp","href":"https:\/\/api.w.org\/{rel}","templated":true}]}}