{"id":36531,"date":"2025-06-17T14:12:14","date_gmt":"2025-06-17T14:12:14","guid":{"rendered":"https:\/\/mps.digital-monkey.in\/product\/vetus-ersatz-filtereinsatz-ws180fe\/"},"modified":"2025-11-29T09:48:20","modified_gmt":"2025-11-29T09:48:20","slug":"vetus-ersatz-filtereinsatz-ws180fe","status":"publish","type":"product","link":"https:\/\/mps.digital-monkey.in\/de\/product\/vetus-ersatz-filtereinsatz-ws180fe\/","title":{"rendered":"Vetus Ersatz-Filtereinsatz WS180FE"},"content":{"rendered":"<p><strong>Der WS180FE ist ein Ersatzfilterelement f\u00fcr den WS180 und WS720 Wasserabscheider\/Grobfilter. Dieses Filterelement sollte j\u00e4hrlich ausgetauscht werden. <\/strong><\/p>\n<p><strong> <\/strong><\/p>\n<p>Vetus Filterelement WS180FE f\u00fcr Wasserabscheider Typ WS180.<\/p>\n<p>Ersatzelement f\u00fcr WS 180 Kraftstofffilter\/Wasserabscheider.<\/p>\n<p>Ersetzen Sie ihn nach etwa 200 Betriebsstunden. Maximale Durchflusskapazit\u00e4t: 180 Liter pro Stunde (40 Gallonen). Der WS180 Filter von Vetus ist sowohl f\u00fcr Dieselkraftstoff als auch f\u00fcr Benzin geeignet. Dieser Filter erf\u00fcllt die Anforderungen des Feuertests gem\u00e4\u00df ISO 1008 + ISO 7840. Der Filter sollte so nah wie m\u00f6glich am Kraftstofftank angebracht werden. Der Kraftstofffilter-Wasserabscheider muss vertikal eingebaut werden.     <\/p>\n<p>&nbsp;<\/p>\n","protected":false},"excerpt":{"rendered":"<p>Der WS180FE ist ein Ersatzfilterelement f\u00fcr den WS180 und WS720 Wasserabscheider\/Grobfilter. Dieses Filterelement sollte j\u00e4hrlich ausgetauscht werden. Vetus Filterelement WS180FE f\u00fcr Wasserabscheider Typ WS180. Ersatzelement f\u00fcr WS 180 Kraftstofffilter\/Wasserabscheider. Ersetzen Sie ihn nach etwa 200 Betriebsstunden. Maximale Durchflusskapazit\u00e4t: 180 Liter pro Stunde (40 Gallonen). Der WS180 Filter von Vetus ist sowohl f\u00fcr Dieselkraftstoff als auch [&hellip;]<\/p>\n","protected":false},"featured_media":36532,"comment_status":"open","ping_status":"closed","template":"","meta":[],"product_brand":[4242],"product_cat":[2498,2681,4541,4578,4542],"product_tag":[],"class_list":{"0":"post-36531","1":"product","2":"type-product","3":"status-publish","4":"has-post-thumbnail","6":"product_brand-vetus","7":"product_cat-ersatzteile-fur-motoren","8":"product_cat-kraftstofffilter","9":"product_cat-vetus","10":"product_cat-vetus-kraftstofffilter","11":"product_cat-vetus-service-teile","13":"first","14":"onbackorder","15":"taxable","16":"shipping-taxable","17":"purchasable","18":"product-type-simple"},"supplier_id":null,"supplier_sku":"","barcode":null,"atum_controlled":true,"out_stock_date":"2025-11-29 09:47:17","out_stock_threshold":null,"inheritable":false,"inbound_stock":null,"stock_on_hold":0,"sold_today":0,"sales_last_days":0,"reserved_stock":null,"customer_returns":null,"warehouse_damage":null,"lost_in_post":null,"other_logs":null,"out_stock_days":0,"lost_sales":0,"has_location":null,"update_date":"2025-11-29T09:47:29","atum_locations":[],"atum_stock_status":"onbackorder","restock_status":false,"low_stock_amount":"","sales_update_date":"2025-08-29T00:00:42","calc_backorders":0,"_links":{"self":[{"href":"https:\/\/mps.digital-monkey.in\/de\/wp-json\/wp\/v2\/product\/36531","targetHints":{"allow":["GET"]}}],"collection":[{"href":"https:\/\/mps.digital-monkey.in\/de\/wp-json\/wp\/v2\/product"}],"about":[{"href":"https:\/\/mps.digital-monkey.in\/de\/wp-json\/wp\/v2\/types\/product"}],"replies":[{"embeddable":true,"href":"https:\/\/mps.digital-monkey.in\/de\/wp-json\/wp\/v2\/comments?post=36531"}],"wp:featuredmedia":[{"embeddable":true,"href":"https:\/\/mps.digital-monkey.in\/de\/wp-json\/wp\/v2\/media\/36532"}],"wp:attachment":[{"href":"https:\/\/mps.digital-monkey.in\/de\/wp-json\/wp\/v2\/media?parent=36531"}],"wp:term":[{"taxonomy":"product_brand","embeddable":true,"href":"https:\/\/mps.digital-monkey.in\/de\/wp-json\/wp\/v2\/product_brand?post=36531"},{"taxonomy":"product_cat","embeddable":true,"href":"https:\/\/mps.digital-monkey.in\/de\/wp-json\/wp\/v2\/product_cat?post=36531"},{"taxonomy":"product_tag","embeddable":true,"href":"https:\/\/mps.digital-monkey.in\/de\/wp-json\/wp\/v2\/product_tag?post=36531"}],"curies":[{"name":"wp","href":"https:\/\/api.w.org\/{rel}","templated":true}]}}