{"id":36549,"date":"2025-06-17T14:12:39","date_gmt":"2025-06-17T14:12:39","guid":{"rendered":"https:\/\/mps.digital-monkey.in\/product\/vetus-flexible-wellendichtung-25mm-zwbh25\/"},"modified":"2025-11-21T13:20:34","modified_gmt":"2025-11-21T13:20:34","slug":"vetus-flexible-wellendichtung-25mm-zwbh25","status":"publish","type":"product","link":"https:\/\/mps.digital-monkey.in\/de\/produkt\/vetus-flexible-wellendichtung-25mm-zwbh25\/","title":{"rendered":"Vetus Flexible Wellendichtung 25mm ZWBH25"},"content":{"rendered":"<p>Die ZWBH-Dichtungen sind f\u00fcr die Verwendung mit wassergeschmierten Wellen konzipiert. Das neue Design besteht jetzt aus einer einzigen Einheit und funktioniert \u00e4hnlich wie die bekannte ZWB, jedoch mit der zus\u00e4tzlichen Sicherheit von drei Lippen anstelle von zwei. Diese Dichtungen minimieren die Reibung, sind \u00f6l- und fettbest\u00e4ndig und verf\u00fcgen \u00fcber eine eigene Wasser- (\u00f8 10 mm) und Fettzufuhr (\u00f8 6,5 mm).  <\/p>\n<p>VETUS empfiehlt, die Dichtung j\u00e4hrlich mit Silikonfett zu schmieren, um sie in optimalem Zustand zu halten. Die ZWBH-Dichtungen k\u00f6nnen Temperaturen von -15\u00b0C bis +85\u00b0C standhalten und eignen sich hervorragend f\u00fcr Bronze-, Stahl- und Polyesterrohre. Das Kit enth\u00e4lt zwei Schlauchschellen aus Edelstahl und Lagerfett.  <\/p>\n<p>&nbsp;<\/p>\n<p><strong>Merkmale:<\/strong><\/p>\n<ul>\n<li><strong>Absorption von St\u00f6\u00dfen und Vibrationen:<\/strong> Flexibles Design, um St\u00f6\u00dfe und Vibrationen zu absorbieren.<\/li>\n<li><strong>Dreifachlippendichtung:<\/strong> Drei Lippen halten das Wasser fern.<\/li>\n<li><strong>Langlebiges Material:<\/strong> Hergestellt aus 65-70 Shore NBR-Gummi f\u00fcr eine lange Lebensdauer.<\/li>\n<li><strong>Integrierte Wasser- und Fettversorgung:<\/strong> Umfasst eine eigene Wasser- und Fettversorgung.<\/li>\n<li><strong>Erh\u00e4ltlich in 3 Gr\u00f6\u00dfen:<\/strong> Anpassbar an verschiedene Schaftgr\u00f6\u00dfen.<\/li>\n<\/ul>\n<p><strong> <\/strong><\/p>\n<p><strong>Spezifikationen:<\/strong><\/p>\n<ul>\n<li><strong>Gr\u00f6\u00dfe des Schafts:<\/strong> 25 mm<\/li>\n<li><strong>Siegel L\u00e4nge:<\/strong> 138 mm<\/li>\n<li><strong>Gr\u00f6\u00dfe des Schaftrohrs:<\/strong> 43 mm<\/li>\n<\/ul>\n","protected":false},"excerpt":{"rendered":"<p>Die ZWBH-Dichtungen sind f\u00fcr die Verwendung mit wassergeschmierten Wellen konzipiert. Das neue Design besteht jetzt aus einer einzigen Einheit und funktioniert \u00e4hnlich wie die bekannte ZWB, jedoch mit der zus\u00e4tzlichen Sicherheit von drei Lippen anstelle von zwei. Diese Dichtungen minimieren die Reibung, sind \u00f6l- und fettbest\u00e4ndig und verf\u00fcgen \u00fcber eine eigene Wasser- (\u00f8 10 mm) [&hellip;]<\/p>\n","protected":false},"featured_media":36550,"comment_status":"open","ping_status":"closed","template":"","meta":[],"product_brand":[4242],"product_cat":[2498,3630,4541,4542],"product_tag":[],"class_list":{"0":"post-36549","1":"product","2":"type-product","3":"status-publish","4":"has-post-thumbnail","6":"product_brand-vetus","7":"product_cat-ersatzteile-fur-motoren","8":"product_cat-stopfbuchse","9":"product_cat-vetus","10":"product_cat-vetus-service-teile","12":"first","13":"instock","14":"taxable","15":"shipping-taxable","16":"purchasable","17":"product-type-simple"},"supplier_id":null,"supplier_sku":"","barcode":null,"atum_controlled":true,"out_stock_date":null,"out_stock_threshold":null,"inheritable":false,"inbound_stock":0,"stock_on_hold":0,"sold_today":0,"sales_last_days":0,"reserved_stock":null,"customer_returns":null,"warehouse_damage":null,"lost_in_post":null,"other_logs":null,"out_stock_days":0,"lost_sales":0,"has_location":null,"update_date":"2026-03-13T12:22:11","atum_locations":[],"atum_stock_status":"instock","restock_status":false,"low_stock_amount":"","sales_update_date":null,"calc_backorders":0,"_links":{"self":[{"href":"https:\/\/mps.digital-monkey.in\/de\/wp-json\/wp\/v2\/product\/36549","targetHints":{"allow":["GET"]}}],"collection":[{"href":"https:\/\/mps.digital-monkey.in\/de\/wp-json\/wp\/v2\/product"}],"about":[{"href":"https:\/\/mps.digital-monkey.in\/de\/wp-json\/wp\/v2\/types\/product"}],"replies":[{"embeddable":true,"href":"https:\/\/mps.digital-monkey.in\/de\/wp-json\/wp\/v2\/comments?post=36549"}],"wp:featuredmedia":[{"embeddable":true,"href":"https:\/\/mps.digital-monkey.in\/de\/wp-json\/wp\/v2\/media\/36550"}],"wp:attachment":[{"href":"https:\/\/mps.digital-monkey.in\/de\/wp-json\/wp\/v2\/media?parent=36549"}],"wp:term":[{"taxonomy":"product_brand","embeddable":true,"href":"https:\/\/mps.digital-monkey.in\/de\/wp-json\/wp\/v2\/product_brand?post=36549"},{"taxonomy":"product_cat","embeddable":true,"href":"https:\/\/mps.digital-monkey.in\/de\/wp-json\/wp\/v2\/product_cat?post=36549"},{"taxonomy":"product_tag","embeddable":true,"href":"https:\/\/mps.digital-monkey.in\/de\/wp-json\/wp\/v2\/product_tag?post=36549"}],"curies":[{"name":"wp","href":"https:\/\/api.w.org\/{rel}","templated":true}]}}