{"id":36599,"date":"2025-06-17T14:12:40","date_gmt":"2025-06-17T14:12:40","guid":{"rendered":"https:\/\/mps.digital-monkey.in\/product\/vetus-flexibler-wellendichtring-30mm-zwbh30\/"},"modified":"2025-11-21T13:21:36","modified_gmt":"2025-11-21T13:21:36","slug":"vetus-flexibler-wellendichtring-30mm-zwbh30","status":"publish","type":"product","link":"https:\/\/mps.digital-monkey.in\/de\/produkt\/vetus-flexibler-wellendichtring-30mm-zwbh30\/","title":{"rendered":"Vetus Flexibler Wellendichtring 30mm ZWBH30"},"content":{"rendered":"<p>ZWBH-Dichtungen sind f\u00fcr die Verwendung mit wassergeschmierten Wellen konzipiert. Das neue Design ist jetzt eine einzige Einheit und funktioniert \u00e4hnlich wie die bekannte ZWB, jedoch mit der zus\u00e4tzlichen Sicherheit von drei statt zwei Lippen.  Diese Dichtungen bieten minimale Reibung, sind \u00f6l- und fettbest\u00e4ndig und verf\u00fcgen \u00fcber eine eigene Wasser- (\u00f8 10 mm) und Fettzufuhr (\u00f8 6,5 mm).<\/p>\n<p>VETUS empfiehlt, die Dichtung j\u00e4hrlich mit Silikonfett zu schmieren, um sie in Topform zu halten. Die ZWBH-Dichtungen k\u00f6nnen Temperaturen von -15\u00b0C bis +85\u00b0C standhalten und eignen sich hervorragend f\u00fcr Bronze-, Stahl- und Polyesterrohre. Das Set enth\u00e4lt zwei Schlauchschellen aus Edelstahl und Lagerfett.  <\/p>\n<p><strong> <\/strong><\/p>\n<p><strong>Merkmale:<\/strong><\/p>\n<ul>\n<li><strong>Flexibles Design:<\/strong> Absorbiert St\u00f6\u00dfe und Vibrationen.<\/li>\n<li><strong>Dreifache Lippendichtung:<\/strong> H\u00e4lt Wasser effektiv fern.<\/li>\n<li><strong>Langlebiges Material:<\/strong> Hergestellt aus 65-70 Shore NBR-Gummi f\u00fcr eine lange Lebensdauer.<\/li>\n<li><strong>Integrierte Wasser- und Fettversorgung:<\/strong> Umfasst eine eigene Wasser- und Fettversorgung.<\/li>\n<li><strong>Erh\u00e4ltlich in 3 Gr\u00f6\u00dfen:<\/strong> Anpassbar an verschiedene Schaftgr\u00f6\u00dfen.<\/li>\n<\/ul>\n<p><strong> <\/strong><\/p>\n<p><strong>Spezifikationen:<\/strong><\/p>\n<ul>\n<li><strong>Gr\u00f6\u00dfe des Schafts:<\/strong> 30 mm<\/li>\n<li><strong>Siegel L\u00e4nge:<\/strong> 138 mm<\/li>\n<li><strong>Gr\u00f6\u00dfe des Schaftrohrs:<\/strong> 50 mm<\/li>\n<\/ul>\n<p>&nbsp;<\/p>\n","protected":false},"excerpt":{"rendered":"<p>ZWBH-Dichtungen sind f\u00fcr die Verwendung mit wassergeschmierten Wellen konzipiert. Das neue Design ist jetzt eine einzige Einheit und funktioniert \u00e4hnlich wie die bekannte ZWB, jedoch mit der zus\u00e4tzlichen Sicherheit von drei statt zwei Lippen. Diese Dichtungen bieten minimale Reibung, sind \u00f6l- und fettbest\u00e4ndig und verf\u00fcgen \u00fcber eine eigene Wasser- (\u00f8 10 mm) und Fettzufuhr (\u00f8 [&hellip;]<\/p>\n","protected":false},"featured_media":36595,"comment_status":"open","ping_status":"closed","template":"","meta":[],"product_brand":[4242],"product_cat":[2498,3630,4541,4542],"product_tag":[],"class_list":{"0":"post-36599","1":"product","2":"type-product","3":"status-publish","4":"has-post-thumbnail","6":"product_brand-vetus","7":"product_cat-ersatzteile-fur-motoren","8":"product_cat-stopfbuchse","9":"product_cat-vetus","10":"product_cat-vetus-service-teile","12":"first","13":"onbackorder","14":"taxable","15":"shipping-taxable","16":"purchasable","17":"product-type-simple"},"supplier_id":null,"supplier_sku":"","barcode":null,"atum_controlled":true,"out_stock_date":null,"out_stock_threshold":null,"inheritable":false,"inbound_stock":null,"stock_on_hold":1,"sold_today":1,"sales_last_days":1,"reserved_stock":null,"customer_returns":null,"warehouse_damage":null,"lost_in_post":null,"other_logs":null,"out_stock_days":0,"lost_sales":0,"has_location":null,"update_date":"2025-11-21T13:19:10","atum_locations":[],"atum_stock_status":"onbackorder","restock_status":false,"low_stock_amount":"","sales_update_date":"2025-11-08T15:20:11","calc_backorders":-1,"_links":{"self":[{"href":"https:\/\/mps.digital-monkey.in\/de\/wp-json\/wp\/v2\/product\/36599","targetHints":{"allow":["GET"]}}],"collection":[{"href":"https:\/\/mps.digital-monkey.in\/de\/wp-json\/wp\/v2\/product"}],"about":[{"href":"https:\/\/mps.digital-monkey.in\/de\/wp-json\/wp\/v2\/types\/product"}],"replies":[{"embeddable":true,"href":"https:\/\/mps.digital-monkey.in\/de\/wp-json\/wp\/v2\/comments?post=36599"}],"wp:featuredmedia":[{"embeddable":true,"href":"https:\/\/mps.digital-monkey.in\/de\/wp-json\/wp\/v2\/media\/36595"}],"wp:attachment":[{"href":"https:\/\/mps.digital-monkey.in\/de\/wp-json\/wp\/v2\/media?parent=36599"}],"wp:term":[{"taxonomy":"product_brand","embeddable":true,"href":"https:\/\/mps.digital-monkey.in\/de\/wp-json\/wp\/v2\/product_brand?post=36599"},{"taxonomy":"product_cat","embeddable":true,"href":"https:\/\/mps.digital-monkey.in\/de\/wp-json\/wp\/v2\/product_cat?post=36599"},{"taxonomy":"product_tag","embeddable":true,"href":"https:\/\/mps.digital-monkey.in\/de\/wp-json\/wp\/v2\/product_tag?post=36599"}],"curies":[{"name":"wp","href":"https:\/\/api.w.org\/{rel}","templated":true}]}}